{"id":1080,"date":"2019-09-11T10:56:56","date_gmt":"2019-09-11T08:56:56","guid":{"rendered":"http:\/\/www.polenallergie.de\/?page_id=1080"},"modified":"2019-09-11T11:03:54","modified_gmt":"2019-09-11T09:03:54","slug":"bester-quartet-2012","status":"publish","type":"page","link":"https:\/\/www.polenallergie.de\/index.php\/bester-quartet-2012\/","title":{"rendered":"Bester Quartet 2012"},"content":{"rendered":"<p>[et_pb_section fb_built=&#8220;1&#8243; admin_label=&#8220;Gallery&#8220; _builder_version=&#8220;3.27.2&#8243; use_background_color_gradient=&#8220;on&#8220; background_color_gradient_start=&#8220;rgba(239,86,86,0.82)&#8220; background_color_gradient_end=&#8220;rgba(68,45,133,0.79)&#8220; min_height=&#8220;609px&#8220; custom_margin=&#8220;||||false|false&#8220; custom_padding=&#8220;||100px|||&#8220; locked=&#8220;off&#8220; fb_built=&#8220;1&#8243; _i=&#8220;0&#8243; _address=&#8220;0&#8243;][et_pb_row column_structure=&#8220;1_2,1_2&#8243; use_custom_gutter=&#8220;on&#8220; gutter_width=&#8220;1&#8243; _builder_version=&#8220;3.25.3&#8243; transform_scale_last_edited=&#8220;on|desktop&#8220; transform_translate=&#8220;2vw|0px&#8220; transform_translate_tablet=&#8220;0px|0px&#8220; transform_translate_last_edited=&#8220;on|desktop&#8220; transform_translate_linked=&#8220;off&#8220; transform_rotate_last_edited=&#8220;on|desktop&#8220; transform_skew_last_edited=&#8220;on|desktop&#8220; transform_origin_last_edited=&#8220;on|desktop&#8220; transform_styles_last_edited=&#8220;on|desktop&#8220; custom_padding=&#8220;0px||0px||true|&#8220; _i=&#8220;0&#8243; _address=&#8220;0.0&#8243;][et_pb_column type=&#8220;1_2&#8243; _builder_version=&#8220;3.25.3&#8243; custom_padding__hover=&#8220;|||&#8220; _i=&#8220;0&#8243; _address=&#8220;0.0.0&#8243;][\/et_pb_column][et_pb_column type=&#8220;1_2&#8243; _builder_version=&#8220;3.25.3&#8243; custom_padding__hover=&#8220;|||&#8220; _i=&#8220;1&#8243; _address=&#8220;0.0.1&#8243;][et_pb_image src=&#8220;https:\/\/www.polenallergie.de\/pa\/wp-content\/uploads\/2019\/09\/bester3.jpg&#8220; align_last_edited=&#8220;on|desktop&#8220; _builder_version=&#8220;3.27.2&#8243; box_shadow_style=&#8220;preset3&#8243; box_shadow_vertical=&#8220;40px&#8220; box_shadow_blur=&#8220;80px&#8220; box_shadow_color=&#8220;rgba(131,146,167,0.15)&#8220; custom_margin=&#8220;|-8vw|0px||false|false&#8220; custom_margin_tablet=&#8220;0px|0vw||&#8220; custom_margin_last_edited=&#8220;on|desktop&#8220; custom_padding=&#8220;||0px|||&#8220; _i=&#8220;0&#8243; _address=&#8220;0.0.1.0&#8243;][\/et_pb_image][\/et_pb_column][\/et_pb_row][et_pb_row column_structure=&#8220;1_2,1_2&#8243; use_custom_gutter=&#8220;on&#8220; gutter_width=&#8220;1&#8243; _builder_version=&#8220;3.25.3&#8243; transform_scale_last_edited=&#8220;on|desktop&#8220; transform_translate=&#8220;2vw|0px&#8220; transform_translate_tablet=&#8220;0px|0px&#8220; transform_translate_last_edited=&#8220;on|desktop&#8220; transform_translate_linked=&#8220;off&#8220; transform_rotate_last_edited=&#8220;on|desktop&#8220; transform_skew_last_edited=&#8220;on|desktop&#8220; transform_origin_last_edited=&#8220;on|desktop&#8220; transform_styles_last_edited=&#8220;on|desktop&#8220; custom_padding=&#8220;0px||0px||true|&#8220; _i=&#8220;1&#8243; _address=&#8220;0.1&#8243;][et_pb_column type=&#8220;1_2&#8243; _builder_version=&#8220;3.25.3&#8243; custom_padding__hover=&#8220;|||&#8220; _i=&#8220;0&#8243; _address=&#8220;0.1.0&#8243;][et_pb_button button_url=&#8220;#&#8220; button_text=&#8220;Bester Quartet | Jazz &#038; Klezmer&#8220; button_alignment=&#8220;right&#8220; button_alignment_tablet=&#8220;left&#8220; button_alignment_phone=&#8220;left&#8220; button_alignment_last_edited=&#8220;on|desktop&#8220; _builder_version=&#8220;3.27.2&#8243; custom_button=&#8220;on&#8220; button_text_size=&#8220;14px&#8220; button_text_color=&#8220;#ffffff&#8220; button_bg_color=&#8220;#f46aa0&#8243; button_bg_use_color_gradient=&#8220;on&#8220; button_bg_color_gradient_start=&#8220;#ffb397&#8243; button_bg_color_gradient_end=&#8220;#f46aa0&#8243; button_bg_color_gradient_direction=&#8220;90deg&#8220; button_border_width=&#8220;0px&#8220; button_border_color=&#8220;rgba(0,0,0,0)&#8220; button_border_radius=&#8220;0px&#8220; button_letter_spacing=&#8220;5px&#8220; button_font=&#8220;Open Sans|700||on|||||&#8220; button_use_icon=&#8220;off&#8220; box_shadow_style=&#8220;preset3&#8243; box_shadow_vertical=&#8220;14px&#8220; box_shadow_blur=&#8220;80px&#8220; box_shadow_color=&#8220;#680013&#8243; transform_scale_last_edited=&#8220;on|desktop&#8220; transform_translate=&#8220;0%|0%&#8220; transform_translate_tablet=&#8220;0%|0%&#8220; transform_translate_last_edited=&#8220;on|desktop&#8220; transform_translate_linked=&#8220;off&#8220; transform_rotate_last_edited=&#8220;on|desktop&#8220; transform_skew_last_edited=&#8220;on|desktop&#8220; transform_origin_last_edited=&#8220;on|desktop&#8220; transform_styles_last_edited=&#8220;on|desktop&#8220; custom_margin=&#8220;||0px&#8220; custom_margin_tablet=&#8220;||||false|false&#8220; custom_margin_phone=&#8220;||||false|false&#8220; custom_margin_last_edited=&#8220;on|phone&#8220; custom_padding=&#8220;30px|40px|30px|40px|true|true&#8220; z_index=&#8220;1&#8243; hover_enabled=&#8220;0&#8243; box_shadow_color_tablet=&#8220;#6d0014&#8243; box_shadow_color_last_edited=&#8220;off|tablet&#8220; locked=&#8220;off&#8220; transform_styles__hover_enabled=&#8220;on|hover&#8220; transform_scale__hover_enabled=&#8220;on&#8220; transform_translate__hover_enabled=&#8220;on|hover&#8220; transform_rotate__hover_enabled=&#8220;on&#8220; transform_skew__hover_enabled=&#8220;on&#8220; transform_origin__hover_enabled=&#8220;on&#8220; _i=&#8220;0&#8243; _address=&#8220;0.1.0.0&#8243; background_layout=&#8220;dark&#8220;][\/et_pb_button][et_pb_image src=&#8220;https:\/\/www.polenallergie.de\/pa\/wp-content\/uploads\/2019\/09\/bester2.jpg&#8220; align=&#8220;right&#8220; align_tablet=&#8220;left&#8220; align_last_edited=&#8220;off|tablet&#8220; _builder_version=&#8220;3.27.2&#8243; box_shadow_style=&#8220;preset3&#8243; box_shadow_horizontal=&#8220;40px&#8220; box_shadow_vertical=&#8220;60px&#8220; box_shadow_blur=&#8220;80px&#8220; box_shadow_spread=&#8220;-30px&#8220; box_shadow_color=&#8220;rgba(0,0,0,0.46)&#8220; width=&#8220;100%&#8220; max_width=&#8220;125%&#8220; max_width_tablet=&#8220;none&#8220; max_width_last_edited=&#8220;off|desktop&#8220; custom_margin=&#8220;-365px||0px|-3vw|false|false&#8220; custom_margin_tablet=&#8220;0px|0px||0vw&#8220; custom_margin_last_edited=&#8220;on|tablet&#8220; locked=&#8220;off&#8220; _i=&#8220;1&#8243; _address=&#8220;0.1.0.1&#8243;][\/et_pb_image][\/et_pb_column][et_pb_column type=&#8220;1_2&#8243; _builder_version=&#8220;3.25.3&#8243; custom_padding__hover=&#8220;|||&#8220; _i=&#8220;1&#8243; _address=&#8220;0.1.1&#8243;][\/et_pb_column][\/et_pb_row][\/et_pb_section][et_pb_section fb_built=&#8220;1&#8243; admin_label=&#8220;Services&#8220; _builder_version=&#8220;3.25.3&#8243; background_color=&#8220;rgba(0,0,0,0)&#8220; custom_padding=&#8220;0px|||||&#8220; z_index=&#8220;1&#8243; fb_built=&#8220;1&#8243; _i=&#8220;1&#8243; _address=&#8220;1&#8243;][et_pb_row custom_padding_last_edited=&#8220;on|phone&#8220; _builder_version=&#8220;3.27.2&#8243; background_color=&#8220;#ffffff&#8220; box_shadow_style=&#8220;preset3&#8243; box_shadow_vertical=&#8220;40px&#8220; box_shadow_blur=&#8220;80px&#8220; box_shadow_color=&#8220;rgba(131,146,167,0.15)&#8220; max_width=&#8220;660px&#8220; custom_margin=&#8220;-3vw|auto||auto|false|false&#8220; custom_margin_tablet=&#8220;-8vw||||false|false&#8220; custom_margin_phone=&#8220;-16vw||||false|false&#8220; custom_margin_last_edited=&#8220;on|phone&#8220; custom_padding=&#8220;68px|60px|68px|60px|true|true&#8220; custom_padding_tablet=&#8220;60px||60px|40px|true&#8220; custom_padding_phone=&#8220;|20px||20px||true&#8220; _i=&#8220;0&#8243; _address=&#8220;1.0&#8243;][et_pb_column type=&#8220;4_4&#8243; _builder_version=&#8220;3.25.3&#8243; _i=&#8220;0&#8243; _address=&#8220;1.0.0&#8243;][et_pb_text _builder_version=&#8220;3.27.2&#8243; header_font=&#8220;||||||||&#8220; header_2_font=&#8220;Fjalla One||||||||&#8220; header_2_font_size=&#8220;33px&#8220; header_2_line_height=&#8220;1.2em&#8220; min_height=&#8220;79px&#8220; custom_margin=&#8220;-2px|||||&#8220; custom_padding=&#8220;||0px||false|false&#8220; header_2_font_size_tablet=&#8220;50px&#8220; header_2_font_size_phone=&#8220;30px&#8220; header_2_font_size_last_edited=&#8220;on|phone&#8220; locked=&#8220;off&#8220; _i=&#8220;0&#8243; _address=&#8220;1.0.0.0&#8243;]<\/p>\n<h2 style=\"text-align: left;\">Okt 4\u00a0 <span style=\"color: #ff5566;\"><span style=\"color: #f56ea0;\">20 UHR<\/span><br \/> <\/span><\/h2>\n<p>[\/et_pb_text][et_pb_text _builder_version=&#8220;3.27.2&#8243; text_font=&#8220;||||||||&#8220; text_font_size=&#8220;16px&#8220; text_line_height=&#8220;1.8em&#8220; link_font=&#8220;|700||on|||||&#8220; link_text_align=&#8220;right&#8220; link_text_color=&#8220;#ff9c7a&#8220; link_font_size=&#8220;12px&#8220; link_letter_spacing=&#8220;4px&#8220; header_font=&#8220;||||||||&#8220; header_3_font=&#8220;Fjalla One|||on|||||&#8220; header_3_font_size=&#8220;30px&#8220; header_3_letter_spacing=&#8220;10px&#8220; header_3_line_height=&#8220;1.2em&#8220; width_phone=&#8220;100%&#8220; width_last_edited=&#8220;off|phone&#8220; custom_margin=&#8220;||10px&#8220; header_3_font_size_tablet=&#8220;25px&#8220; header_3_font_size_phone=&#8220;20px&#8220; header_3_font_size_last_edited=&#8220;on|phone&#8220; _i=&#8220;1&#8243; _address=&#8220;1.0.0.1&#8243;]<\/p>\n<h3><span class=\"titel\"><span class=\"zielony2017\"><span class=\"zielonybig\">Bester Quartet<\/span><\/span><\/span><\/h3>\n<p>&nbsp;<\/p>\n<p><span style=\"color: #f56ea0;\"><strong>Jazz + Klezmer , energetisch und avantgardistisch <\/strong><\/span><\/p>\n<p><span style=\"color: #f56ea0;\"><strong>Jaroslaw Bester | Jaroslaw Tyra\u0142a | Oleg Dyyal | Miko\u0142aj Pospieszalski <\/strong><\/span><\/p>\n<p>Das Bester Quartet, bis 2007 unter dem Namen The Cracow Klezmer Band bekannt, wurde 1997 in Krakau vom jungen Musiker, Komponisten und Akkordeonspieler Jaroslaw Bester gegr\u00fcndet. Die vier Musiker hatten sich bereits rasant einen hohen Stellenwert in der internationalen Szene moderner j\u00fcdischer Musik erspielt, sie verbinden traditionelle Kl\u00e4nge mit Jazz, moderner Kammermusik oder Avantgarde. Der Ansatz der vier Virtuosen um Bester ist stark von Improvisation gepr\u00e4gt, radikal und energetisch. John Zorn, der New Yorker Jazzer, entdeckte sie und integrierte sie in die Bewegung der Radical Jewish Music. Seitdem spielen sie f\u00fcr viel TV- und Radiosendungen und begeistern mit weltweit gefeierten Shows Kritiker wie Publikum.<\/p>\n<p>VVK: 11,56 \u20ac \/ AK: 13 \u20ac<\/p>\n<p><a href=\"http:\/\/www.youtube.com\/watch?v=Tea9sWf-JR4\" target=\"_blank\" rel=\"noopener noreferrer\">Youtube<\/a><\/p>\n<p>Fotos: Jutta Missbach<\/p>\n<p><strong> Veranstaltungsort: Festsaal im K\u00fcnstlerhaus, K\u00f6nigstrasse 93<br \/><\/strong><\/p>\n<p>[\/et_pb_text][\/et_pb_column][\/et_pb_row][\/et_pb_section]<\/p>\n","protected":false},"excerpt":{"rendered":"<p>Okt 4\u00a0 20 UHR Bester Quartet &nbsp; Jazz + Klezmer , energetisch und avantgardistisch Jaroslaw Bester | Jaroslaw Tyra\u0142a | Oleg Dyyal | Miko\u0142aj Pospieszalski Das Bester Quartet, bis 2007 unter dem Namen The Cracow Klezmer Band bekannt, wurde 1997 in Krakau vom jungen Musiker, Komponisten und Akkordeonspieler Jaroslaw Bester gegr\u00fcndet. Die vier Musiker hatten [&hellip;]<\/p>\n","protected":false},"author":1,"featured_media":0,"parent":0,"menu_order":0,"comment_status":"closed","ping_status":"closed","template":"","meta":{"_et_pb_use_builder":"on","_et_pb_old_content":"","_et_gb_content_width":""},"_links":{"self":[{"href":"https:\/\/www.polenallergie.de\/index.php\/wp-json\/wp\/v2\/pages\/1080"}],"collection":[{"href":"https:\/\/www.polenallergie.de\/index.php\/wp-json\/wp\/v2\/pages"}],"about":[{"href":"https:\/\/www.polenallergie.de\/index.php\/wp-json\/wp\/v2\/types\/page"}],"author":[{"embeddable":true,"href":"https:\/\/www.polenallergie.de\/index.php\/wp-json\/wp\/v2\/users\/1"}],"replies":[{"embeddable":true,"href":"https:\/\/www.polenallergie.de\/index.php\/wp-json\/wp\/v2\/comments?post=1080"}],"version-history":[{"count":3,"href":"https:\/\/www.polenallergie.de\/index.php\/wp-json\/wp\/v2\/pages\/1080\/revisions"}],"predecessor-version":[{"id":1086,"href":"https:\/\/www.polenallergie.de\/index.php\/wp-json\/wp\/v2\/pages\/1080\/revisions\/1086"}],"wp:attachment":[{"href":"https:\/\/www.polenallergie.de\/index.php\/wp-json\/wp\/v2\/media?parent=1080"}],"curies":[{"name":"wp","href":"https:\/\/api.w.org\/{rel}","templated":true}]}}