{"id":1232,"date":"2019-09-12T11:01:35","date_gmt":"2019-09-12T09:01:35","guid":{"rendered":"http:\/\/www.polenallergie.de\/?page_id=1232"},"modified":"2019-09-12T11:40:58","modified_gmt":"2019-09-12T09:40:58","slug":"aga-zaryan-2008","status":"publish","type":"page","link":"https:\/\/www.polenallergie.de\/index.php\/aga-zaryan-2008\/","title":{"rendered":"Aga Zaryan 2008"},"content":{"rendered":"<p>[et_pb_section fb_built=&#8220;1&#8243; admin_label=&#8220;Gallery&#8220; _builder_version=&#8220;3.27.2&#8243; use_background_color_gradient=&#8220;on&#8220; background_color_gradient_start=&#8220;rgba(239,86,86,0.82)&#8220; background_color_gradient_end=&#8220;rgba(68,45,133,0.79)&#8220; min_height=&#8220;609px&#8220; custom_margin=&#8220;||||false|false&#8220; custom_padding=&#8220;84px||128px|||&#8220; locked=&#8220;off&#8220; fb_built=&#8220;1&#8243; _i=&#8220;0&#8243; _address=&#8220;0&#8243;][et_pb_row column_structure=&#8220;1_2,1_2&#8243; use_custom_gutter=&#8220;on&#8220; gutter_width=&#8220;1&#8243; _builder_version=&#8220;3.25.3&#8243; transform_scale_last_edited=&#8220;on|desktop&#8220; transform_translate=&#8220;2vw|0px&#8220; transform_translate_tablet=&#8220;0px|0px&#8220; transform_translate_last_edited=&#8220;on|desktop&#8220; transform_translate_linked=&#8220;off&#8220; transform_rotate_last_edited=&#8220;on|desktop&#8220; transform_skew_last_edited=&#8220;on|desktop&#8220; transform_origin_last_edited=&#8220;on|desktop&#8220; transform_styles_last_edited=&#8220;on|desktop&#8220; custom_padding=&#8220;0px||0px||true|&#8220; _i=&#8220;0&#8243; _address=&#8220;0.0&#8243;][et_pb_column type=&#8220;1_2&#8243; _builder_version=&#8220;3.25.3&#8243; custom_padding__hover=&#8220;|||&#8220; _i=&#8220;0&#8243; _address=&#8220;0.0.0&#8243;][\/et_pb_column][et_pb_column type=&#8220;1_2&#8243; _builder_version=&#8220;3.25.3&#8243; custom_padding__hover=&#8220;|||&#8220; _i=&#8220;1&#8243; _address=&#8220;0.0.1&#8243;][et_pb_image src=&#8220;https:\/\/www.polenallergie.de\/pa\/wp-content\/uploads\/2019\/09\/agaab2.jpg&#8220; align_last_edited=&#8220;on|desktop&#8220; _builder_version=&#8220;3.27.2&#8243; box_shadow_style=&#8220;preset3&#8243; box_shadow_vertical=&#8220;40px&#8220; box_shadow_blur=&#8220;80px&#8220; box_shadow_color=&#8220;rgba(131,146,167,0.15)&#8220; custom_margin=&#8220;|-8vw|0px||false|false&#8220; custom_margin_tablet=&#8220;0px|0vw||&#8220; custom_margin_last_edited=&#8220;on|desktop&#8220; custom_padding=&#8220;||0px|||&#8220; hover_enabled=&#8220;0&#8243; _i=&#8220;0&#8243; _address=&#8220;0.0.1.0&#8243;][\/et_pb_image][et_pb_text _builder_version=&#8220;3.27.2&#8243; custom_margin=&#8220;||-24px||false|false&#8220; custom_margin_tablet=&#8220;||0px||false|false&#8220; custom_margin_last_edited=&#8220;on|phone&#8220; hover_enabled=&#8220;0&#8243; locked=&#8220;off&#8220; _i=&#8220;1&#8243; _address=&#8220;0.0.1.1&#8243;]<\/p>\n<p style=\"text-align: left;\"><span style=\"color: #ff99cc;\">\u00a0\u00a0\u00a0 Fotos: Andrzej Bikowski<br \/> <\/span><\/p>\n<p>[\/et_pb_text][\/et_pb_column][\/et_pb_row][et_pb_row column_structure=&#8220;1_2,1_2&#8243; use_custom_gutter=&#8220;on&#8220; gutter_width=&#8220;1&#8243; _builder_version=&#8220;3.25.3&#8243; transform_scale_last_edited=&#8220;on|desktop&#8220; transform_translate=&#8220;2vw|0px&#8220; transform_translate_tablet=&#8220;0px|0px&#8220; transform_translate_last_edited=&#8220;on|desktop&#8220; transform_translate_linked=&#8220;off&#8220; transform_rotate_last_edited=&#8220;on|desktop&#8220; transform_skew_last_edited=&#8220;on|desktop&#8220; transform_origin_last_edited=&#8220;on|desktop&#8220; transform_styles_last_edited=&#8220;on|desktop&#8220; custom_padding=&#8220;0px||0px||true|&#8220; _i=&#8220;1&#8243; _address=&#8220;0.1&#8243;][et_pb_column type=&#8220;1_2&#8243; _builder_version=&#8220;3.25.3&#8243; custom_padding__hover=&#8220;|||&#8220; _i=&#8220;0&#8243; _address=&#8220;0.1.0&#8243;][et_pb_button button_url=&#8220;#&#8220; button_text=&#8220;Aga Zaryan | Jazz&#8220; button_alignment=&#8220;right&#8220; button_alignment_tablet=&#8220;left&#8220; button_alignment_phone=&#8220;left&#8220; button_alignment_last_edited=&#8220;on|desktop&#8220; _builder_version=&#8220;3.27.2&#8243; custom_button=&#8220;on&#8220; button_text_size=&#8220;14px&#8220; button_text_color=&#8220;#ffffff&#8220; button_bg_color=&#8220;#f46aa0&#8243; button_bg_use_color_gradient=&#8220;on&#8220; button_bg_color_gradient_start=&#8220;#ffb397&#8243; button_bg_color_gradient_end=&#8220;#f46aa0&#8243; button_bg_color_gradient_direction=&#8220;90deg&#8220; button_border_width=&#8220;0px&#8220; button_border_color=&#8220;rgba(0,0,0,0)&#8220; button_border_radius=&#8220;0px&#8220; button_letter_spacing=&#8220;5px&#8220; button_font=&#8220;Open Sans|700||on|||||&#8220; button_use_icon=&#8220;off&#8220; box_shadow_style=&#8220;preset3&#8243; box_shadow_vertical=&#8220;14px&#8220; box_shadow_blur=&#8220;80px&#8220; box_shadow_color=&#8220;#680013&#8243; transform_scale_last_edited=&#8220;on|desktop&#8220; transform_translate=&#8220;0%|0%&#8220; transform_translate_tablet=&#8220;0%|0%&#8220; transform_translate_last_edited=&#8220;on|desktop&#8220; transform_translate_linked=&#8220;off&#8220; transform_rotate_last_edited=&#8220;on|desktop&#8220; transform_skew_last_edited=&#8220;on|desktop&#8220; transform_origin_last_edited=&#8220;on|desktop&#8220; transform_styles_last_edited=&#8220;on|desktop&#8220; background_layout=&#8220;dark&#8220; custom_margin=&#8220;||0px&#8220; custom_margin_tablet=&#8220;||||false|false&#8220; custom_margin_phone=&#8220;||||false|false&#8220; custom_margin_last_edited=&#8220;on|phone&#8220; custom_padding=&#8220;30px|40px|30px|40px|true|true&#8220; z_index=&#8220;1&#8243; hover_enabled=&#8220;0&#8243; box_shadow_color_tablet=&#8220;#6d0014&#8243; box_shadow_color_last_edited=&#8220;off|tablet&#8220; locked=&#8220;off&#8220; transform_styles__hover_enabled=&#8220;on|hover&#8220; transform_scale__hover_enabled=&#8220;on&#8220; transform_translate__hover_enabled=&#8220;on|hover&#8220; transform_rotate__hover_enabled=&#8220;on&#8220; transform_skew__hover_enabled=&#8220;on&#8220; transform_origin__hover_enabled=&#8220;on&#8220; _i=&#8220;0&#8243; _address=&#8220;0.1.0.0&#8243;][\/et_pb_button][et_pb_image src=&#8220;https:\/\/www.polenallergie.de\/pa\/wp-content\/uploads\/2019\/09\/Aga2.png&#8220; align_tablet=&#8220;left&#8220; align_last_edited=&#8220;off|tablet&#8220; _builder_version=&#8220;3.27.2&#8243; box_shadow_style=&#8220;preset3&#8243; box_shadow_horizontal=&#8220;40px&#8220; box_shadow_vertical=&#8220;60px&#8220; box_shadow_blur=&#8220;80px&#8220; box_shadow_spread=&#8220;-30px&#8220; box_shadow_color=&#8220;rgba(0,0,0,0.46)&#8220; width=&#8220;100%&#8220; max_width=&#8220;125%&#8220; max_width_tablet=&#8220;none&#8220; max_width_last_edited=&#8220;off|desktop&#8220; custom_margin=&#8220;-365px||0px|-3vw|false|false&#8220; custom_margin_tablet=&#8220;0px|0px||0vw&#8220; custom_margin_last_edited=&#8220;on|tablet&#8220; hover_enabled=&#8220;0&#8243; locked=&#8220;off&#8220; _i=&#8220;1&#8243; _address=&#8220;0.1.0.1&#8243;][\/et_pb_image][\/et_pb_column][et_pb_column type=&#8220;1_2&#8243; _builder_version=&#8220;3.25.3&#8243; custom_padding__hover=&#8220;|||&#8220; _i=&#8220;1&#8243; _address=&#8220;0.1.1&#8243;][\/et_pb_column][\/et_pb_row][\/et_pb_section][et_pb_section fb_built=&#8220;1&#8243; admin_label=&#8220;Services&#8220; _builder_version=&#8220;3.25.3&#8243; background_color=&#8220;rgba(0,0,0,0)&#8220; custom_padding=&#8220;0px|||||&#8220; z_index=&#8220;1&#8243; fb_built=&#8220;1&#8243; _i=&#8220;1&#8243; _address=&#8220;1&#8243;][et_pb_row custom_padding_last_edited=&#8220;on|phone&#8220; _builder_version=&#8220;3.27.2&#8243; background_color=&#8220;#ffffff&#8220; box_shadow_style=&#8220;preset3&#8243; box_shadow_vertical=&#8220;40px&#8220; box_shadow_blur=&#8220;80px&#8220; box_shadow_color=&#8220;rgba(131,146,167,0.15)&#8220; max_width=&#8220;660px&#8220; custom_margin=&#8220;-2vw|auto||auto|false|false&#8220; custom_margin_tablet=&#8220;-14vw||||false|false&#8220; custom_margin_phone=&#8220;-21vw||||false|false&#8220; custom_margin_last_edited=&#8220;on|desktop&#8220; custom_padding=&#8220;68px|60px|68px|60px|true|true&#8220; custom_padding_tablet=&#8220;60px||60px|40px|true&#8220; custom_padding_phone=&#8220;|20px||20px||true&#8220; _i=&#8220;0&#8243; _address=&#8220;1.0&#8243;][et_pb_column type=&#8220;4_4&#8243; _builder_version=&#8220;3.25.3&#8243; _i=&#8220;0&#8243; _address=&#8220;1.0.0&#8243;][et_pb_text _builder_version=&#8220;3.27.2&#8243; header_font=&#8220;||||||||&#8220; header_2_font=&#8220;Fjalla One||||||||&#8220; header_2_font_size=&#8220;33px&#8220; header_2_line_height=&#8220;1.2em&#8220; min_height=&#8220;79px&#8220; custom_margin=&#8220;-2px|||||&#8220; custom_padding=&#8220;||0px||false|false&#8220; hover_enabled=&#8220;0&#8243; header_2_font_size_tablet=&#8220;50px&#8220; header_2_font_size_phone=&#8220;30px&#8220; header_2_font_size_last_edited=&#8220;on|phone&#8220; locked=&#8220;off&#8220; _i=&#8220;0&#8243; _address=&#8220;1.0.0.0&#8243;]<\/p>\n<h2 style=\"text-align: left;\">Jun 28\u00a0 <span style=\"color: #ff5566;\"><span style=\"color: #f56ea0;\">21 UHR<\/span><br \/> <\/span><\/h2>\n<p>[\/et_pb_text][et_pb_gallery _builder_version=&#8220;3.27.2&#8243; hover_enabled=&#8220;0&#8243; posts_number=&#8220;3&#8243; show_title_and_caption=&#8220;off&#8220; show_pagination=&#8220;off&#8220; gallery_ids=&#8220;1239,1252,1253&#8243; border_color_all_image=&#8220;#000000&#8243; child_mix_blend_mode=&#8220;darken&#8220; custom_padding=&#8220;|55px|0px|||&#8220; min_height=&#8220;170px&#8220; custom_margin=&#8220;||0px|||&#8220;][\/et_pb_gallery][et_pb_text _builder_version=&#8220;3.27.2&#8243; hover_enabled=&#8220;0&#8243;]<\/p>\n<p>Fotos: Cosmopolis<\/p>\n<p>[\/et_pb_text][et_pb_text _builder_version=&#8220;3.27.2&#8243; text_font=&#8220;||||||||&#8220; text_font_size=&#8220;16px&#8220; text_line_height=&#8220;1.8em&#8220; link_font=&#8220;|700||on|||||&#8220; link_text_align=&#8220;right&#8220; link_text_color=&#8220;#ff9c7a&#8220; link_font_size=&#8220;12px&#8220; link_letter_spacing=&#8220;4px&#8220; header_font=&#8220;||||||||&#8220; header_3_font=&#8220;Fjalla One|||on|||||&#8220; header_3_font_size=&#8220;30px&#8220; header_3_letter_spacing=&#8220;10px&#8220; header_3_line_height=&#8220;1.2em&#8220; width_phone=&#8220;100%&#8220; width_last_edited=&#8220;off|phone&#8220; custom_margin=&#8220;||10px&#8220; hover_enabled=&#8220;0&#8243; header_3_font_size_tablet=&#8220;25px&#8220; header_3_font_size_phone=&#8220;20px&#8220; header_3_font_size_last_edited=&#8220;on|phone&#8220; _i=&#8220;1&#8243; _address=&#8220;1.0.0.1&#8243; custom_padding=&#8220;25px|||||&#8220;]<\/p>\n<h3><span class=\"titel\"><span class=\"zielony2017\"><strong class=\"titel\"><strong>Aga Zaryan<\/strong><\/strong><strong><em><\/em><\/strong><\/span><\/span><\/h3>\n<p><span class=\"titel\"><span class=\"zielony2017\"><strong class=\"titel\"><strong><\/strong><\/strong><\/span><\/span><\/p>\n<p><span style=\"color: #f56ea0;\"><strong>Gro\u00dfe junge Stimme aus Polen auf den Spuren von Diana Krall und Shirley Horn<\/strong><\/span><\/p>\n<p><span style=\"color: #f56ea0;\"><strong>Aga Zaryan <em>voc<\/em> \/ Michal Tokaj <em>p, composition<\/em> \/ Michal Baranski <em>b<\/em> \/ Erwin Cerny <em>sax<\/em> \/ Lukasz Zyta <em>dm<\/em><\/strong><\/span><\/p>\n<p><strong>Aga Zaryan<\/strong> [Agnieszka Skrzypek, geb. 1979], eine der talentiertesten Jazzs\u00e4ngerinnen Polens ist Absolventin der Warschauer Musikakademie [u.a. Sch\u00fclerin bei der legend\u00e4ren Ewa Bem in Jazzgesang]. Stipendiatin des Stanford Jazz Workshop und des Jazz Camp West in USA [u.a. bei Rebecca Parris und Madeline Eastman]. Teilnahme an Festivals in Polen, den USA, Israel, England und Tschechien.<\/p>\n<p>Leser der Zeitschrift JAZZFORUM w\u00e4hlten Aga Zaryan zur besten polnischen Jazzs\u00e4ngerin des Jahres 2005.<\/p>\n<p>Ihr Deb\u00fct-Album &#8222;My Lullaby&#8220; &#8211; mit Tomasz Szukalski, Darek &#8222;Oles&#8220; Oleszkiewicz, Michal Tokaj und Lukasz Zyta &#8211; kam im M\u00e4rz 2002 auf den Markt und f\u00fchrte sie auf Tourneen in die USA und durch Europa. Im M\u00e4rz 2006 nahm sie im Nolan-Shaheed-Studio in Los Angeles ihr zweites Album &#8222;Picking Up The Pieces&#8220; auf [mit Darek Oles Oleszkiewicz, Darryl Munyungo Jackson, Larry Koonse und Nolan Shaheed].<\/p>\n<p>Aus Anlass des 63. Jahrestages des Ausbruchs des Warschauer Aufstands erschien im August 2007 das neue Album von Aga Zaryan &#8222;Sterbende Sch\u00f6nheit&#8220;.<\/p>\n<p>Links zu Aga Zaryan:<\/p>\n<p><a href=\"http:\/\/www.youtube.com\/watch?v=6LB6f8z_cpY\" target=\"_blank\" rel=\"noopener noreferrer\">Aga Zaryan in Wort und Bild auf YouTube<\/a><\/p>\n<p>H\u00f6rbeispiele von Aga Zaryan auf myspace.com:<br \/> <a href=\"http:\/\/www.myspace.com\/agazaryan\" target=\"_blank\" rel=\"noopener noreferrer\">Link 1<\/a> | <a href=\"http:\/\/www.myspace.com\/agazaryan\" target=\"_blank\" rel=\"noopener noreferrer\">Link 2<\/a><\/p>\n<p>Links zu Aga Zaryan:<br \/> <a href=\"http:\/\/www.zaryan.com\/\" target=\"_blank\" rel=\"noopener noreferrer\">http:\/\/www.zaryan.com\/<\/a><\/p>\n<p><a href=\"http:\/\/www.allaboutjazz.com\/php\/musician.php?id=14755\" target=\"_blank\" rel=\"noopener noreferrer\">http:\/\/www.allaboutjazz.com<\/a><\/p>\n<p><a href=\"http:\/\/www.allaboutjazz.com\/php\/article.php?id=24464\" target=\"_blank\" rel=\"noopener noreferrer\">http:\/\/www.allaboutjazz.com<\/a><em class=\"form2\"><a href=\"http:\/\/www.allaboutjazz.com\/php\/article.php?id=24464\" target=\"_blank\" rel=\"noopener noreferrer\"><\/a><\/em><\/p>\n<p><span class=\"form2\">Eintritt:<\/span><span class=\"Stil3\"> 15,00 \/ 9,00 <br \/> (Erm\u00e4\u00dfigt f\u00fcr Sch\u00fcler, Studenten, Krakauer Turm Verein Mitglieder, DPG Franken Mitglieder, Jazzstudio Mitglieder)<\/span><\/p>\n<p><strong> Veranstaltungsort: <span class=\"Stil3\">Jazz Studio<\/span><br \/> <\/strong><\/p>\n<p>Fotos unten: Andrzej Bikowski<\/p>\n<p>[\/et_pb_text][\/et_pb_column][\/et_pb_row][et_pb_row _builder_version=&#8220;3.27.2&#8243; column_structure=&#8220;1_2,1_2&#8243; custom_margin=&#8220;-79px|auto||auto||&#8220;][et_pb_column _builder_version=&#8220;3.27.2&#8243; type=&#8220;1_2&#8243;][et_pb_image src=&#8220;https:\/\/www.polenallergie.de\/pa\/wp-content\/uploads\/2019\/09\/Aga1.png&#8220; _builder_version=&#8220;3.27.2&#8243; hover_enabled=&#8220;0&#8243;][\/et_pb_image][\/et_pb_column][et_pb_column _builder_version=&#8220;3.27.2&#8243; type=&#8220;1_2&#8243;][et_pb_image src=&#8220;https:\/\/www.polenallergie.de\/pa\/wp-content\/uploads\/2019\/09\/agaab3.jpg&#8220; _builder_version=&#8220;3.27.2&#8243; hover_enabled=&#8220;0&#8243;][\/et_pb_image][\/et_pb_column][\/et_pb_row][et_pb_row custom_padding_last_edited=&#8220;on|phone&#8220; _builder_version=&#8220;3.27.2&#8243; background_color=&#8220;#ffffff&#8220; box_shadow_style=&#8220;preset3&#8243; box_shadow_vertical=&#8220;40px&#8220; box_shadow_blur=&#8220;80px&#8220; box_shadow_color=&#8220;rgba(131,146,167,0.15)&#8220; max_width=&#8220;660px&#8220; custom_margin=&#8220;-2vw|auto||auto|false|false&#8220; custom_margin_tablet=&#8220;-14vw||||false|false&#8220; custom_margin_phone=&#8220;-21vw||||false|false&#8220; custom_margin_last_edited=&#8220;on|desktop&#8220; custom_padding=&#8220;68px|60px|68px|60px|true|true&#8220; custom_padding_tablet=&#8220;60px||60px|40px|true&#8220; custom_padding_phone=&#8220;|20px||20px||true&#8220; _i=&#8220;0&#8243; _address=&#8220;1.0&#8243; locked=&#8220;off&#8220;][et_pb_column type=&#8220;4_4&#8243; _builder_version=&#8220;3.25.3&#8243; _i=&#8220;0&#8243; _address=&#8220;1.0.0&#8243;][et_pb_text _builder_version=&#8220;3.27.2&#8243; hover_enabled=&#8220;0&#8243;]<\/p>\n<p>Fotos unten: <span class=\"mini\">Jutta Missbach (Probe)<\/span><\/p>\n<p>[\/et_pb_text][\/et_pb_column][\/et_pb_row][et_pb_row _builder_version=&#8220;3.27.2&#8243; custom_margin=&#8220;-62px|auto||auto||&#8220;][et_pb_column _builder_version=&#8220;3.27.2&#8243; type=&#8220;4_4&#8243;][et_pb_gallery _builder_version=&#8220;3.27.2&#8243; posts_number=&#8220;5&#8243; gallery_ids=&#8220;1262,1263,1264,1265,1266&#8243; show_pagination=&#8220;off&#8220; show_title_and_caption=&#8220;off&#8220; hover_enabled=&#8220;0&#8243;][\/et_pb_gallery][\/et_pb_column][\/et_pb_row][\/et_pb_section]<\/p>\n","protected":false},"excerpt":{"rendered":"<p>\u00a0\u00a0\u00a0 Fotos: Andrzej Bikowski Jun 28\u00a0 21 UHR Fotos: Cosmopolis Aga Zaryan Gro\u00dfe junge Stimme aus Polen auf den Spuren von Diana Krall und Shirley Horn Aga Zaryan voc \/ Michal Tokaj p, composition \/ Michal Baranski b \/ Erwin Cerny sax \/ Lukasz Zyta dm Aga Zaryan [Agnieszka Skrzypek, geb. 1979], eine der talentiertesten [&hellip;]<\/p>\n","protected":false},"author":1,"featured_media":0,"parent":0,"menu_order":0,"comment_status":"closed","ping_status":"closed","template":"","meta":{"_et_pb_use_builder":"on","_et_pb_old_content":"","_et_gb_content_width":""},"_links":{"self":[{"href":"https:\/\/www.polenallergie.de\/index.php\/wp-json\/wp\/v2\/pages\/1232"}],"collection":[{"href":"https:\/\/www.polenallergie.de\/index.php\/wp-json\/wp\/v2\/pages"}],"about":[{"href":"https:\/\/www.polenallergie.de\/index.php\/wp-json\/wp\/v2\/types\/page"}],"author":[{"embeddable":true,"href":"https:\/\/www.polenallergie.de\/index.php\/wp-json\/wp\/v2\/users\/1"}],"replies":[{"embeddable":true,"href":"https:\/\/www.polenallergie.de\/index.php\/wp-json\/wp\/v2\/comments?post=1232"}],"version-history":[{"count":5,"href":"https:\/\/www.polenallergie.de\/index.php\/wp-json\/wp\/v2\/pages\/1232\/revisions"}],"predecessor-version":[{"id":1268,"href":"https:\/\/www.polenallergie.de\/index.php\/wp-json\/wp\/v2\/pages\/1232\/revisions\/1268"}],"wp:attachment":[{"href":"https:\/\/www.polenallergie.de\/index.php\/wp-json\/wp\/v2\/media?parent=1232"}],"curies":[{"name":"wp","href":"https:\/\/api.w.org\/{rel}","templated":true}]}}