{"id":1497,"date":"2020-09-09T23:54:02","date_gmt":"2020-09-09T21:54:02","guid":{"rendered":"http:\/\/www.polenallergie.de\/?page_id=1497"},"modified":"2020-09-15T20:22:30","modified_gmt":"2020-09-15T18:22:30","slug":"2019-10-12-fraktale-2019-archiv","status":"publish","type":"page","link":"https:\/\/www.polenallergie.de\/index.php\/2019-10-12-fraktale-2019-archiv\/","title":{"rendered":"2019-10-12 FRAKTALE 2019 (Archiv)"},"content":{"rendered":"<p>[et_pb_section fb_built=&#8220;1&#8243; admin_label=&#8220;Gallery&#8220; _builder_version=&#8220;3.27.2&#8243; use_background_color_gradient=&#8220;on&#8220; background_color_gradient_start=&#8220;rgba(239,86,86,0.82)&#8220; background_color_gradient_end=&#8220;rgba(68,45,133,0.79)&#8220; custom_margin=&#8220;||||false|false&#8220; custom_padding=&#8220;81px||100px|||&#8220; locked=&#8220;off&#8220;][et_pb_row column_structure=&#8220;1_2,1_2&#8243; use_custom_gutter=&#8220;on&#8220; gutter_width=&#8220;1&#8243; _builder_version=&#8220;3.27.2&#8243; transform_scale_tablet=&#8220;&#8220; transform_scale_phone=&#8220;&#8220; transform_scale_last_edited=&#8220;on|desktop&#8220; transform_translate=&#8220;2vw|0px&#8220; transform_translate_tablet=&#8220;0px|0px&#8220; transform_translate_phone=&#8220;&#8220; transform_translate_last_edited=&#8220;on|desktop&#8220; transform_translate_linked=&#8220;off&#8220; transform_rotate_tablet=&#8220;&#8220; transform_rotate_phone=&#8220;&#8220; transform_rotate_last_edited=&#8220;on|desktop&#8220; transform_skew_tablet=&#8220;&#8220; transform_skew_phone=&#8220;&#8220; transform_skew_last_edited=&#8220;on|desktop&#8220; transform_origin_tablet=&#8220;&#8220; transform_origin_phone=&#8220;&#8220; transform_origin_last_edited=&#8220;on|desktop&#8220; transform_styles_last_edited=&#8220;on|desktop&#8220; custom_margin_tablet=&#8220;&#8220; custom_margin_phone=&#8220;15px||||false|false&#8220; custom_margin_last_edited=&#8220;on|phone&#8220; custom_padding=&#8220;0px||0px||true|&#8220; transform_styles_tablet=&#8220;&#8220; transform_styles_phone=&#8220;&#8220;][et_pb_column type=&#8220;1_2&#8243; _builder_version=&#8220;3.27.2&#8243; custom_padding__hover=&#8220;|||&#8220;][\/et_pb_column][et_pb_column type=&#8220;1_2&#8243; _builder_version=&#8220;3.25.3&#8243; custom_padding__hover=&#8220;|||&#8220;][et_pb_image src=&#8220;https:\/\/www.polenallergie.de\/pa\/wp-content\/uploads\/2020\/09\/Polen-Allergy_12.10.2019_\u00a9-Kat-Pfeiffer-6445-1024&#215;683.jpg&#8220; title_text=&#8220;Polen Allergy_12.10.2019_\u00a9 Kat Pfeiffer-6445&#8243; align_tablet=&#8220;&#8220; align_phone=&#8220;&#8220; align_last_edited=&#8220;on|desktop&#8220; _builder_version=&#8220;4.6.1&#8243; custom_margin=&#8220;|-8vw|0px||false|false&#8220; custom_margin_tablet=&#8220;0px|0vw||&#8220; custom_margin_phone=&#8220;&#8220; custom_margin_last_edited=&#8220;on|desktop&#8220; custom_padding=&#8220;||0px|||&#8220; box_shadow_style=&#8220;preset3&#8243; box_shadow_vertical=&#8220;40px&#8220; box_shadow_blur=&#8220;80px&#8220; box_shadow_color=&#8220;rgba(131,146,167,0.15)&#8220;][\/et_pb_image][\/et_pb_column][\/et_pb_row][et_pb_row column_structure=&#8220;1_2,1_2&#8243; use_custom_gutter=&#8220;on&#8220; gutter_width=&#8220;1&#8243; _builder_version=&#8220;3.25.3&#8243; transform_scale_tablet=&#8220;&#8220; transform_scale_phone=&#8220;&#8220; transform_scale_last_edited=&#8220;on|desktop&#8220; transform_translate=&#8220;2vw|0px&#8220; transform_translate_tablet=&#8220;0px|0px&#8220; transform_translate_phone=&#8220;&#8220; transform_translate_last_edited=&#8220;on|desktop&#8220; transform_translate_linked=&#8220;off&#8220; transform_rotate_tablet=&#8220;&#8220; transform_rotate_phone=&#8220;&#8220; transform_rotate_last_edited=&#8220;on|desktop&#8220; transform_skew_tablet=&#8220;&#8220; transform_skew_phone=&#8220;&#8220; transform_skew_last_edited=&#8220;on|desktop&#8220; transform_origin_tablet=&#8220;&#8220; transform_origin_phone=&#8220;&#8220; transform_origin_last_edited=&#8220;on|desktop&#8220; transform_styles_last_edited=&#8220;on|desktop&#8220; custom_padding=&#8220;0px||0px||true|&#8220; transform_styles_tablet=&#8220;&#8220; transform_styles_phone=&#8220;&#8220;][et_pb_column type=&#8220;1_2&#8243; _builder_version=&#8220;3.25.3&#8243; custom_padding__hover=&#8220;|||&#8220;][et_pb_button button_text=&#8220;FRAKTALE |  PSYCHEDELIC JAZZ &#8220; button_alignment=&#8220;right&#8220; button_alignment_tablet=&#8220;left&#8220; button_alignment_phone=&#8220;left&#8220; button_alignment_last_edited=&#8220;on|phone&#8220; _builder_version=&#8220;4.6.1&#8243; custom_button=&#8220;on&#8220; button_text_size=&#8220;14px&#8220; button_text_color=&#8220;#ffffff&#8220; button_bg_color=&#8220;#f46aa0&#8243; button_bg_use_color_gradient=&#8220;on&#8220; button_bg_color_gradient_start=&#8220;#ffb397&#8243; button_bg_color_gradient_end=&#8220;#f46aa0&#8243; button_bg_color_gradient_direction=&#8220;90deg&#8220; button_border_width=&#8220;0px&#8220; button_border_color=&#8220;rgba(0,0,0,0)&#8220; button_border_radius=&#8220;0px&#8220; button_letter_spacing=&#8220;5px&#8220; button_font=&#8220;Open Sans|700||on|||||&#8220; button_use_icon=&#8220;off&#8220; transform_scale_tablet=&#8220;&#8220; transform_scale_phone=&#8220;&#8220; transform_scale_last_edited=&#8220;on|tablet&#8220; transform_translate=&#8220;0%|0%&#8220; transform_translate_tablet=&#8220;0%|0%&#8220; transform_translate_phone=&#8220;&#8220; transform_translate_last_edited=&#8220;on|phone&#8220; transform_translate_linked=&#8220;off&#8220; transform_rotate_tablet=&#8220;&#8220; transform_rotate_phone=&#8220;&#8220; transform_rotate_last_edited=&#8220;on|tablet&#8220; transform_skew_tablet=&#8220;&#8220; transform_skew_phone=&#8220;&#8220; transform_skew_last_edited=&#8220;on|desktop&#8220; transform_origin_tablet=&#8220;&#8220; transform_origin_phone=&#8220;&#8220; transform_origin_last_edited=&#8220;on|desktop&#8220; transform_styles_last_edited=&#8220;on|phone&#8220; z_index=&#8220;1&#8243; background_layout=&#8220;dark&#8220; custom_margin=&#8220;||0px&#8220; custom_margin_tablet=&#8220;||||false|false&#8220; custom_margin_phone=&#8220;||||false|false&#8220; custom_margin_last_edited=&#8220;on|phone&#8220; custom_padding=&#8220;30px|40px|30px|40px|true|false&#8220; transform_styles_tablet=&#8220;&#8220; transform_styles_phone=&#8220;&#8220; box_shadow_style=&#8220;preset3&#8243; box_shadow_vertical=&#8220;14px&#8220; box_shadow_blur=&#8220;80px&#8220; box_shadow_color=&#8220;#680013&#8243; box_shadow_color_tablet=&#8220;#6d0014&#8243; box_shadow_color_last_edited=&#8220;off|tablet&#8220; locked=&#8220;off&#8220; transform_styles__hover_enabled=&#8220;off|desktop&#8220; transform_scale__hover_enabled=&#8220;off|desktop&#8220; transform_translate__hover_enabled=&#8220;off|desktop&#8220; transform_rotate__hover_enabled=&#8220;off|desktop&#8220; transform_skew__hover_enabled=&#8220;off|desktop&#8220; transform_origin__hover_enabled=&#8220;off|desktop&#8220; transform_translate__hover=&#8220;0%|0%&#8220;][\/et_pb_button][\/et_pb_column][et_pb_column type=&#8220;1_2&#8243; _builder_version=&#8220;3.25.3&#8243; custom_padding__hover=&#8220;|||&#8220;][et_pb_text _builder_version=&#8220;4.6.1&#8243; custom_margin=&#8220;|||-20px|false|false&#8220; custom_margin_tablet=&#8220;|||-1px|false|false&#8220; custom_margin_phone=&#8220;|||0px|false|false&#8220; custom_margin_last_edited=&#8220;on|desktop&#8220; custom_padding=&#8220;0px||0px|||&#8220;]<\/p>\n<p style=\"text-align: left; padding-left: 30px;\"><span style=\"color: #ff99cc;\">Foto: Kat Pfeiffer<br \/><\/span><\/p>\n<p>[\/et_pb_text][\/et_pb_column][\/et_pb_row][\/et_pb_section][et_pb_section fb_built=&#8220;1&#8243; admin_label=&#8220;Services&#8220; _builder_version=&#8220;3.25.3&#8243; background_color=&#8220;rgba(0,0,0,0)&#8220; z_index=&#8220;1&#8243; min_height=&#8220;1523px&#8220; custom_padding=&#8220;81px|||||&#8220;][et_pb_row custom_padding_last_edited=&#8220;on|phone&#8220; _builder_version=&#8220;3.27.2&#8243; background_color=&#8220;#ffffff&#8220; max_width=&#8220;660px&#8220; custom_margin=&#8220;-8vw|auto||auto|false|false&#8220; custom_margin_tablet=&#8220;-22vw||||false|false&#8220; custom_margin_phone=&#8220;-39vw||||false|false&#8220; custom_margin_last_edited=&#8220;on|phone&#8220; custom_padding=&#8220;94px|60px|94px|60px|false|true&#8220; custom_padding_tablet=&#8220;60px||60px|40px|true&#8220; custom_padding_phone=&#8220;|20px||20px||true&#8220; box_shadow_style=&#8220;preset3&#8243; box_shadow_vertical=&#8220;40px&#8220; box_shadow_blur=&#8220;80px&#8220; box_shadow_color=&#8220;rgba(131,146,167,0.15)&#8220;][et_pb_column type=&#8220;4_4&#8243; _builder_version=&#8220;3.25.3&#8243;][et_pb_text _builder_version=&#8220;4.6.1&#8243; header_font=&#8220;||||||||&#8220; header_2_font=&#8220;Fjalla One||||||||&#8220; header_2_font_size=&#8220;33px&#8220; header_2_line_height=&#8220;1.2em&#8220; min_height=&#8220;79px&#8220; custom_margin=&#8220;-24px|||||&#8220; custom_padding=&#8220;||0px||false|false&#8220; header_2_font_size_tablet=&#8220;50px&#8220; header_2_font_size_phone=&#8220;30px&#8220; header_2_font_size_last_edited=&#8220;on|phone&#8220; locked=&#8220;off&#8220;]<\/p>\n<h2 style=\"text-align: left;\">Okt 12\u00a0 <span style=\"color: #ff5566;\"><span style=\"color: #f56ea0;\">20 UHR<\/span><br \/> <\/span><\/h2>\n<p>[\/et_pb_text][et_pb_text _builder_version=&#8220;4.6.1&#8243; text_font=&#8220;||||||||&#8220; text_font_size=&#8220;16px&#8220; text_line_height=&#8220;1.8em&#8220; link_font=&#8220;|700||on|||||&#8220; link_text_align=&#8220;right&#8220; link_text_color=&#8220;#ff9c7a&#8220; link_font_size=&#8220;12px&#8220; link_letter_spacing=&#8220;4px&#8220; header_font=&#8220;||||||||&#8220; header_3_font=&#8220;Fjalla One|||on|||||&#8220; header_3_font_size=&#8220;30px&#8220; header_3_letter_spacing=&#8220;10px&#8220; header_3_line_height=&#8220;1.2em&#8220; width_phone=&#8220;100%&#8220; width_last_edited=&#8220;off|phone&#8220; custom_margin=&#8220;||10px&#8220; header_3_font_size_tablet=&#8220;25px&#8220; header_3_font_size_phone=&#8220;20px&#8220; header_3_font_size_last_edited=&#8220;on|phone&#8220;]<\/p>\n<div class=\"et_pb_module et_pb_text et_pb_text_1  et_pb_text_align_left et_pb_bg_layout_light\">\n<div class=\"et_pb_text_inner\">\n<h2 style=\"text-align: left;\"><span style=\"color: #ff5566;\"><span style=\"color: #f56ea0;\"><\/span><br \/> <\/span><\/h2>\n<\/div>\n<\/div>\n<div class=\"et_pb_module et_pb_text et_pb_text_2  et_pb_text_align_left et_pb_bg_layout_light\">\n<div class=\"et_pb_text_inner\">\n<h3><strong>fraktale<\/strong><\/h3>\n<h2 class=\"et_pb_module_header\"><\/h2>\n<p><span style=\"color: #f56ea0;\"><strong>Mantrische, ausufernde und doch strukturierte Improvisationen mit jazzigen und psychedelischen Elementen, aber auch mit orientalischer Note. Fraktale liefern Kompositionen, die Herz und Verstand ber\u00fchren. Eine der spannendsten Band der jungen Krakauer Musik-Szene!<br \/> <\/strong><\/span><\/p>\n<p>Die Band Fraktale bezeichnet Ihre Musik als mantrische, ausufernde und doch strukturierte Improvisationen mit jazzigen und psychedelischen Elementen, aber auch mit orientalischer Note.\u00a0 Die vier Musiker der Band \u2013 <strong>Filip Franczak<\/strong> an Gitarre und Bas, <strong>Rafa\u0142 Rataj<\/strong> an Piano und Synthies, <strong>Bartek Szumilas<\/strong> am Tenorsaxofon und <strong>Micha\u0142 Nar\u00f3g<\/strong> am Schlagzeug \u2013 kreieren einen eigenen, meditativen Sound, der einen in weit entfernte Ecken der Welt transportiert. Orientalische Harmonien werden mit den jazzigen Kl\u00e4ngen des Tenorsaxofons und einer gro\u00dfen Experimentierfreude zu einer einmaligen musikalischen Mischung vermengt. Die Energie, die die Band ausstrahlt, geht sofort auf den H\u00f6rer \u00fcber und l\u00e4sst hinterl\u00e4sst ein wohliges Gef\u00fchl, wie man es nur bei Musik hat, die sowohl den Verstand als auch die Emotionen ber\u00fchrt. Das Publikum kann sich auf psychedelischen Jazz freuen, der keinen Grenzen unterworfen ist, dargeboten von einer der spannendsten Bands der jungen Krakauer Musik-Szene. Im Gep\u00e4ck haben die Jungs ihr neues, viertes\u00a0 Album \u201eDharma Bums\u201c, das im Mai erschienen ist. Es ist gepr\u00e4gt von meditativen Soundscapes und\u00a0 aufregenden Harmonien. Einmalig!<\/p>\n<p>Das Konzert ist ein Teil des Jubil\u00e4umsprogramms was 10.-13.10.2019 in N\u00fcrnberg stattfindet. So werden 40 Jahre Partnerschaft zwischen Krakau und N\u00fcrnberg in N\u00fcrnberg gefeiert: <a href=\"http:\/\/www.krakauer-haus.de\/index.php\/2019\/06\/23\/40-jahre-staedtepartnerschaft-krakau-nuernberg\/\" target=\"_blank\" rel=\"noopener noreferrer\">LINK<\/a>, so feierte man in Juli 2019 in Krakau <a href=\"http:\/\/krakow.pl\/otwarty_na_swiat\/wydarzenia_miedzynarodowe_z_udzialem_prezydenta_miasta_krakowa\/231656,143,komunikat,40_lat_partnerstwa_krakowa_i_norymbergi_.html?_ga=2.151760761.1589530984.1567377238-1017588630.1567021682\" target=\"_blank\" rel=\"noopener noreferrer\">LINK<\/a>.<\/p>\n<p><a href=\"http:\/\/www.krakauer-haus.de\/index.php\/2019\/06\/23\/40-jahre-staedtepartnerschaft-krakau-nuernberg\/\"><img loading=\"lazy\" src=\"https:\/\/www.polenallergie.de\/pa\/wp-content\/uploads\/2019\/08\/LOGO-1.png\" alt=\"\" class=\"wp-image-522 alignnone size-full\" width=\"168\" height=\"137\" \/><\/a><\/p>\n<p><strong><\/strong><\/p>\n<\/div>\n<\/div>\n<div class=\"et_pb_button_module_wrapper et_pb_button_1_wrapper et_pb_button_alignment_left et_pb_button_alignment_tablet_left et_pb_module \"><a class=\"et_pb_button et_pb_custom_button_icon et_pb_button_1 et_pb_bg_layout_light\" href=\"https:\/\/open.spotify.com\/album\/0nmz9PLLneVRC2waQ7kdko\" target=\"_blank\" data-icon=\"\ue069\" rel=\"noopener noreferrer\">listen on spotify<\/a><\/div>\n<p>[\/et_pb_text][et_pb_video src=&#8220;https:\/\/youtu.be\/MS_B5xWXUCI&#8220; _builder_version=&#8220;4.6.1&#8243;][\/et_pb_video][\/et_pb_column][\/et_pb_row][et_pb_row _builder_version=&#8220;4.4.1&#8243;][et_pb_column type=&#8220;4_4&#8243; _builder_version=&#8220;4.4.1&#8243;][et_pb_gallery gallery_ids=&#8220;1493,1414,1413,1412,1500&#8243; show_title_and_caption=&#8220;off&#8220; show_pagination=&#8220;off&#8220; _builder_version=&#8220;4.6.1&#8243;][\/et_pb_gallery][\/et_pb_column][\/et_pb_row][et_pb_row _builder_version=&#8220;4.4.1&#8243; width=&#8220;100%&#8220; max_width=&#8220;1112px&#8220;][et_pb_column type=&#8220;4_4&#8243; _builder_version=&#8220;4.4.1&#8243;][et_pb_text _builder_version=&#8220;4.4.1&#8243; custom_margin=&#8220;|||5px|false|false&#8220; custom_margin_tablet=&#8220;|||-1px|false|false&#8220; custom_margin_phone=&#8220;|||0px|false|false&#8220; custom_margin_last_edited=&#8220;on|desktop&#8220;]<\/p>\n<p style=\"text-align: left;\"><span style=\"color: #ff99cc;\">Fotos: Kat Pfeiffer<br \/><\/span><\/p>\n<p>[\/et_pb_text][\/et_pb_column][\/et_pb_row][et_pb_row column_structure=&#8220;1_5,1_5,1_5,1_5,1_5&#8243; _builder_version=&#8220;3.27.2&#8243; custom_padding=&#8220;||27px|||&#8220; locked=&#8220;off&#8220;][et_pb_column type=&#8220;1_5&#8243; _builder_version=&#8220;3.27.2&#8243;][\/et_pb_column][et_pb_column type=&#8220;1_5&#8243; _builder_version=&#8220;3.27.2&#8243;][et_pb_text disabled_on=&#8220;on|on|off&#8220; _builder_version=&#8220;3.27.4&#8243; locked=&#8220;off&#8220;]<\/p>\n<p><span style=\"color: #ffffff;\">\/<\/span><\/p>\n<p>[\/et_pb_text][\/et_pb_column][et_pb_column type=&#8220;1_5&#8243; _builder_version=&#8220;3.27.2&#8243;][et_pb_text disabled_on=&#8220;on|on|off&#8220; _builder_version=&#8220;3.27.4&#8243;]<\/p>\n<p><span style=\"color: #ffffff;\">\/<\/span><\/p>\n<p>[\/et_pb_text][\/et_pb_column][et_pb_column type=&#8220;1_5&#8243; _builder_version=&#8220;3.27.2&#8243;][et_pb_text disabled_on=&#8220;on|on|off&#8220; _builder_version=&#8220;3.27.4&#8243; locked=&#8220;off&#8220;]<\/p>\n<p><span style=\"color: #ffffff;\">\/<\/span><\/p>\n<p>[\/et_pb_text][\/et_pb_column][et_pb_column type=&#8220;1_5&#8243; _builder_version=&#8220;3.27.2&#8243;][et_pb_button button_url=&#8220;https:\/\/www.polenallergie.de\/index.php\/2019-10-19-yumi-ito-szymon-mika-2019-archiv-neu\/&#8220; button_text=&#8220;ZUM N\u00c4CHSTEN KONZERT&#8220; button_alignment=&#8220;center&#8220; _builder_version=&#8220;4.6.1&#8243; custom_button=&#8220;on&#8220; button_text_size=&#8220;12px&#8220; button_border_width=&#8220;0px&#8220; button_border_radius=&#8220;5px&#8220; button_letter_spacing=&#8220;1px&#8220; button_font=&#8220;|700|||||||&#8220; button_icon=&#8220;%%180%%&#8220; button_on_hover=&#8220;off&#8220; custom_margin=&#8220;|-24px||-24px|false|true&#8220; custom_margin_tablet=&#8220;|10px||0px|false|false&#8220; custom_margin_phone=&#8220;|0px||0px|false|true&#8220; custom_margin_last_edited=&#8220;on|phone&#8220; custom_padding=&#8220;5px|0px|5px|0px|true|true&#8220; hover_enabled=&#8220;0&#8243; sticky_enabled=&#8220;0&#8243;][\/et_pb_button][\/et_pb_column][\/et_pb_row][\/et_pb_section]<\/p>\n","protected":false},"excerpt":{"rendered":"<p>Foto: Kat PfeifferOkt 12\u00a0 20 UHR fraktale Mantrische, ausufernde und doch strukturierte Improvisationen mit jazzigen und psychedelischen Elementen, aber auch mit orientalischer Note. Fraktale liefern Kompositionen, die Herz und Verstand ber\u00fchren. Eine der spannendsten Band der jungen Krakauer Musik-Szene! Die Band Fraktale bezeichnet Ihre Musik als mantrische, ausufernde und doch strukturierte Improvisationen mit jazzigen und [&hellip;]<\/p>\n","protected":false},"author":2,"featured_media":0,"parent":0,"menu_order":0,"comment_status":"closed","ping_status":"closed","template":"","meta":{"_et_pb_use_builder":"on","_et_pb_old_content":"","_et_gb_content_width":""},"_links":{"self":[{"href":"https:\/\/www.polenallergie.de\/index.php\/wp-json\/wp\/v2\/pages\/1497"}],"collection":[{"href":"https:\/\/www.polenallergie.de\/index.php\/wp-json\/wp\/v2\/pages"}],"about":[{"href":"https:\/\/www.polenallergie.de\/index.php\/wp-json\/wp\/v2\/types\/page"}],"author":[{"embeddable":true,"href":"https:\/\/www.polenallergie.de\/index.php\/wp-json\/wp\/v2\/users\/2"}],"replies":[{"embeddable":true,"href":"https:\/\/www.polenallergie.de\/index.php\/wp-json\/wp\/v2\/comments?post=1497"}],"version-history":[{"count":5,"href":"https:\/\/www.polenallergie.de\/index.php\/wp-json\/wp\/v2\/pages\/1497\/revisions"}],"predecessor-version":[{"id":1535,"href":"https:\/\/www.polenallergie.de\/index.php\/wp-json\/wp\/v2\/pages\/1497\/revisions\/1535"}],"wp:attachment":[{"href":"https:\/\/www.polenallergie.de\/index.php\/wp-json\/wp\/v2\/media?parent=1497"}],"curies":[{"name":"wp","href":"https:\/\/api.w.org\/{rel}","templated":true}]}}