{"id":1518,"date":"2020-09-15T19:45:50","date_gmt":"2020-09-15T17:45:50","guid":{"rendered":"http:\/\/www.polenallergie.de\/?page_id=1518"},"modified":"2020-09-15T20:30:14","modified_gmt":"2020-09-15T18:30:14","slug":"2019-10-26-lor-archiv","status":"publish","type":"page","link":"https:\/\/www.polenallergie.de\/index.php\/2019-10-26-lor-archiv\/","title":{"rendered":"2019-10-26 LOR (Archiv)"},"content":{"rendered":"<p>[et_pb_section fb_built=&#8220;1&#8243; admin_label=&#8220;Gallery&#8220; _builder_version=&#8220;3.27.2&#8243; use_background_color_gradient=&#8220;on&#8220; background_color_gradient_start=&#8220;rgba(239,86,86,0.82)&#8220; background_color_gradient_end=&#8220;rgba(68,45,133,0.79)&#8220; custom_margin=&#8220;||||false|false&#8220; custom_padding=&#8220;81px||100px|||&#8220; locked=&#8220;off&#8220;][et_pb_row column_structure=&#8220;1_2,1_2&#8243; use_custom_gutter=&#8220;on&#8220; gutter_width=&#8220;1&#8243; _builder_version=&#8220;3.27.2&#8243; transform_scale_tablet=&#8220;&#8220; transform_scale_phone=&#8220;&#8220; transform_scale_last_edited=&#8220;on|desktop&#8220; transform_translate=&#8220;2vw|0px&#8220; transform_translate_tablet=&#8220;0px|0px&#8220; transform_translate_phone=&#8220;&#8220; transform_translate_last_edited=&#8220;on|desktop&#8220; transform_translate_linked=&#8220;off&#8220; transform_rotate_tablet=&#8220;&#8220; transform_rotate_phone=&#8220;&#8220; transform_rotate_last_edited=&#8220;on|desktop&#8220; transform_skew_tablet=&#8220;&#8220; transform_skew_phone=&#8220;&#8220; transform_skew_last_edited=&#8220;on|desktop&#8220; transform_origin_tablet=&#8220;&#8220; transform_origin_phone=&#8220;&#8220; transform_origin_last_edited=&#8220;on|desktop&#8220; transform_styles_last_edited=&#8220;on|desktop&#8220; custom_margin_tablet=&#8220;&#8220; custom_margin_phone=&#8220;15px||||false|false&#8220; custom_margin_last_edited=&#8220;on|phone&#8220; custom_padding=&#8220;0px||0px||true|&#8220; transform_styles_tablet=&#8220;&#8220; transform_styles_phone=&#8220;&#8220;][et_pb_column type=&#8220;1_2&#8243; _builder_version=&#8220;3.27.2&#8243; custom_padding__hover=&#8220;|||&#8220;][\/et_pb_column][et_pb_column type=&#8220;1_2&#8243; _builder_version=&#8220;3.25.3&#8243; custom_padding__hover=&#8220;|||&#8220;][et_pb_image src=&#8220;https:\/\/www.polenallergie.de\/pa\/wp-content\/uploads\/2020\/03\/LOR_KH_26.10.19-8733-1024&#215;683.jpg&#8220; title_text=&#8220;LOR_Krakauer Haus_26.10.19&#8243; align_tablet=&#8220;&#8220; align_phone=&#8220;&#8220; align_last_edited=&#8220;on|desktop&#8220; _builder_version=&#8220;4.6.1&#8243; custom_margin=&#8220;|-8vw|0px||false|false&#8220; custom_margin_tablet=&#8220;0px|0vw||&#8220; custom_margin_phone=&#8220;&#8220; custom_margin_last_edited=&#8220;on|desktop&#8220; custom_padding=&#8220;||0px|||&#8220; box_shadow_style=&#8220;preset3&#8243; box_shadow_vertical=&#8220;40px&#8220; box_shadow_blur=&#8220;80px&#8220; box_shadow_color=&#8220;rgba(131,146,167,0.15)&#8220;][\/et_pb_image][\/et_pb_column][\/et_pb_row][et_pb_row column_structure=&#8220;1_2,1_2&#8243; use_custom_gutter=&#8220;on&#8220; gutter_width=&#8220;1&#8243; _builder_version=&#8220;3.25.3&#8243; transform_scale_tablet=&#8220;&#8220; transform_scale_phone=&#8220;&#8220; transform_scale_last_edited=&#8220;on|desktop&#8220; transform_translate=&#8220;2vw|0px&#8220; transform_translate_tablet=&#8220;0px|0px&#8220; transform_translate_phone=&#8220;&#8220; transform_translate_last_edited=&#8220;on|desktop&#8220; transform_translate_linked=&#8220;off&#8220; transform_rotate_tablet=&#8220;&#8220; transform_rotate_phone=&#8220;&#8220; transform_rotate_last_edited=&#8220;on|desktop&#8220; transform_skew_tablet=&#8220;&#8220; transform_skew_phone=&#8220;&#8220; transform_skew_last_edited=&#8220;on|desktop&#8220; transform_origin_tablet=&#8220;&#8220; transform_origin_phone=&#8220;&#8220; transform_origin_last_edited=&#8220;on|desktop&#8220; transform_styles_last_edited=&#8220;on|desktop&#8220; custom_padding=&#8220;0px||0px||true|&#8220; transform_styles_tablet=&#8220;&#8220; transform_styles_phone=&#8220;&#8220;][et_pb_column type=&#8220;1_2&#8243; _builder_version=&#8220;3.25.3&#8243; custom_padding__hover=&#8220;|||&#8220;][et_pb_button button_text=&#8220;LOR |  FEMALE\/INDIE-FOLK BAND &#8220; button_alignment=&#8220;right&#8220; button_alignment_tablet=&#8220;left&#8220; button_alignment_phone=&#8220;left&#8220; button_alignment_last_edited=&#8220;on|phone&#8220; _builder_version=&#8220;4.6.1&#8243; custom_button=&#8220;on&#8220; button_text_size=&#8220;14px&#8220; button_text_color=&#8220;#ffffff&#8220; button_bg_color=&#8220;#f46aa0&#8243; button_bg_use_color_gradient=&#8220;on&#8220; button_bg_color_gradient_start=&#8220;#ffb397&#8243; button_bg_color_gradient_end=&#8220;#f46aa0&#8243; button_bg_color_gradient_direction=&#8220;90deg&#8220; button_border_width=&#8220;0px&#8220; button_border_color=&#8220;rgba(0,0,0,0)&#8220; button_border_radius=&#8220;0px&#8220; button_letter_spacing=&#8220;5px&#8220; button_font=&#8220;Open Sans|700||on|||||&#8220; button_use_icon=&#8220;off&#8220; transform_scale_tablet=&#8220;&#8220; transform_scale_phone=&#8220;&#8220; transform_scale_last_edited=&#8220;on|tablet&#8220; transform_translate=&#8220;0%|0%&#8220; transform_translate_tablet=&#8220;0%|0%&#8220; transform_translate_phone=&#8220;&#8220; transform_translate_last_edited=&#8220;on|phone&#8220; transform_translate_linked=&#8220;off&#8220; transform_rotate_tablet=&#8220;&#8220; transform_rotate_phone=&#8220;&#8220; transform_rotate_last_edited=&#8220;on|tablet&#8220; transform_skew_tablet=&#8220;&#8220; transform_skew_phone=&#8220;&#8220; transform_skew_last_edited=&#8220;on|desktop&#8220; transform_origin_tablet=&#8220;&#8220; transform_origin_phone=&#8220;&#8220; transform_origin_last_edited=&#8220;on|desktop&#8220; transform_styles_last_edited=&#8220;on|phone&#8220; z_index=&#8220;1&#8243; background_layout=&#8220;dark&#8220; custom_margin=&#8220;||0px&#8220; custom_margin_tablet=&#8220;||||false|false&#8220; custom_margin_phone=&#8220;||||false|false&#8220; custom_margin_last_edited=&#8220;on|phone&#8220; custom_padding=&#8220;30px|40px|30px|40px|true|true&#8220; transform_styles_tablet=&#8220;&#8220; transform_styles_phone=&#8220;&#8220; box_shadow_style=&#8220;preset3&#8243; box_shadow_vertical=&#8220;14px&#8220; box_shadow_blur=&#8220;80px&#8220; box_shadow_color=&#8220;#680013&#8243; box_shadow_color_tablet=&#8220;#6d0014&#8243; box_shadow_color_last_edited=&#8220;off|tablet&#8220; locked=&#8220;off&#8220; transform_styles__hover_enabled=&#8220;off|desktop&#8220; transform_scale__hover_enabled=&#8220;off|desktop&#8220; transform_translate__hover_enabled=&#8220;off|desktop&#8220; transform_rotate__hover_enabled=&#8220;off|desktop&#8220; transform_skew__hover_enabled=&#8220;off|desktop&#8220; transform_origin__hover_enabled=&#8220;off|desktop&#8220; transform_translate__hover=&#8220;0%|0%&#8220;][\/et_pb_button][\/et_pb_column][et_pb_column type=&#8220;1_2&#8243; _builder_version=&#8220;3.25.3&#8243; custom_padding__hover=&#8220;|||&#8220;][et_pb_text _builder_version=&#8220;4.6.1&#8243; custom_margin=&#8220;|||-20px|false|false&#8220; custom_margin_tablet=&#8220;|||-1px|false|false&#8220; custom_margin_phone=&#8220;|||0px|false|false&#8220; custom_margin_last_edited=&#8220;on|desktop&#8220; custom_padding=&#8220;0px||0px|||&#8220;]<\/p>\n<p style=\"text-align: left; padding-left: 30px;\"><span style=\"color: #ff99cc;\">Foto: Kat Pfeiffer<br \/><\/span><\/p>\n<p>[\/et_pb_text][\/et_pb_column][\/et_pb_row][\/et_pb_section][et_pb_section fb_built=&#8220;1&#8243; admin_label=&#8220;Services&#8220; _builder_version=&#8220;3.25.3&#8243; background_color=&#8220;rgba(0,0,0,0)&#8220; z_index=&#8220;1&#8243; min_height=&#8220;1523px&#8220; custom_padding=&#8220;81px|||||&#8220;][et_pb_row custom_padding_last_edited=&#8220;on|phone&#8220; _builder_version=&#8220;3.27.2&#8243; background_color=&#8220;#ffffff&#8220; max_width=&#8220;660px&#8220; custom_margin=&#8220;-8vw|auto||auto|false|false&#8220; custom_margin_tablet=&#8220;-22vw||||false|false&#8220; custom_margin_phone=&#8220;-39vw||||false|false&#8220; custom_margin_last_edited=&#8220;on|phone&#8220; custom_padding=&#8220;94px|60px|94px|60px|false|true&#8220; custom_padding_tablet=&#8220;60px||60px|40px|true&#8220; custom_padding_phone=&#8220;|20px||20px||true&#8220; box_shadow_style=&#8220;preset3&#8243; box_shadow_vertical=&#8220;40px&#8220; box_shadow_blur=&#8220;80px&#8220; box_shadow_color=&#8220;rgba(131,146,167,0.15)&#8220;][et_pb_column type=&#8220;4_4&#8243; _builder_version=&#8220;3.25.3&#8243;][et_pb_text _builder_version=&#8220;3.27.4&#8243; header_font=&#8220;||||||||&#8220; header_2_font=&#8220;Fjalla One||||||||&#8220; header_2_font_size=&#8220;33px&#8220; header_2_line_height=&#8220;1.2em&#8220; min_height=&#8220;79px&#8220; custom_margin=&#8220;-24px|||||&#8220; custom_padding=&#8220;||0px||false|false&#8220; header_2_font_size_tablet=&#8220;50px&#8220; header_2_font_size_phone=&#8220;30px&#8220; header_2_font_size_last_edited=&#8220;on|phone&#8220; locked=&#8220;off&#8220;]<\/p>\n<h2 style=\"text-align: left;\">Okt 26\u00a0 <span style=\"color: #ff5566;\"><span style=\"color: #f56ea0;\">20 UHR<\/span><\/span><\/h2>\n<h2 style=\"text-align: left;\"><span style=\"color: #ff5566;\">\u00a0<\/span><\/h2>\n<p>[\/et_pb_text][et_pb_text _builder_version=&#8220;3.27.4&#8243; text_font=&#8220;||||||||&#8220; text_font_size=&#8220;16px&#8220; text_line_height=&#8220;1.8em&#8220; link_font=&#8220;|700||on|||||&#8220; link_text_align=&#8220;right&#8220; link_text_color=&#8220;#ff9c7a&#8220; link_font_size=&#8220;12px&#8220; link_letter_spacing=&#8220;4px&#8220; header_font=&#8220;||||||||&#8220; header_3_font=&#8220;Fjalla One|||on|||||&#8220; header_3_font_size=&#8220;30px&#8220; header_3_letter_spacing=&#8220;10px&#8220; header_3_line_height=&#8220;1.2em&#8220; width_phone=&#8220;100%&#8220; width_last_edited=&#8220;off|phone&#8220; custom_margin=&#8220;||10px&#8220; header_3_font_size_tablet=&#8220;25px&#8220; header_3_font_size_phone=&#8220;20px&#8220; header_3_font_size_last_edited=&#8220;on|phone&#8220;]<\/p>\n<p><a href=\"https:\/\/www.szymonmika.com\/\"><\/a><\/p>\n<h3><strong>lor<\/strong><\/h3>\n<h2 class=\"et_pb_module_header\"><\/h2>\n<p><span style=\"color: #f56ea0;\"><strong>Folkig-subtile Songs von vier jungen Musikerinnen, in ihre Klangwelt einladen: Poetisch-melancholische Kompositionen, sanft und doch intensiv, pr\u00e4gen den Sound des Quartetts.<br \/> In Polen haben sie bereits gro\u00dfe B\u00fchnen erobert \u2013 nun kann man sich von dieser au\u00dfergew\u00f6hnlichen Band auch in N\u00fcrnberg \u00fcberzeugen.<br \/> <\/strong><\/span><\/p>\n<p>Die vier Musikerinnen der Folk-Band<strong> LOR<\/strong> sorgten vor drei Jahren mit ihrem Song \u201eWindmill\u201c in Polen auf Anhieb f\u00fcr Furore: Auf Youtube ein Hit, lud man sie schnell ins nationale Fernsehen ein und kurz darauf standen sie auf den gro\u00dfen (Festival-)B\u00fchnen Polens. LOR stammen aus Krakau und haben im Fr\u00fchjahr dieses Jahres ihr Deb\u00fctalbum \u201eLowlight\u201c\u00a0 ver\u00f6ffentlicht. Ihre folkigen, subtilen Songs\u00a0 ber\u00fchren die Herzen ihrer Fans und laden zum Tr\u00e4umen ein. Poetisch-melancholische Kompositionen, sanft und doch intensiv, pr\u00e4gen den Sound des Quartetts. Das feingestimmte Zusammenspiel <strong>von Paulina Sumera, Julia B<\/strong><strong>\u0142achuta<\/strong> und <strong>Julia Skiba<\/strong> erg\u00e4nzt perfekt die zerbrechlich-zarten Stimme von <strong>Jagoda Kudli\u0144ska<\/strong>. Die Musik von LOR ist von Tom Rosenthal, S\u00f3ley, Agnes Obel und Birdy, inspiriert, doch haben die vier ihre eigene Klangwelt entwickelt, in der sie sich \u2013 und das h\u00f6rt man sofort \u2013 sehr wohl f\u00fchlen.<\/p>\n<p><a href=\"https:\/\/www.facebook.com\/bandlor\/\">https:\/\/www.facebook.com\/bandlor\/<\/a><\/p>\n<p><strong><\/strong><\/p>\n<p>[\/et_pb_text][et_pb_button button_url=&#8220;https:\/\/open.spotify.com\/album\/1rPn6j2wYx5ZW409DT2Sdr&#8220; url_new_window=&#8220;on&#8220; button_text=&#8220;listen on spotify 1&#8243; button_alignment=&#8220;left&#8220; button_alignment_tablet=&#8220;left&#8220; button_alignment_phone=&#8220;&#8220; button_alignment_last_edited=&#8220;on|desktop&#8220; _builder_version=&#8220;4.6.1&#8243; custom_button=&#8220;on&#8220; button_text_size=&#8220;14px&#8220; button_text_color=&#8220;#f56ea0&#8243; button_bg_color=&#8220;rgba(244,106,160,0.1)&#8220; button_bg_color_gradient_start=&#8220;#ffb397&#8243; button_bg_color_gradient_end=&#8220;#f46aa0&#8243; button_bg_color_gradient_direction=&#8220;90deg&#8220; button_border_width=&#8220;0px&#8220; button_border_radius=&#8220;0px&#8220; button_letter_spacing=&#8220;6px&#8220; button_font=&#8220;Open Sans|700||on|||||&#8220; button_icon=&#8220;%%225%%&#8220; button_on_hover=&#8220;off&#8220; custom_margin=&#8220;||40px|||&#8220; custom_padding=&#8220;20px|40px|20px|32px|true|false&#8220; locked=&#8220;off&#8220;][\/et_pb_button][et_pb_video src=&#8220;https:\/\/www.youtube.com\/watch?v=o4u27lx5rxk&#8220; _builder_version=&#8220;4.6.1&#8243;][\/et_pb_video][et_pb_video src=&#8220;https:\/\/www.youtube.com\/watch?v=VxQQ_MQRsmo&#8220; _builder_version=&#8220;4.6.1&#8243;][\/et_pb_video][\/et_pb_column][\/et_pb_row][et_pb_row _builder_version=&#8220;4.4.1&#8243;][et_pb_column type=&#8220;4_4&#8243; _builder_version=&#8220;4.4.1&#8243;][et_pb_gallery gallery_ids=&#8220;1524,1393,1419,1417&#8243; show_title_and_caption=&#8220;off&#8220; show_pagination=&#8220;off&#8220; _builder_version=&#8220;4.6.1&#8243;][\/et_pb_gallery][\/et_pb_column][\/et_pb_row][et_pb_row _builder_version=&#8220;4.4.1&#8243; width=&#8220;100%&#8220; max_width=&#8220;1112px&#8220;][et_pb_column type=&#8220;4_4&#8243; _builder_version=&#8220;4.4.1&#8243;][et_pb_text _builder_version=&#8220;4.4.1&#8243; custom_margin=&#8220;|||5px|false|false&#8220; custom_margin_tablet=&#8220;|||-1px|false|false&#8220; custom_margin_phone=&#8220;|||0px|false|false&#8220; custom_margin_last_edited=&#8220;on|desktop&#8220;]<\/p>\n<p style=\"text-align: left;\"><span style=\"color: #ff99cc;\">Fotos: Kat Pfeiffer<br \/><\/span><\/p>\n<p>[\/et_pb_text][\/et_pb_column][\/et_pb_row][et_pb_row column_structure=&#8220;1_5,1_5,1_5,1_5,1_5&#8243; _builder_version=&#8220;3.27.2&#8243; locked=&#8220;off&#8220;][et_pb_column type=&#8220;1_5&#8243; _builder_version=&#8220;3.27.2&#8243;][et_pb_button button_url=&#8220;https:\/\/www.polenallergie.de\/index.php\/2019-10-19-yumi-ito-szymon-mika-2019-archiv-neu\/&#8220; button_text=&#8220;ZUM VORHERIGEN KONZERT&#8220; button_alignment=&#8220;center&#8220; _builder_version=&#8220;4.6.1&#8243; custom_button=&#8220;on&#8220; button_text_size=&#8220;12px&#8220; button_border_width=&#8220;0px&#8220; button_border_radius=&#8220;5px&#8220; button_letter_spacing=&#8220;1px&#8220; button_font=&#8220;|700|||||||&#8220; button_icon=&#8220;%%179%%&#8220; button_icon_placement=&#8220;left&#8220; button_on_hover=&#8220;off&#8220; custom_margin=&#8220;|-24px||-24px|false|true&#8220; custom_margin_tablet=&#8220;|10px||0px|false|false&#8220; custom_margin_phone=&#8220;|0px||0px|false|true&#8220; custom_margin_last_edited=&#8220;on|desktop&#8220; custom_padding=&#8220;5px|0px|5px|0px|true|true&#8220; locked=&#8220;off&#8220;][\/et_pb_button][\/et_pb_column][et_pb_column type=&#8220;1_5&#8243; _builder_version=&#8220;3.27.2&#8243;][et_pb_text disabled_on=&#8220;on|on|off&#8220; _builder_version=&#8220;3.27.4&#8243; locked=&#8220;off&#8220;]<\/p>\n<p><span style=\"color: #ffffff;\">\/<\/span><\/p>\n<p>[\/et_pb_text][\/et_pb_column][et_pb_column type=&#8220;1_5&#8243; _builder_version=&#8220;3.27.2&#8243;][et_pb_text disabled_on=&#8220;on|on|off&#8220; _builder_version=&#8220;3.27.4&#8243;]<\/p>\n<p><span style=\"color: #ffffff;\">\/<\/span><\/p>\n<p>[\/et_pb_text][\/et_pb_column][et_pb_column type=&#8220;1_5&#8243; _builder_version=&#8220;3.27.2&#8243;][et_pb_text disabled_on=&#8220;on|on|off&#8220; _builder_version=&#8220;3.27.4&#8243; locked=&#8220;off&#8220;]<\/p>\n<p><span style=\"color: #ffffff;\">\/<\/span><\/p>\n<p>[\/et_pb_text][\/et_pb_column][et_pb_column type=&#8220;1_5&#8243; _builder_version=&#8220;3.27.2&#8243;][et_pb_button button_url=&#8220;https:\/\/www.polenallergie.de\/index.php\/2019-11-02-skicki-skiuk-archiv\/&#8220; button_text=&#8220;ZUM N\u00c4CHSTEN KONZERT&#8220; button_alignment=&#8220;center&#8220; _builder_version=&#8220;4.6.1&#8243; custom_button=&#8220;on&#8220; button_text_size=&#8220;12px&#8220; button_border_width=&#8220;0px&#8220; button_border_radius=&#8220;5px&#8220; button_letter_spacing=&#8220;1px&#8220; button_font=&#8220;|700|||||||&#8220; button_icon=&#8220;%%180%%&#8220; button_on_hover=&#8220;off&#8220; custom_margin=&#8220;|-24px||-24px|false|true&#8220; custom_margin_tablet=&#8220;|10px||0px|false|false&#8220; custom_margin_phone=&#8220;|0px||0px|false|true&#8220; custom_margin_last_edited=&#8220;on|phone&#8220; custom_padding=&#8220;5px|0px|5px|0px|true|true&#8220; hover_enabled=&#8220;0&#8243; sticky_enabled=&#8220;0&#8243;][\/et_pb_button][\/et_pb_column][\/et_pb_row][\/et_pb_section]<\/p>\n","protected":false},"excerpt":{"rendered":"<p>Foto: Kat PfeifferOkt 26\u00a0 20 UHR \u00a0 lor Folkig-subtile Songs von vier jungen Musikerinnen, in ihre Klangwelt einladen: Poetisch-melancholische Kompositionen, sanft und doch intensiv, pr\u00e4gen den Sound des Quartetts. In Polen haben sie bereits gro\u00dfe B\u00fchnen erobert \u2013 nun kann man sich von dieser au\u00dfergew\u00f6hnlichen Band auch in N\u00fcrnberg \u00fcberzeugen. Die vier Musikerinnen der Folk-Band [&hellip;]<\/p>\n","protected":false},"author":2,"featured_media":0,"parent":0,"menu_order":0,"comment_status":"closed","ping_status":"closed","template":"","meta":{"_et_pb_use_builder":"on","_et_pb_old_content":"","_et_gb_content_width":""},"_links":{"self":[{"href":"https:\/\/www.polenallergie.de\/index.php\/wp-json\/wp\/v2\/pages\/1518"}],"collection":[{"href":"https:\/\/www.polenallergie.de\/index.php\/wp-json\/wp\/v2\/pages"}],"about":[{"href":"https:\/\/www.polenallergie.de\/index.php\/wp-json\/wp\/v2\/types\/page"}],"author":[{"embeddable":true,"href":"https:\/\/www.polenallergie.de\/index.php\/wp-json\/wp\/v2\/users\/2"}],"replies":[{"embeddable":true,"href":"https:\/\/www.polenallergie.de\/index.php\/wp-json\/wp\/v2\/comments?post=1518"}],"version-history":[{"count":4,"href":"https:\/\/www.polenallergie.de\/index.php\/wp-json\/wp\/v2\/pages\/1518\/revisions"}],"predecessor-version":[{"id":1539,"href":"https:\/\/www.polenallergie.de\/index.php\/wp-json\/wp\/v2\/pages\/1518\/revisions\/1539"}],"wp:attachment":[{"href":"https:\/\/www.polenallergie.de\/index.php\/wp-json\/wp\/v2\/media?parent=1518"}],"curies":[{"name":"wp","href":"https:\/\/api.w.org\/{rel}","templated":true}]}}