{"id":2051,"date":"2021-08-11T18:25:25","date_gmt":"2021-08-11T16:25:25","guid":{"rendered":"http:\/\/www.polenallergie.de\/?page_id=2051"},"modified":"2021-10-09T10:04:57","modified_gmt":"2021-10-09T08:04:57","slug":"2021-10-09-neal-cassady-2021","status":"publish","type":"page","link":"https:\/\/www.polenallergie.de\/index.php\/archiv\/2021-10-09-neal-cassady-2021\/","title":{"rendered":"2021-10-09 Neal Cassady 2021"},"content":{"rendered":"<p>[et_pb_section fb_built=&#8220;1&#8243; admin_label=&#8220;Gallery&#8220; _builder_version=&#8220;3.27.2&#8243; use_background_color_gradient=&#8220;on&#8220; background_color_gradient_start=&#8220;rgba(239,86,86,0.82)&#8220; background_color_gradient_end=&#8220;rgba(68,45,133,0.79)&#8220; custom_margin=&#8220;||||false|false&#8220; custom_padding=&#8220;||102px||false|false&#8220; locked=&#8220;off&#8220; global_colors_info=&#8220;{}&#8220;][et_pb_row column_structure=&#8220;1_2,1_2&#8243; use_custom_gutter=&#8220;on&#8220; gutter_width=&#8220;1&#8243; _builder_version=&#8220;3.27.2&#8243; transform_scale_tablet=&#8220;&#8220; transform_scale_phone=&#8220;&#8220; transform_scale_last_edited=&#8220;on|desktop&#8220; transform_translate=&#8220;2vw|0px&#8220; transform_translate_tablet=&#8220;0px|0px&#8220; transform_translate_phone=&#8220;&#8220; transform_translate_last_edited=&#8220;on|desktop&#8220; transform_translate_linked=&#8220;off&#8220; transform_rotate_tablet=&#8220;&#8220; transform_rotate_phone=&#8220;&#8220; transform_rotate_last_edited=&#8220;on|desktop&#8220; transform_skew_tablet=&#8220;&#8220; transform_skew_phone=&#8220;&#8220; transform_skew_last_edited=&#8220;on|desktop&#8220; transform_origin_tablet=&#8220;&#8220; transform_origin_phone=&#8220;&#8220; transform_origin_last_edited=&#8220;on|desktop&#8220; transform_styles_last_edited=&#8220;on|desktop&#8220; custom_padding=&#8220;26px||2px||false|false&#8220; transform_styles_tablet=&#8220;&#8220; transform_styles_phone=&#8220;&#8220; global_colors_info=&#8220;{}&#8220;][et_pb_column type=&#8220;1_2&#8243; _builder_version=&#8220;3.25.3&#8243; global_colors_info=&#8220;{}&#8220; custom_padding__hover=&#8220;|||&#8220;][\/et_pb_column][et_pb_column type=&#8220;1_2&#8243; _builder_version=&#8220;3.25.3&#8243; global_colors_info=&#8220;{}&#8220; custom_padding__hover=&#8220;|||&#8220;][et_pb_image src=&#8220;https:\/\/www.polenallergie.de\/pa\/wp-content\/uploads\/2021\/08\/02-Bartosz-Ban\u2560ueka-Soundrive.jpg&#8220; title_text=&#8220;02 Bartosz Ban\u2560\u00fcka Soundrive&#8220; align_tablet=&#8220;&#8220; align_phone=&#8220;&#8220; align_last_edited=&#8220;on|desktop&#8220; _builder_version=&#8220;4.8.2&#8243; custom_margin=&#8220;|-8vw|0px||false|false&#8220; custom_margin_tablet=&#8220;0px|0vw|-2px||false|false&#8220; custom_margin_phone=&#8220;&#8220; custom_margin_last_edited=&#8220;on|phone&#8220; custom_padding=&#8220;3px||0px||false|false&#8220; box_shadow_style=&#8220;preset3&#8243; box_shadow_vertical=&#8220;40px&#8220; box_shadow_blur=&#8220;80px&#8220; box_shadow_color=&#8220;rgba(131,146,167,0.15)&#8220; global_colors_info=&#8220;{}&#8220;][\/et_pb_image][\/et_pb_column][\/et_pb_row][et_pb_row column_structure=&#8220;1_2,1_2&#8243; use_custom_gutter=&#8220;on&#8220; gutter_width=&#8220;1&#8243; _builder_version=&#8220;3.25.3&#8243; transform_scale_tablet=&#8220;&#8220; transform_scale_phone=&#8220;&#8220; transform_scale_last_edited=&#8220;on|desktop&#8220; transform_translate=&#8220;2vw|0px&#8220; transform_translate_tablet=&#8220;0px|0px&#8220; transform_translate_phone=&#8220;&#8220; transform_translate_last_edited=&#8220;on|desktop&#8220; transform_translate_linked=&#8220;off&#8220; transform_rotate_tablet=&#8220;&#8220; transform_rotate_phone=&#8220;&#8220; transform_rotate_last_edited=&#8220;on|desktop&#8220; transform_skew_tablet=&#8220;&#8220; transform_skew_phone=&#8220;&#8220; transform_skew_last_edited=&#8220;on|desktop&#8220; transform_origin_tablet=&#8220;&#8220; transform_origin_phone=&#8220;&#8220; transform_origin_last_edited=&#8220;on|desktop&#8220; transform_styles_last_edited=&#8220;on|desktop&#8220; custom_padding=&#8220;0px||0px||true|&#8220; transform_styles_tablet=&#8220;&#8220; transform_styles_phone=&#8220;&#8220; global_colors_info=&#8220;{}&#8220;][et_pb_column type=&#8220;1_2&#8243; _builder_version=&#8220;3.25.3&#8243; global_colors_info=&#8220;{}&#8220; custom_padding__hover=&#8220;|||&#8220;][et_pb_button button_url=&#8220;#&#8220; button_text=&#8220;neal cassady| neopsychedelic garage&#8220; button_alignment=&#8220;right&#8220; button_alignment_tablet=&#8220;left&#8220; button_alignment_phone=&#8220;left&#8220; button_alignment_last_edited=&#8220;on|desktop&#8220; _builder_version=&#8220;4.8.2&#8243; custom_button=&#8220;on&#8220; button_text_size=&#8220;14px&#8220; button_text_color=&#8220;#ffffff&#8220; button_bg_color=&#8220;#f46aa0&#8243; button_bg_use_color_gradient=&#8220;on&#8220; button_bg_color_gradient_start=&#8220;#ffb397&#8243; button_bg_color_gradient_end=&#8220;#f46aa0&#8243; button_bg_color_gradient_direction=&#8220;90deg&#8220; button_border_width=&#8220;0px&#8220; button_border_color=&#8220;rgba(0,0,0,0)&#8220; button_border_radius=&#8220;0px&#8220; button_letter_spacing=&#8220;5px&#8220; button_font=&#8220;Open Sans|700||on|||||&#8220; button_use_icon=&#8220;off&#8220; transform_scale_tablet=&#8220;&#8220; transform_scale_phone=&#8220;&#8220; transform_scale_last_edited=&#8220;on|desktop&#8220; transform_translate=&#8220;0%|0%&#8220; transform_translate_tablet=&#8220;0%|0%&#8220; transform_translate_phone=&#8220;&#8220; transform_translate_last_edited=&#8220;on|desktop&#8220; transform_translate_linked=&#8220;off&#8220; transform_rotate_tablet=&#8220;&#8220; transform_rotate_phone=&#8220;&#8220; transform_rotate_last_edited=&#8220;on|desktop&#8220; transform_skew_tablet=&#8220;&#8220; transform_skew_phone=&#8220;&#8220; transform_skew_last_edited=&#8220;on|desktop&#8220; transform_origin_tablet=&#8220;&#8220; transform_origin_phone=&#8220;&#8220; transform_origin_last_edited=&#8220;on|desktop&#8220; transform_styles_last_edited=&#8220;on|desktop&#8220; z_index=&#8220;1&#8243; background_layout=&#8220;dark&#8220; custom_margin=&#8220;||0px&#8220; custom_margin_tablet=&#8220;|||60px&#8220; custom_margin_phone=&#8220;|||-55px&#8220; custom_margin_last_edited=&#8220;off|desktop&#8220; custom_padding=&#8220;30px|40px|30px|40px|true|true&#8220; hover_transition_duration=&#8220;0ms&#8220; hover_transition_speed_curve=&#8220;linear&#8220; transform_styles_tablet=&#8220;&#8220; transform_styles_phone=&#8220;&#8220; box_shadow_style=&#8220;preset3&#8243; box_shadow_vertical=&#8220;14px&#8220; box_shadow_blur=&#8220;80px&#8220; box_shadow_color=&#8220;#680013&#8243; box_shadow_color_tablet=&#8220;#6d0014&#8243; box_shadow_color_last_edited=&#8220;off|tablet&#8220; locked=&#8220;off&#8220; global_colors_info=&#8220;{}&#8220; transform_styles__hover_enabled=&#8220;off|desktop&#8220; transform_scale__hover_enabled=&#8220;off|desktop&#8220; transform_translate__hover_enabled=&#8220;off|desktop&#8220; transform_rotate__hover_enabled=&#8220;off|desktop&#8220; transform_skew__hover_enabled=&#8220;off|desktop&#8220; transform_origin__hover_enabled=&#8220;off|desktop&#8220;][\/et_pb_button][\/et_pb_column][et_pb_column type=&#8220;1_2&#8243; _builder_version=&#8220;3.25.3&#8243; global_colors_info=&#8220;{}&#8220; custom_padding__hover=&#8220;|||&#8220;][et_pb_text _builder_version=&#8220;4.8.2&#8243; custom_margin=&#8220;|||-11px|false|false&#8220; custom_margin_tablet=&#8220;|||0px|false|false&#8220; custom_margin_phone=&#8220;&#8220; custom_margin_last_edited=&#8220;on|desktop&#8220; global_colors_info=&#8220;{}&#8220;]<\/p>\n<p><span style=\"color: #ff99cc;\">\u00a0\u00a0\u00a0 Foto: Bartosz Ban\u2560\u00fcka<br \/> <\/span><\/p>\n<p>[\/et_pb_text][\/et_pb_column][\/et_pb_row][\/et_pb_section][et_pb_section fb_built=&#8220;1&#8243; admin_label=&#8220;Services&#8220; _builder_version=&#8220;3.25.3&#8243; background_color=&#8220;rgba(0,0,0,0)&#8220; z_index=&#8220;1&#8243; custom_padding=&#8220;0px|||||&#8220; locked=&#8220;off&#8220; global_colors_info=&#8220;{}&#8220;][et_pb_row custom_padding_last_edited=&#8220;on|phone&#8220; _builder_version=&#8220;3.27.2&#8243; background_color=&#8220;#ffffff&#8220; max_width=&#8220;660px&#8220; custom_margin=&#8220;-3vw|auto||auto|false|&#8220; custom_margin_tablet=&#8220;&#8220; custom_margin_phone=&#8220;&#8220; custom_margin_last_edited=&#8220;on|phone&#8220; custom_padding=&#8220;96px|60px|96px|60px|true|true&#8220; custom_padding_tablet=&#8220;60px||60px|40px|true&#8220; custom_padding_phone=&#8220;|20px||20px||true&#8220; hover_enabled=&#8220;0&#8243; box_shadow_style=&#8220;preset3&#8243; box_shadow_vertical=&#8220;40px&#8220; box_shadow_blur=&#8220;80px&#8220; box_shadow_color=&#8220;rgba(131,146,167,0.15)&#8220; global_colors_info=&#8220;{}&#8220; sticky_enabled=&#8220;0&#8243;][et_pb_column type=&#8220;4_4&#8243; _builder_version=&#8220;3.25.3&#8243; global_colors_info=&#8220;{}&#8220;][et_pb_text _builder_version=&#8220;4.10.8&#8243; header_font=&#8220;||||||||&#8220; header_2_font=&#8220;Fjalla One||||||||&#8220; header_2_font_size=&#8220;33px&#8220; header_2_line_height=&#8220;1.2em&#8220; min_height=&#8220;79px&#8220; custom_margin=&#8220;-33px|||||&#8220; custom_padding=&#8220;||0px||false|false&#8220; hover_enabled=&#8220;0&#8243; header_2_font_size_tablet=&#8220;50px&#8220; header_2_font_size_phone=&#8220;30px&#8220; header_2_font_size_last_edited=&#8220;on|phone&#8220; locked=&#8220;off&#8220; global_colors_info=&#8220;{}&#8220; sticky_enabled=&#8220;0&#8243;]<\/p>\n<h2 style=\"text-align: left;\">Okt 09\u00a0 <span style=\"color: #ff5566;\"><span style=\"color: #f56ea0;\">18 UHR<\/span><br \/><\/span><\/h2>\n<h2><span style=\"color: #f56ea0;\"><em>\u00a0<\/em><\/span><\/h2>\n<p>[\/et_pb_text][et_pb_text _builder_version=&#8220;4.8.2&#8243; text_font=&#8220;||||||||&#8220; text_font_size=&#8220;16px&#8220; text_line_height=&#8220;1.8em&#8220; link_font=&#8220;|700||on|||||&#8220; link_text_align=&#8220;right&#8220; link_text_color=&#8220;#ff9c7a&#8220; link_font_size=&#8220;12px&#8220; link_letter_spacing=&#8220;4px&#8220; header_font=&#8220;||||||||&#8220; header_3_font=&#8220;Fjalla One|||on|||||&#8220; header_3_font_size=&#8220;30px&#8220; header_3_letter_spacing=&#8220;10px&#8220; header_3_line_height=&#8220;1.2em&#8220; width_phone=&#8220;100%&#8220; width_last_edited=&#8220;off|phone&#8220; min_height=&#8220;673px&#8220; custom_margin=&#8220;||10px&#8220; custom_padding=&#8220;||0px|||&#8220; header_3_font_size_tablet=&#8220;25px&#8220; header_3_font_size_phone=&#8220;20px&#8220; header_3_font_size_last_edited=&#8220;on|phone&#8220; global_colors_info=&#8220;{}&#8220;]<\/p>\n<p>Wir freuen uns immens, dass nun endlich das langerwartete Konzert von Neal Cassady stattfinden kann! Die Band sollte eigentlich zusammen mit der K\u00fcnstlerin Agata Kus bei der Blauen Nacht 2020 auftreten und nun k\u00f6nnen wir das Event endlich nachholen! Herausfordernd, wagemutig und h\u00f6chst alternativ, das ist die Musik der jungen Krakauer Band Neal Cassady. Der Geist der Dead Kennedys und The Clash weht, gepaart mit Garage und Neo-Psychedelic sowie einer unversch\u00e4mt l\u00e4ssigen Attit\u00fcde durch die Songs der Band, deren Vorbild der gleichnamige Vordenker und Lichtgestalt US-amerikanischen Beat-Szene ist. Die junge Band trat bereits bei vielen wichtigen Festivals in Polen auf. Eines der Highlights ist ihr Gig beim Jarocin Festiwal, dem Inbegriff polnischer Alternative-Kultur. Die Musiker sind der Kunst sehr zugetan und garnieren ihre Musik gerne mit Arbeiten aus den Reihen der jungen polnischen Kunstszene.<\/p>\n<p>So kam die Kollaboration mit der ebenfalls aus Krakau stammenden <strong>Agata Kus<\/strong> zusammen, dem aufgehenden Stern der jungen polnischen Kunstszene. Agata wird bei uns vor dem Konzert ihre Ausstellung in Rahmen von <a href=\"https:\/\/www.artweekendnuernberg.com\/\"><strong>ArtWeekend N\u00fcrnberg<\/strong> <\/a>er\u00f6ffnen.<\/p>\n<p>Es wird aufregend, hochenergetisch und edgy. Ein audiovisuelles Erlebnis frisch aus dem Krakauer Underground. Ein echtes Wagnis, sich voll und ganz dem Kunstgenuss hinzugeben!<\/p>\n<p>&nbsp;<\/p>\n<p><a href=\"https:\/\/www.facebook.com\/NealCassadyMusic\">https:\/\/www.facebook.com\/NealCassadyMusic<\/a><\/p>\n<p><a href=\"https:\/\/open.spotify.com\/artist\/5foU60Y9oYTlMXz4yfm3oN?si=gZNQuoq7Ts6yYo6BKLT0nw&amp;dl_branch=1\">https:\/\/open.spotify.com\/artist\/5foU60Y9oYTlMXz4yfm3oN?si=gZNQuoq7Ts6yYo6BKLT0nw&amp;dl_branch=1<\/a><\/p>\n<p><span><\/span><\/p>\n<p><strong>Veranstaltungsort:<\/strong><o:p><\/o:p><\/p>\n<p><strong><span style=\"color: #b900e8;\">Open Air <\/span>&#8211; am Kulturzentum im Krakauer Haus, Hintere Insel Sch\u00fctt 34, 90403 N\u00dcRNBERG<\/strong><o:p><\/o:p><\/p>\n<p><strong>EINTRITT FREI<\/strong><strong><a href=\"https:\/\/www.eventim-light.com\/de\/a\/5f65135cd40bf61f202eb351\/e\/5f651764d40bf61f202eb36a\/\">.<\/a><\/strong><o:p><\/o:p><\/p>\n<p><strong>VERANSTALTER: KULTURZENTRUM IM KRAKAUER HAUS<\/strong><o:p><\/o:p><\/p>\n<p><strong>in Kooperation mit Amt f\u00fcr Internationale Beziehungen<\/strong><o:p><\/o:p><\/p>\n<p><a href=\"http:\/\/www.krakauer-haus.de\/index.php\/2019\/06\/23\/40-jahre-staedtepartnerschaft-krakau-nuernberg\/\"><\/a><\/p>\n<p><strong><\/strong><\/p>\n<p>[\/et_pb_text][et_pb_button button_url=&#8220;https:\/\/open.spotify.com\/artist\/5foU60Y9oYTlMXz4yfm3oN?si=gZNQuoq7Ts6yYo6BKLT0nw&#038;dl_branch=1&#8243; url_new_window=&#8220;on&#8220; button_text=&#8220;listen on spotify&#8220; button_alignment=&#8220;left&#8220; button_alignment_tablet=&#8220;left&#8220; button_alignment_phone=&#8220;&#8220; button_alignment_last_edited=&#8220;on|desktop&#8220; _builder_version=&#8220;4.8.2&#8243; custom_button=&#8220;on&#8220; button_text_size=&#8220;14px&#8220; button_text_color=&#8220;#f56ea0&#8243; button_bg_color=&#8220;rgba(244,106,160,0.1)&#8220; button_bg_color_gradient_start=&#8220;#ffb397&#8243; button_bg_color_gradient_end=&#8220;#f46aa0&#8243; button_bg_color_gradient_direction=&#8220;90deg&#8220; button_border_width=&#8220;0px&#8220; button_border_radius=&#8220;0px&#8220; button_letter_spacing=&#8220;6px&#8220; button_font=&#8220;Open Sans|700||on|||||&#8220; button_icon=&#8220;%%225%%&#8220; button_on_hover=&#8220;off&#8220; custom_margin=&#8220;||40px|||&#8220; custom_padding=&#8220;20px|40px|20px|32px|true|false&#8220; locked=&#8220;off&#8220; global_colors_info=&#8220;{}&#8220;][\/et_pb_button][et_pb_video src=&#8220;https:\/\/www.youtube.com\/watch?v=Qb1XSaro2d8&#8243; _builder_version=&#8220;4.8.2&#8243; global_colors_info=&#8220;{}&#8220;][\/et_pb_video][et_pb_video src=&#8220;https:\/\/www.youtube.com\/watch?v=mWh7t5DBX9Q&#8220; _builder_version=&#8220;4.8.2&#8243; global_colors_info=&#8220;{}&#8220;][\/et_pb_video][et_pb_video src=&#8220;<iframe src=%22https:\/\/www.facebook.com\/plugins\/video.php?height=314&#038;href=https%3A%2F%2Fwww.facebook.com%2FWianki%2Fvideos%2F360723421625603%2F&#038;show_text=false&#038;width=560&#038;t=0%22 width=%22560%22 height=%22314%22 style=%22border:none;overflow:hidden%22 scrolling=%22no%22 frameborder=%220%22 allowfullscreen=%22true%22 allow=%22autoplay; clipboard-write; encrypted-media; picture-in-picture; web-share%22 allowFullScreen=%22true%22><\/iframe>&#8220; _builder_version=&#8220;4.8.2&#8243; _module_preset=&#8220;default&#8220; global_colors_info=&#8220;{}&#8220;][\/et_pb_video][et_pb_video src=&#8220;https:\/\/youtu.be\/vHnRg3B7nV8&#8243; _builder_version=&#8220;4.8.2&#8243; _module_preset=&#8220;default&#8220; global_colors_info=&#8220;{}&#8220;][\/et_pb_video][et_pb_text _builder_version=&#8220;4.8.2&#8243; _module_preset=&#8220;default&#8220; global_colors_info=&#8220;{}&#8220;]<\/p>\n<p><strong><a href=\"http:\/\/www.krakauer-haus.de\/index.php\/krakauer-zu-haus\/\">KRAKAUER (ZU) HAUS<\/a><\/strong><br \/> Mit der Kamera bei Krakauer K\u00fcnstlern.<br \/> Eine Reihe von Videointerviews hinter den Kulissen der Krakauer Kulturszene 2020-2021.<\/p>\n<p><strong>Part 3 &#8211; Agata Kus &amp; Neal Cassady<br \/> <\/strong><\/p>\n<p>[\/et_pb_text][\/et_pb_column][\/et_pb_row][et_pb_row column_structure=&#8220;1_5,1_5,1_5,1_5,1_5&#8243; _builder_version=&#8220;3.27.2&#8243; locked=&#8220;off&#8220; global_colors_info=&#8220;{}&#8220;][et_pb_column type=&#8220;1_5&#8243; _builder_version=&#8220;3.27.2&#8243; global_colors_info=&#8220;{}&#8220;][et_pb_button button_url=&#8220;@ET-DC@eyJkeW5hbWljIjp0cnVlLCJjb250ZW50IjoicG9zdF9saW5rX3VybF9wYWdlIiwic2V0dGluZ3MiOnsicG9zdF9pZCI6IjI1MCJ9fQ==@&#8220; button_text=&#8220;ZUM VORHERIGEN KONZERT&#8220; button_alignment=&#8220;center&#8220; _builder_version=&#8220;4.8.2&#8243; _dynamic_attributes=&#8220;button_url&#8220; custom_button=&#8220;on&#8220; button_text_size=&#8220;12px&#8220; button_border_width=&#8220;0px&#8220; button_border_radius=&#8220;5px&#8220; button_letter_spacing=&#8220;1px&#8220; button_font=&#8220;|700|||||||&#8220; button_icon=&#8220;%%180%%&#8220; button_on_hover=&#8220;off&#8220; custom_margin=&#8220;|-24px||-24px|false|true&#8220; custom_margin_tablet=&#8220;|10px||0px|false|false&#8220; custom_margin_phone=&#8220;|0px||0px|false|true&#8220; custom_margin_last_edited=&#8220;on|desktop&#8220; custom_padding=&#8220;5px|0px|5px|0px|true|true&#8220; global_colors_info=&#8220;{}&#8220;][\/et_pb_button][\/et_pb_column][et_pb_column type=&#8220;1_5&#8243; _builder_version=&#8220;3.27.2&#8243; global_colors_info=&#8220;{}&#8220;][\/et_pb_column][et_pb_column type=&#8220;1_5&#8243; _builder_version=&#8220;3.27.2&#8243; global_colors_info=&#8220;{}&#8220;][\/et_pb_column][et_pb_column type=&#8220;1_5&#8243; _builder_version=&#8220;3.27.2&#8243; global_colors_info=&#8220;{}&#8220;][\/et_pb_column][et_pb_column type=&#8220;1_5&#8243; _builder_version=&#8220;3.27.2&#8243; global_colors_info=&#8220;{}&#8220;][\/et_pb_column][\/et_pb_row][\/et_pb_section]<\/p>\n","protected":false},"excerpt":{"rendered":"<p>\u00a0\u00a0\u00a0 Foto: Bartosz Ban\u2560\u00fcka Okt 09\u00a0 18 UHR \u00a0Wir freuen uns immens, dass nun endlich das langerwartete Konzert von Neal Cassady stattfinden kann! Die Band sollte eigentlich zusammen mit der K\u00fcnstlerin Agata Kus bei der Blauen Nacht 2020 auftreten und nun k\u00f6nnen wir das Event endlich nachholen! Herausfordernd, wagemutig und h\u00f6chst alternativ, das ist die [&hellip;]<\/p>\n","protected":false},"author":2,"featured_media":0,"parent":54,"menu_order":0,"comment_status":"closed","ping_status":"closed","template":"","meta":{"_et_pb_use_builder":"on","_et_pb_old_content":"","_et_gb_content_width":""},"_links":{"self":[{"href":"https:\/\/www.polenallergie.de\/index.php\/wp-json\/wp\/v2\/pages\/2051"}],"collection":[{"href":"https:\/\/www.polenallergie.de\/index.php\/wp-json\/wp\/v2\/pages"}],"about":[{"href":"https:\/\/www.polenallergie.de\/index.php\/wp-json\/wp\/v2\/types\/page"}],"author":[{"embeddable":true,"href":"https:\/\/www.polenallergie.de\/index.php\/wp-json\/wp\/v2\/users\/2"}],"replies":[{"embeddable":true,"href":"https:\/\/www.polenallergie.de\/index.php\/wp-json\/wp\/v2\/comments?post=2051"}],"version-history":[{"count":12,"href":"https:\/\/www.polenallergie.de\/index.php\/wp-json\/wp\/v2\/pages\/2051\/revisions"}],"predecessor-version":[{"id":2230,"href":"https:\/\/www.polenallergie.de\/index.php\/wp-json\/wp\/v2\/pages\/2051\/revisions\/2230"}],"up":[{"embeddable":true,"href":"https:\/\/www.polenallergie.de\/index.php\/wp-json\/wp\/v2\/pages\/54"}],"wp:attachment":[{"href":"https:\/\/www.polenallergie.de\/index.php\/wp-json\/wp\/v2\/media?parent=2051"}],"curies":[{"name":"wp","href":"https:\/\/api.w.org\/{rel}","templated":true}]}}