{"id":2263,"date":"2022-09-03T13:23:34","date_gmt":"2022-09-03T11:23:34","guid":{"rendered":"http:\/\/www.polenallergie.de\/?page_id=2263"},"modified":"2022-09-14T09:46:01","modified_gmt":"2022-09-14T07:46:01","slug":"2022-09-24-kasia-pietrzko-trio-2022","status":"publish","type":"page","link":"https:\/\/www.polenallergie.de\/index.php\/archiv\/2022-09-24-kasia-pietrzko-trio-2022\/","title":{"rendered":"2022-09-24 Kasia Pietrzko Trio 2022"},"content":{"rendered":"<p>[et_pb_section fb_built=&#8220;1&#8243; admin_label=&#8220;Gallery&#8220; _builder_version=&#8220;4.16&#8243; use_background_color_gradient=&#8220;on&#8220; background_color_gradient_stops=&#8220;rgba(239,86,86,0.82) 0%|rgba(68,45,133,0.79) 100%&#8220; background_color_gradient_start=&#8220;rgba(239,86,86,0.82)&#8220; background_color_gradient_end=&#8220;rgba(68,45,133,0.79)&#8220; custom_margin=&#8220;||||false|false&#8220; custom_padding=&#8220;||102px||false|false&#8220; locked=&#8220;off&#8220; global_colors_info=&#8220;{}&#8220;][et_pb_row column_structure=&#8220;1_2,1_2&#8243; use_custom_gutter=&#8220;on&#8220; gutter_width=&#8220;1&#8243; _builder_version=&#8220;4.16&#8243; transform_scale_tablet=&#8220;&#8220; transform_scale_phone=&#8220;&#8220; transform_scale_last_edited=&#8220;on|desktop&#8220; transform_translate=&#8220;2vw|0px&#8220; transform_translate_tablet=&#8220;0px|0px&#8220; transform_translate_phone=&#8220;&#8220; transform_translate_last_edited=&#8220;on|desktop&#8220; transform_translate_linked=&#8220;off&#8220; transform_rotate_tablet=&#8220;&#8220; transform_rotate_phone=&#8220;&#8220; transform_rotate_last_edited=&#8220;on|desktop&#8220; transform_skew_tablet=&#8220;&#8220; transform_skew_phone=&#8220;&#8220; transform_skew_last_edited=&#8220;on|desktop&#8220; transform_origin_tablet=&#8220;&#8220; transform_origin_phone=&#8220;&#8220; transform_origin_last_edited=&#8220;on|desktop&#8220; transform_styles_last_edited=&#8220;on|desktop&#8220; custom_padding=&#8220;26px||2px||false|false&#8220; transform_styles_tablet=&#8220;&#8220; transform_styles_phone=&#8220;&#8220; global_colors_info=&#8220;{}&#8220;][et_pb_column type=&#8220;1_2&#8243; _builder_version=&#8220;4.16&#8243; global_colors_info=&#8220;{}&#8220; custom_padding__hover=&#8220;|||&#8220;][\/et_pb_column][et_pb_column type=&#8220;1_2&#8243; _builder_version=&#8220;4.16&#8243; global_colors_info=&#8220;{}&#8220; custom_padding__hover=&#8220;|||&#8220;][et_pb_image src=&#8220;https:\/\/www.polenallergie.de\/pa\/wp-content\/uploads\/2022\/08\/20200311-DSC08519-2-1024&#215;683.jpg&#8220; title_text=&#8220;Kasia Pietrzko&#8220; align_tablet=&#8220;&#8220; align_phone=&#8220;&#8220; align_last_edited=&#8220;on|desktop&#8220; _builder_version=&#8220;4.17.6&#8243; custom_margin=&#8220;|-8vw|0px||false|false&#8220; custom_margin_tablet=&#8220;0px|0vw|-2px||false|false&#8220; custom_margin_phone=&#8220;&#8220; custom_margin_last_edited=&#8220;on|phone&#8220; custom_padding=&#8220;3px||0px||false|false&#8220; box_shadow_style=&#8220;preset3&#8243; box_shadow_vertical=&#8220;40px&#8220; box_shadow_blur=&#8220;80px&#8220; box_shadow_color=&#8220;rgba(131,146,167,0.15)&#8220; global_colors_info=&#8220;{}&#8220;][\/et_pb_image][\/et_pb_column][\/et_pb_row][et_pb_row column_structure=&#8220;1_2,1_2&#8243; use_custom_gutter=&#8220;on&#8220; gutter_width=&#8220;1&#8243; _builder_version=&#8220;4.16&#8243; transform_scale_tablet=&#8220;&#8220; transform_scale_phone=&#8220;&#8220; transform_scale_last_edited=&#8220;on|desktop&#8220; transform_translate=&#8220;2vw|0px&#8220; transform_translate_tablet=&#8220;0px|0px&#8220; transform_translate_phone=&#8220;&#8220; transform_translate_last_edited=&#8220;on|desktop&#8220; transform_translate_linked=&#8220;off&#8220; transform_rotate_tablet=&#8220;&#8220; transform_rotate_phone=&#8220;&#8220; transform_rotate_last_edited=&#8220;on|desktop&#8220; transform_skew_tablet=&#8220;&#8220; transform_skew_phone=&#8220;&#8220; transform_skew_last_edited=&#8220;on|desktop&#8220; transform_origin_tablet=&#8220;&#8220; transform_origin_phone=&#8220;&#8220; transform_origin_last_edited=&#8220;on|desktop&#8220; transform_styles_last_edited=&#8220;on|desktop&#8220; custom_padding=&#8220;0px||0px||true|&#8220; transform_styles_tablet=&#8220;&#8220; transform_styles_phone=&#8220;&#8220; global_colors_info=&#8220;{}&#8220;][et_pb_column type=&#8220;1_2&#8243; _builder_version=&#8220;4.16&#8243; global_colors_info=&#8220;{}&#8220; custom_padding__hover=&#8220;|||&#8220;][et_pb_button button_url=&#8220;#&#8220; button_text=&#8220;kasia pietrzko trio| young polish piano jazz&#8220; button_alignment=&#8220;right&#8220; button_alignment_tablet=&#8220;left&#8220; button_alignment_phone=&#8220;left&#8220; button_alignment_last_edited=&#8220;on|desktop&#8220; _builder_version=&#8220;4.17.6&#8243; custom_button=&#8220;on&#8220; button_text_size=&#8220;14px&#8220; button_text_color=&#8220;#ffffff&#8220; button_bg_color=&#8220;#f46aa0&#8243; button_bg_use_color_gradient=&#8220;on&#8220; button_bg_color_gradient_direction=&#8220;90deg&#8220; button_bg_color_gradient_stops=&#8220;#ffb397 0%|#f46aa0 100%&#8220; button_bg_color_gradient_start=&#8220;#ffb397&#8243; button_bg_color_gradient_end=&#8220;#f46aa0&#8243; button_border_width=&#8220;0px&#8220; button_border_color=&#8220;rgba(0,0,0,0)&#8220; button_border_radius=&#8220;0px&#8220; button_letter_spacing=&#8220;5px&#8220; button_font=&#8220;Open Sans|700||on|||||&#8220; button_use_icon=&#8220;off&#8220; transform_scale_tablet=&#8220;&#8220; transform_scale_phone=&#8220;&#8220; transform_scale_last_edited=&#8220;on|desktop&#8220; transform_translate=&#8220;0%|0%&#8220; transform_translate_tablet=&#8220;0%|0%&#8220; transform_translate_phone=&#8220;&#8220; transform_translate_last_edited=&#8220;on|desktop&#8220; transform_translate_linked=&#8220;off&#8220; transform_rotate_tablet=&#8220;&#8220; transform_rotate_phone=&#8220;&#8220; transform_rotate_last_edited=&#8220;on|desktop&#8220; transform_skew_tablet=&#8220;&#8220; transform_skew_phone=&#8220;&#8220; transform_skew_last_edited=&#8220;on|desktop&#8220; transform_origin_tablet=&#8220;&#8220; transform_origin_phone=&#8220;&#8220; transform_origin_last_edited=&#8220;on|desktop&#8220; transform_styles_last_edited=&#8220;on|desktop&#8220; z_index=&#8220;1&#8243; background_layout=&#8220;dark&#8220; custom_margin=&#8220;||0px&#8220; custom_margin_tablet=&#8220;|||60px&#8220; custom_margin_phone=&#8220;|||-55px&#8220; custom_margin_last_edited=&#8220;off|desktop&#8220; custom_padding=&#8220;30px|40px|30px|40px|true|true&#8220; hover_transition_duration=&#8220;0ms&#8220; hover_transition_speed_curve=&#8220;linear&#8220; transform_styles_tablet=&#8220;&#8220; transform_styles_phone=&#8220;&#8220; box_shadow_style=&#8220;preset3&#8243; box_shadow_vertical=&#8220;14px&#8220; box_shadow_blur=&#8220;80px&#8220; box_shadow_color=&#8220;#680013&#8243; box_shadow_color_tablet=&#8220;#6d0014&#8243; box_shadow_color_last_edited=&#8220;off|tablet&#8220; locked=&#8220;off&#8220; global_colors_info=&#8220;{}&#8220; transform_styles__hover_enabled=&#8220;off|desktop&#8220; transform_scale__hover_enabled=&#8220;off|desktop&#8220; transform_translate__hover_enabled=&#8220;off|desktop&#8220; transform_rotate__hover_enabled=&#8220;off|desktop&#8220; transform_skew__hover_enabled=&#8220;off|desktop&#8220; transform_origin__hover_enabled=&#8220;off|desktop&#8220;][\/et_pb_button][\/et_pb_column][et_pb_column type=&#8220;1_2&#8243; _builder_version=&#8220;4.16&#8243; global_colors_info=&#8220;{}&#8220; custom_padding__hover=&#8220;|||&#8220;][et_pb_text _builder_version=&#8220;4.17.6&#8243; custom_margin=&#8220;|||-11px|false|false&#8220; custom_margin_tablet=&#8220;|||0px|false|false&#8220; custom_margin_phone=&#8220;&#8220; custom_margin_last_edited=&#8220;on|desktop&#8220; custom_padding=&#8220;|||19px||&#8220; global_colors_info=&#8220;{}&#8220;]<\/p>\n<p><span style=\"color: #ff99cc;\">\u00a0<\/span><\/p>\n<p>[\/et_pb_text][\/et_pb_column][\/et_pb_row][\/et_pb_section][et_pb_section fb_built=&#8220;1&#8243; admin_label=&#8220;Services&#8220; _builder_version=&#8220;4.16&#8243; background_color=&#8220;rgba(0,0,0,0)&#8220; z_index=&#8220;1&#8243; custom_padding=&#8220;0px|||||&#8220; locked=&#8220;off&#8220; global_colors_info=&#8220;{}&#8220;][et_pb_row custom_padding_last_edited=&#8220;on|phone&#8220; _builder_version=&#8220;4.16&#8243; background_color=&#8220;#ffffff&#8220; max_width=&#8220;660px&#8220; custom_margin=&#8220;-3vw|auto||auto|false|&#8220; custom_margin_tablet=&#8220;&#8220; custom_margin_phone=&#8220;&#8220; custom_margin_last_edited=&#8220;on|phone&#8220; custom_padding=&#8220;96px|60px|96px|60px|true|true&#8220; custom_padding_tablet=&#8220;60px||60px|40px|true&#8220; custom_padding_phone=&#8220;|20px||20px||true&#8220; box_shadow_style=&#8220;preset3&#8243; box_shadow_vertical=&#8220;40px&#8220; box_shadow_blur=&#8220;80px&#8220; box_shadow_color=&#8220;rgba(131,146,167,0.15)&#8220; global_colors_info=&#8220;{}&#8220;][et_pb_column type=&#8220;4_4&#8243; _builder_version=&#8220;4.16&#8243; global_colors_info=&#8220;{}&#8220;][et_pb_text _builder_version=&#8220;4.16&#8243; header_font=&#8220;||||||||&#8220; header_2_font=&#8220;Fjalla One||||||||&#8220; header_2_font_size=&#8220;33px&#8220; header_2_line_height=&#8220;1.2em&#8220; min_height=&#8220;79px&#8220; custom_margin=&#8220;-33px|||||&#8220; custom_padding=&#8220;||0px||false|false&#8220; header_2_font_size_tablet=&#8220;50px&#8220; header_2_font_size_phone=&#8220;30px&#8220; header_2_font_size_last_edited=&#8220;on|phone&#8220; locked=&#8220;off&#8220; global_colors_info=&#8220;{}&#8220;]<\/p>\n<h2 style=\"text-align: left;\">Sept 24\u00a0 <span style=\"color: #ff5566;\"><span style=\"color: #f56ea0;\">20 UHR<\/span><br \/><\/span><\/h2>\n<h2><span style=\"color: #f56ea0;\"><em>\u00a0<\/em><\/span><\/h2>\n<p>[\/et_pb_text][et_pb_text _builder_version=&#8220;4.17.6&#8243; text_font=&#8220;||||||||&#8220; text_font_size=&#8220;16px&#8220; text_line_height=&#8220;1.8em&#8220; link_font=&#8220;|700||on|||||&#8220; link_text_align=&#8220;right&#8220; link_text_color=&#8220;#ff9c7a&#8220; link_font_size=&#8220;12px&#8220; link_letter_spacing=&#8220;4px&#8220; header_font=&#8220;||||||||&#8220; header_3_font=&#8220;Fjalla One|||on|||||&#8220; header_3_font_size=&#8220;30px&#8220; header_3_letter_spacing=&#8220;10px&#8220; header_3_line_height=&#8220;1.2em&#8220; width_phone=&#8220;100%&#8220; width_last_edited=&#8220;off|phone&#8220; min_height=&#8220;673px&#8220; custom_margin=&#8220;||10px&#8220; custom_padding=&#8220;||0px|||&#8220; header_3_font_size_tablet=&#8220;25px&#8220; header_3_font_size_phone=&#8220;20px&#8220; header_3_font_size_last_edited=&#8220;on|phone&#8220; global_colors_info=&#8220;{}&#8220;]<\/p>\n<h3><strong>KASIA PIETRZKO TRIO<br \/><\/strong><\/h3>\n<h2 class=\"et_pb_module_header\"><\/h2>\n<p><span style=\"color: #f56ea0;\"><strong><\/strong><\/span><\/p>\n<p>&nbsp;<\/p>\n<p style=\"box-sizing: border-box; padding: 0px 0px 1em; border: 0px; outline: 0px; font-size: var(--tec-font-size-4); text-size-adjust: 100%; vertical-align: baseline; background: #ffffff; line-height: var(--tec-line-height-2); color: #141827; font-family: 'Helvetica Neue', Helvetica, -apple-system, BlinkMacSystemFont, Roboto, Arial, sans-serif; font-style: normal; font-variant-ligatures: normal; font-variant-caps: normal; font-weight: 500; letter-spacing: normal; orphans: 2; text-align: start; text-indent: 0px; text-transform: none; white-space: normal; widows: 2; word-spacing: 0px; -webkit-text-stroke-width: 0px; text-decoration-thickness: initial; text-decoration-style: initial; text-decoration-color: initial; margin: 0px 0px var(--tec-spacer-3) 0px;\">Was w\u00e4re das Musikfestival PolenAllergie ohne jungen, polnischen Piano-Jazz? Mit Kasia Pietrzko kommt eine der aufregendsten K\u00fcnstlerinnen der aktuellen polnischen Jazz-Szene mit Ihrem Trio nach N\u00fcrnberg.<\/p>\n<p style=\"box-sizing: border-box; padding: 0px 0px 1em; border: 0px; outline: 0px; font-size: var(--tec-font-size-4); text-size-adjust: 100%; vertical-align: baseline; background: #ffffff; line-height: var(--tec-line-height-2); color: #141827; font-family: 'Helvetica Neue', Helvetica, -apple-system, BlinkMacSystemFont, Roboto, Arial, sans-serif; font-style: normal; font-variant-ligatures: normal; font-variant-caps: normal; font-weight: 500; letter-spacing: normal; orphans: 2; text-align: start; text-indent: 0px; text-transform: none; white-space: normal; widows: 2; word-spacing: 0px; -webkit-text-stroke-width: 0px; text-decoration-thickness: initial; text-decoration-style: initial; text-decoration-color: initial; margin: 0px 0px var(--tec-spacer-3) 0px;\">Kasia Pietrzkos Herangehensweise an das Klavier ist k\u00fchn, kreativ und voller Neugierde. Sie ist eine musikalische Geschichtenerz\u00e4hlerin mit gro\u00dfer Hingabe zur Melodie. Die K\u00fcnstlerin geht ungezwungen und frei auf eine musikalische Entdeckungsreise. Kasias technisch brillantes Spiel ist voller emotionaler Tiefe: Sie schafft es, Gef\u00fchle, Erinnerungen und Gedanken in Jazz-Musik zu verwandeln, die das Publikum auf vielen Ebenen ber\u00fchrt. Wer zug\u00e4nglichen, aber dennoch komplexen Piano-Jazz mag, wird sich wiederfinden.<\/p>\n<p style=\"box-sizing: border-box; padding: 0px 0px 1em; border: 0px; outline: 0px; font-size: var(--tec-font-size-4); text-size-adjust: 100%; vertical-align: baseline; background: #ffffff; line-height: var(--tec-line-height-2); color: #141827; font-family: 'Helvetica Neue', Helvetica, -apple-system, BlinkMacSystemFont, Roboto, Arial, sans-serif; font-style: normal; font-variant-ligatures: normal; font-variant-caps: normal; font-weight: 500; letter-spacing: normal; orphans: 2; text-align: start; text-indent: 0px; text-transform: none; white-space: normal; widows: 2; word-spacing: 0px; -webkit-text-stroke-width: 0px; text-decoration-thickness: initial; text-decoration-style: initial; text-decoration-color: initial; margin: 0px 0px var(--tec-spacer-3) 0px;\">Die Musik des Kasia Pietrzko Trios ist ein Schmelztiegel wundersch\u00f6ner, kraftvoller und intensiver Klanglandschaften.\u00a0 Mit Andrzej \u015awi\u0119s am Kontrabass und Piotr Budniak an den Drums hat Kasia Pietrzko zwei kongeniale Gef\u00e4hrten. Ihr Sound ist ganz von ihrer polnischen und europ\u00e4ischen Heimat gepr\u00e4gt, hat aber trotzdem eine ureigene Note. Energiereich, grenzenlos und unendlich kreativ gestaltet sich das Zusammenspiel. Die Liebe zur Harmonik wird in jedem Takt h\u00f6rbar und sp\u00fcrbar.<\/p>\n<p style=\"box-sizing: border-box; padding: 0px 0px 1em; border: 0px; outline: 0px; font-size: var(--tec-font-size-4); text-size-adjust: 100%; vertical-align: baseline; background: #ffffff; line-height: var(--tec-line-height-2); color: #141827; font-family: 'Helvetica Neue', Helvetica, -apple-system, BlinkMacSystemFont, Roboto, Arial, sans-serif; font-style: normal; font-variant-ligatures: normal; font-variant-caps: normal; font-weight: 500; letter-spacing: normal; orphans: 2; text-align: start; text-indent: 0px; text-transform: none; white-space: normal; widows: 2; word-spacing: 0px; -webkit-text-stroke-width: 0px; text-decoration-thickness: initial; text-decoration-style: initial; text-decoration-color: initial; margin: 0px 0px var(--tec-spacer-3) 0px;\">Die beiden Alben \u201eForthright Stories\u201c und \u201eEphemeral Pleasures\u201c des Kasia Pietrzko Trios wurden von der Kritik hochgelobt. Aktuell ist das Trio im Studio und so darf man sich freuen, wenn Sie beim Konzert im Rahmen von PolenAllergie ihre neusten Kompositionen pr\u00e4sentieren werden!<\/p>\n<p style=\"box-sizing: border-box; padding: 0px; border: 0px; outline: 0px; font-size: var(--tec-font-size-4); text-size-adjust: 100%; vertical-align: baseline; background: #ffffff; line-height: var(--tec-line-height-2); color: #141827; font-family: 'Helvetica Neue', Helvetica, -apple-system, BlinkMacSystemFont, Roboto, Arial, sans-serif; font-style: normal; font-variant-ligatures: normal; font-variant-caps: normal; font-weight: 500; letter-spacing: normal; orphans: 2; text-align: start; text-indent: 0px; text-transform: none; white-space: normal; widows: 2; word-spacing: 0px; -webkit-text-stroke-width: 0px; text-decoration-thickness: initial; text-decoration-style: initial; text-decoration-color: initial; margin: 0px 0px var(--tec-spacer-6) 0px;\">Die junge Musikerin, Komponistin und Arrangeurin Kasia Pietrzko r\u00e4umte bereits viele renommierte Musikpreise ab und spielte Konzerte auf der ganzen Welt. Nach Meinung angesehener polnischer Jazzmusiker:innen zeichnet sie sich durch ihren musikalischen Instinkt im Bereich der Improvisation, ihre Vorstellungskraft und ihre Kreativit\u00e4t aus. Sie ist die starke Stimme ihrer Generation. 2018 spielte Sie mit dem Quartett von Tomasz Stanko im Caf\u00e9 Alchemia, einer der bekanntesten Krakauer Kneipen.<\/p>\n<p>&nbsp;<\/p>\n<p><a href=\"http:\/\/kasiapietrzko.com\/en\/main\/\">http:\/\/kasiapietrzko.com\/en\/main\/<\/a><\/p>\n<p><a href=\"https:\/\/www.facebook.com\/KasiaPietrzkoMusic%20\">https:\/\/www.facebook.com\/KasiaPietrzkoMusic<\/a><\/p>\n<p>&nbsp;<\/p>\n<p><strong>Veranstaltungsort:<\/strong><o:p><\/o:p><\/p>\n<p><strong>HEILIG-GEIST-SAAL, Hans-Sachs-Platz 2, 90403 N\u00dcRNBERG<\/strong><o:p><\/o:p><\/p>\n<p><strong>EINTRITT 10 EURO<\/strong><br \/><strong> TICKETS im <a href=\"https:\/\/www.eventim-light.com\/de\/a\/5f65135cd40bf61f202eb351\/e\/631909b140c5b02f624a790b\/\">VVK online erh\u00e4ltlich<\/a>.Es gibt Abendkasse vor Ort.<\/strong><o:p><\/o:p><\/p>\n<p><strong>Einlass: 19:30<\/strong><\/p>\n<p><strong>VERANSTALTER: KULTURZENTRUM IM KRAKAUER HAUS<\/strong><o:p><\/o:p><\/p>\n<p><strong>in Kooperation mit Amt f\u00fcr Internationale Beziehungen<\/strong><o:p><\/o:p><\/p>\n<p><a href=\"http:\/\/www.krakauer-haus.de\/index.php\/2019\/06\/23\/40-jahre-staedtepartnerschaft-krakau-nuernberg\/\"><\/a><\/p>\n<p><strong><\/strong><\/p>\n<p>[\/et_pb_text][et_pb_button button_url=&#8220;https:\/\/open.spotify.com\/artist\/1PzXSc4sfErSKvM4AFtfBM?si=9z8Zj_uZRvO2rz7ypX65OQ&#8220; url_new_window=&#8220;on&#8220; button_text=&#8220;listen on spotify&#8220; button_alignment=&#8220;left&#8220; button_alignment_tablet=&#8220;left&#8220; button_alignment_phone=&#8220;&#8220; button_alignment_last_edited=&#8220;on|desktop&#8220; _builder_version=&#8220;4.17.6&#8243; custom_button=&#8220;on&#8220; button_text_size=&#8220;14px&#8220; button_text_color=&#8220;#f56ea0&#8243; button_bg_color=&#8220;rgba(244,106,160,0.1)&#8220; button_bg_color_gradient_direction=&#8220;90deg&#8220; button_bg_color_gradient_stops=&#8220;#ffb397 0%|#f46aa0 100%&#8220; button_bg_color_gradient_start=&#8220;#ffb397&#8243; button_bg_color_gradient_end=&#8220;#f46aa0&#8243; button_border_width=&#8220;0px&#8220; button_border_radius=&#8220;0px&#8220; button_letter_spacing=&#8220;6px&#8220; button_font=&#8220;Open Sans|700||on|||||&#8220; button_icon=&#8220;&#xe069;||divi||400&#8243; button_on_hover=&#8220;off&#8220; custom_margin=&#8220;||40px|||&#8220; custom_padding=&#8220;20px|40px|20px|32px|true|false&#8220; locked=&#8220;off&#8220; global_colors_info=&#8220;{}&#8220;][\/et_pb_button][et_pb_video src=&#8220;https:\/\/www.youtube.com\/watch?v=h2o7Ehnr01A&#8220; _builder_version=&#8220;4.17.6&#8243; global_colors_info=&#8220;{}&#8220;][\/et_pb_video][et_pb_video src=&#8220;https:\/\/www.youtube.com\/watch?v=z8u28_Ly1hQ&#038;list=OLAK5uy_kRqfw26FwxMGhlymiY3i4BUzJpuuGr_E4&#8243; _builder_version=&#8220;4.17.6&#8243; _module_preset=&#8220;default&#8220; global_colors_info=&#8220;{}&#8220;][\/et_pb_video][\/et_pb_column][\/et_pb_row][et_pb_row column_structure=&#8220;1_5,1_5,1_5,1_5,1_5&#8243; _builder_version=&#8220;4.16&#8243; locked=&#8220;off&#8220; global_colors_info=&#8220;{}&#8220;][et_pb_column type=&#8220;1_5&#8243; _builder_version=&#8220;4.16&#8243; global_colors_info=&#8220;{}&#8220;][\/et_pb_column][et_pb_column type=&#8220;1_5&#8243; _builder_version=&#8220;4.16&#8243; global_colors_info=&#8220;{}&#8220;][\/et_pb_column][et_pb_column type=&#8220;1_5&#8243; _builder_version=&#8220;4.16&#8243; global_colors_info=&#8220;{}&#8220;][\/et_pb_column][et_pb_column type=&#8220;1_5&#8243; _builder_version=&#8220;4.16&#8243; global_colors_info=&#8220;{}&#8220;][\/et_pb_column][et_pb_column type=&#8220;1_5&#8243; _builder_version=&#8220;4.16&#8243; global_colors_info=&#8220;{}&#8220;][et_pb_button button_url=&#8220;@ET-DC@eyJkeW5hbWljIjp0cnVlLCJjb250ZW50IjoicG9zdF9saW5rX3VybF9wYWdlIiwic2V0dGluZ3MiOnsicG9zdF9pZCI6IjIyODAifX0=@&#8220; button_text=&#8220;ZUM N\u00c4CHSTEN KONZERT&#8220; button_alignment=&#8220;center&#8220; _builder_version=&#8220;4.17.6&#8243; _dynamic_attributes=&#8220;button_url&#8220; custom_button=&#8220;on&#8220; button_text_size=&#8220;12px&#8220; button_border_width=&#8220;0px&#8220; button_border_radius=&#8220;5px&#8220; button_letter_spacing=&#8220;1px&#8220; button_font=&#8220;|700|||||||&#8220; button_icon=&#8220;&#xe03c;||divi||400&#8243; button_on_hover=&#8220;off&#8220; custom_margin=&#8220;|-24px||-24px|false|true&#8220; custom_margin_tablet=&#8220;|10px||0px|false|false&#8220; custom_margin_phone=&#8220;|0px||0px|false|true&#8220; custom_margin_last_edited=&#8220;on|desktop&#8220; custom_padding=&#8220;5px|0px|5px|0px|true|true&#8220; global_colors_info=&#8220;{}&#8220;][\/et_pb_button][\/et_pb_column][\/et_pb_row][\/et_pb_section]<\/p>\n","protected":false},"excerpt":{"rendered":"<p>\u00a0Sept 24\u00a0 20 UHR \u00a0KASIA PIETRZKO TRIO &nbsp; Was w\u00e4re das Musikfestival PolenAllergie ohne jungen, polnischen Piano-Jazz? Mit Kasia Pietrzko kommt eine der aufregendsten K\u00fcnstlerinnen der aktuellen polnischen Jazz-Szene mit Ihrem Trio nach N\u00fcrnberg. Kasia Pietrzkos Herangehensweise an das Klavier ist k\u00fchn, kreativ und voller Neugierde. Sie ist eine musikalische Geschichtenerz\u00e4hlerin mit gro\u00dfer Hingabe zur [&hellip;]<\/p>\n","protected":false},"author":2,"featured_media":0,"parent":54,"menu_order":0,"comment_status":"closed","ping_status":"closed","template":"","meta":{"_et_pb_use_builder":"on","_et_pb_old_content":"","_et_gb_content_width":""},"_links":{"self":[{"href":"https:\/\/www.polenallergie.de\/index.php\/wp-json\/wp\/v2\/pages\/2263"}],"collection":[{"href":"https:\/\/www.polenallergie.de\/index.php\/wp-json\/wp\/v2\/pages"}],"about":[{"href":"https:\/\/www.polenallergie.de\/index.php\/wp-json\/wp\/v2\/types\/page"}],"author":[{"embeddable":true,"href":"https:\/\/www.polenallergie.de\/index.php\/wp-json\/wp\/v2\/users\/2"}],"replies":[{"embeddable":true,"href":"https:\/\/www.polenallergie.de\/index.php\/wp-json\/wp\/v2\/comments?post=2263"}],"version-history":[{"count":4,"href":"https:\/\/www.polenallergie.de\/index.php\/wp-json\/wp\/v2\/pages\/2263\/revisions"}],"predecessor-version":[{"id":2347,"href":"https:\/\/www.polenallergie.de\/index.php\/wp-json\/wp\/v2\/pages\/2263\/revisions\/2347"}],"up":[{"embeddable":true,"href":"https:\/\/www.polenallergie.de\/index.php\/wp-json\/wp\/v2\/pages\/54"}],"wp:attachment":[{"href":"https:\/\/www.polenallergie.de\/index.php\/wp-json\/wp\/v2\/media?parent=2263"}],"curies":[{"name":"wp","href":"https:\/\/api.w.org\/{rel}","templated":true}]}}