{"id":2280,"date":"2022-09-03T13:43:09","date_gmt":"2022-09-03T11:43:09","guid":{"rendered":"http:\/\/www.polenallergie.de\/?page_id=2280"},"modified":"2022-09-14T10:10:37","modified_gmt":"2022-09-14T08:10:37","slug":"2022-10-02-acid-sitter-lilii-syzygy-monokini-2022","status":"publish","type":"page","link":"https:\/\/www.polenallergie.de\/index.php\/archiv\/2022-10-02-acid-sitter-lilii-syzygy-monokini-2022\/","title":{"rendered":"2022-10-02 Acid Sitter x Lilii Syzygy x Monokini 2022"},"content":{"rendered":"<p>[et_pb_section fb_built=&#8220;1&#8243; admin_label=&#8220;Gallery&#8220; _builder_version=&#8220;4.16&#8243; use_background_color_gradient=&#8220;on&#8220; background_color_gradient_stops=&#8220;rgba(239,86,86,0.82) 0%|rgba(68,45,133,0.79) 100%&#8220; background_color_gradient_start=&#8220;rgba(239,86,86,0.82)&#8220; background_color_gradient_end=&#8220;rgba(68,45,133,0.79)&#8220; custom_margin=&#8220;||||false|false&#8220; custom_padding=&#8220;||102px||false|false&#8220; locked=&#8220;off&#8220; global_colors_info=&#8220;{}&#8220;][et_pb_row column_structure=&#8220;1_2,1_2&#8243; use_custom_gutter=&#8220;on&#8220; gutter_width=&#8220;1&#8243; _builder_version=&#8220;4.16&#8243; transform_scale_tablet=&#8220;&#8220; transform_scale_phone=&#8220;&#8220; transform_scale_last_edited=&#8220;on|desktop&#8220; transform_translate=&#8220;2vw|0px&#8220; transform_translate_tablet=&#8220;0px|0px&#8220; transform_translate_phone=&#8220;&#8220; transform_translate_last_edited=&#8220;on|desktop&#8220; transform_translate_linked=&#8220;off&#8220; transform_rotate_tablet=&#8220;&#8220; transform_rotate_phone=&#8220;&#8220; transform_rotate_last_edited=&#8220;on|desktop&#8220; transform_skew_tablet=&#8220;&#8220; transform_skew_phone=&#8220;&#8220; transform_skew_last_edited=&#8220;on|desktop&#8220; transform_origin_tablet=&#8220;&#8220; transform_origin_phone=&#8220;&#8220; transform_origin_last_edited=&#8220;on|desktop&#8220; transform_styles_last_edited=&#8220;on|desktop&#8220; custom_padding=&#8220;26px||2px||false|false&#8220; transform_styles_tablet=&#8220;&#8220; transform_styles_phone=&#8220;&#8220; global_colors_info=&#8220;{}&#8220;][et_pb_column type=&#8220;1_2&#8243; _builder_version=&#8220;4.16&#8243; global_colors_info=&#8220;{}&#8220; custom_padding__hover=&#8220;|||&#8220;][\/et_pb_column][et_pb_column type=&#8220;1_2&#8243; _builder_version=&#8220;4.16&#8243; global_colors_info=&#8220;{}&#8220; custom_padding__hover=&#8220;|||&#8220;][et_pb_image src=&#8220;https:\/\/www.polenallergie.de\/pa\/wp-content\/uploads\/2022\/08\/121A0065.jpg&#8220; title_text=&#8220;Acid Sitter&#8220; align_tablet=&#8220;&#8220; align_phone=&#8220;&#8220; align_last_edited=&#8220;on|desktop&#8220; _builder_version=&#8220;4.17.6&#8243; custom_margin=&#8220;|-8vw|0px||false|false&#8220; custom_margin_tablet=&#8220;0px|0vw|-2px||false|false&#8220; custom_margin_phone=&#8220;&#8220; custom_margin_last_edited=&#8220;on|phone&#8220; custom_padding=&#8220;3px||0px||false|false&#8220; box_shadow_style=&#8220;preset3&#8243; box_shadow_vertical=&#8220;40px&#8220; box_shadow_blur=&#8220;80px&#8220; box_shadow_color=&#8220;rgba(131,146,167,0.15)&#8220; global_colors_info=&#8220;{}&#8220;][\/et_pb_image][\/et_pb_column][\/et_pb_row][et_pb_row column_structure=&#8220;1_2,1_2&#8243; use_custom_gutter=&#8220;on&#8220; gutter_width=&#8220;1&#8243; _builder_version=&#8220;4.16&#8243; transform_scale_tablet=&#8220;&#8220; transform_scale_phone=&#8220;&#8220; transform_scale_last_edited=&#8220;on|desktop&#8220; transform_translate=&#8220;2vw|0px&#8220; transform_translate_tablet=&#8220;0px|0px&#8220; transform_translate_phone=&#8220;&#8220; transform_translate_last_edited=&#8220;on|desktop&#8220; transform_translate_linked=&#8220;off&#8220; transform_rotate_tablet=&#8220;&#8220; transform_rotate_phone=&#8220;&#8220; transform_rotate_last_edited=&#8220;on|desktop&#8220; transform_skew_tablet=&#8220;&#8220; transform_skew_phone=&#8220;&#8220; transform_skew_last_edited=&#8220;on|desktop&#8220; transform_origin_tablet=&#8220;&#8220; transform_origin_phone=&#8220;&#8220; transform_origin_last_edited=&#8220;on|desktop&#8220; transform_styles_last_edited=&#8220;on|desktop&#8220; custom_padding=&#8220;0px||0px||true|&#8220; transform_styles_tablet=&#8220;&#8220; transform_styles_phone=&#8220;&#8220; global_colors_info=&#8220;{}&#8220;][et_pb_column type=&#8220;1_2&#8243; _builder_version=&#8220;4.16&#8243; global_colors_info=&#8220;{}&#8220; custom_padding__hover=&#8220;|||&#8220;][et_pb_button button_url=&#8220;#&#8220; button_text=&#8220;ACID SITTER| psychedelic punk rock&#8217;n&#8217;roll&#8220; button_alignment=&#8220;right&#8220; button_alignment_tablet=&#8220;left&#8220; button_alignment_phone=&#8220;left&#8220; button_alignment_last_edited=&#8220;on|desktop&#8220; _builder_version=&#8220;4.17.6&#8243; custom_button=&#8220;on&#8220; button_text_size=&#8220;14px&#8220; button_text_color=&#8220;#ffffff&#8220; button_bg_color=&#8220;#f46aa0&#8243; button_bg_use_color_gradient=&#8220;on&#8220; button_bg_color_gradient_direction=&#8220;90deg&#8220; button_bg_color_gradient_stops=&#8220;#ffb397 0%|#f46aa0 100%&#8220; button_bg_color_gradient_start=&#8220;#ffb397&#8243; button_bg_color_gradient_end=&#8220;#f46aa0&#8243; button_border_width=&#8220;0px&#8220; button_border_color=&#8220;rgba(0,0,0,0)&#8220; button_border_radius=&#8220;0px&#8220; button_letter_spacing=&#8220;5px&#8220; button_font=&#8220;Open Sans|700||on|||||&#8220; button_use_icon=&#8220;off&#8220; transform_scale_tablet=&#8220;&#8220; transform_scale_phone=&#8220;&#8220; transform_scale_last_edited=&#8220;on|desktop&#8220; transform_translate=&#8220;0%|0%&#8220; transform_translate_tablet=&#8220;0%|0%&#8220; transform_translate_phone=&#8220;&#8220; transform_translate_last_edited=&#8220;on|desktop&#8220; transform_translate_linked=&#8220;off&#8220; transform_rotate_tablet=&#8220;&#8220; transform_rotate_phone=&#8220;&#8220; transform_rotate_last_edited=&#8220;on|desktop&#8220; transform_skew_tablet=&#8220;&#8220; transform_skew_phone=&#8220;&#8220; transform_skew_last_edited=&#8220;on|desktop&#8220; transform_origin_tablet=&#8220;&#8220; transform_origin_phone=&#8220;&#8220; transform_origin_last_edited=&#8220;on|desktop&#8220; transform_styles_last_edited=&#8220;on|desktop&#8220; z_index=&#8220;1&#8243; background_layout=&#8220;dark&#8220; custom_margin=&#8220;||0px&#8220; custom_margin_tablet=&#8220;|||60px&#8220; custom_margin_phone=&#8220;|||-55px&#8220; custom_margin_last_edited=&#8220;off|desktop&#8220; custom_padding=&#8220;30px|40px|30px|40px|true|true&#8220; hover_transition_duration=&#8220;0ms&#8220; hover_transition_speed_curve=&#8220;linear&#8220; transform_styles_tablet=&#8220;&#8220; transform_styles_phone=&#8220;&#8220; box_shadow_style=&#8220;preset3&#8243; box_shadow_vertical=&#8220;14px&#8220; box_shadow_blur=&#8220;80px&#8220; box_shadow_color=&#8220;#680013&#8243; box_shadow_color_tablet=&#8220;#6d0014&#8243; box_shadow_color_last_edited=&#8220;off|tablet&#8220; locked=&#8220;off&#8220; global_colors_info=&#8220;{}&#8220; transform_styles__hover_enabled=&#8220;off|desktop&#8220; transform_scale__hover_enabled=&#8220;off|desktop&#8220; transform_translate__hover_enabled=&#8220;off|desktop&#8220; transform_rotate__hover_enabled=&#8220;off|desktop&#8220; transform_skew__hover_enabled=&#8220;off|desktop&#8220; transform_origin__hover_enabled=&#8220;off|desktop&#8220;][\/et_pb_button][\/et_pb_column][et_pb_column type=&#8220;1_2&#8243; _builder_version=&#8220;4.16&#8243; global_colors_info=&#8220;{}&#8220; custom_padding__hover=&#8220;|||&#8220;][et_pb_text _builder_version=&#8220;4.17.6&#8243; custom_margin=&#8220;|||-11px|false|false&#8220; custom_margin_tablet=&#8220;|||0px|false|false&#8220; custom_margin_phone=&#8220;&#8220; custom_margin_last_edited=&#8220;on|desktop&#8220; custom_padding=&#8220;|||19px||&#8220; global_colors_info=&#8220;{}&#8220;]<\/p>\n<p><span style=\"color: #ff99cc;\">\u00a0Foto: Dua Wdt<br \/><\/span><\/p>\n<p>[\/et_pb_text][\/et_pb_column][\/et_pb_row][\/et_pb_section][et_pb_section fb_built=&#8220;1&#8243; admin_label=&#8220;Services&#8220; _builder_version=&#8220;4.16&#8243; background_color=&#8220;rgba(0,0,0,0)&#8220; z_index=&#8220;1&#8243; custom_padding=&#8220;0px|||||&#8220; locked=&#8220;off&#8220; global_colors_info=&#8220;{}&#8220;][et_pb_row custom_padding_last_edited=&#8220;on|phone&#8220; _builder_version=&#8220;4.16&#8243; background_color=&#8220;#ffffff&#8220; max_width=&#8220;660px&#8220; custom_margin=&#8220;-3vw|auto||auto|false|&#8220; custom_margin_tablet=&#8220;&#8220; custom_margin_phone=&#8220;&#8220; custom_margin_last_edited=&#8220;on|phone&#8220; custom_padding=&#8220;96px|60px|96px|60px|true|true&#8220; custom_padding_tablet=&#8220;60px||60px|40px|true&#8220; custom_padding_phone=&#8220;|20px||20px||true&#8220; box_shadow_style=&#8220;preset3&#8243; box_shadow_vertical=&#8220;40px&#8220; box_shadow_blur=&#8220;80px&#8220; box_shadow_color=&#8220;rgba(131,146,167,0.15)&#8220; global_colors_info=&#8220;{}&#8220;][et_pb_column type=&#8220;4_4&#8243; _builder_version=&#8220;4.16&#8243; global_colors_info=&#8220;{}&#8220;][et_pb_text _builder_version=&#8220;4.17.6&#8243; header_font=&#8220;||||||||&#8220; header_2_font=&#8220;Fjalla One||||||||&#8220; header_2_font_size=&#8220;33px&#8220; header_2_line_height=&#8220;1.2em&#8220; min_height=&#8220;79px&#8220; custom_margin=&#8220;-33px|||||&#8220; custom_padding=&#8220;0px||0px||false|false&#8220; header_2_font_size_tablet=&#8220;50px&#8220; header_2_font_size_phone=&#8220;30px&#8220; header_2_font_size_last_edited=&#8220;on|phone&#8220; locked=&#8220;off&#8220; global_colors_info=&#8220;{}&#8220;]<\/p>\n<h2 style=\"text-align: left;\">Okt 02\u00a0 <span style=\"color: #ff5566;\"><span style=\"color: #f56ea0;\">19:30 <\/span><\/span><span style=\"color: #ff5566;\"><span style=\"color: #f56ea0;\"> UHR <\/span><br \/><\/span><\/h2>\n<h2><span style=\"color: #f56ea0;\"><em>\u00a0<\/em><\/span><\/h2>\n<p>[\/et_pb_text][et_pb_text _builder_version=&#8220;4.17.6&#8243; text_font=&#8220;||||||||&#8220; text_font_size=&#8220;16px&#8220; text_line_height=&#8220;1.8em&#8220; link_font=&#8220;|700||on|||||&#8220; link_text_align=&#8220;right&#8220; link_text_color=&#8220;#ff9c7a&#8220; link_font_size=&#8220;12px&#8220; link_letter_spacing=&#8220;4px&#8220; header_font=&#8220;||||||||&#8220; header_3_font=&#8220;Fjalla One|||on|||||&#8220; header_3_font_size=&#8220;30px&#8220; header_3_letter_spacing=&#8220;10px&#8220; header_3_line_height=&#8220;1.2em&#8220; width_phone=&#8220;100%&#8220; width_last_edited=&#8220;off|phone&#8220; min_height=&#8220;673px&#8220; custom_margin=&#8220;||10px&#8220; custom_padding=&#8220;||0px|||&#8220; header_3_font_size_tablet=&#8220;25px&#8220; header_3_font_size_phone=&#8220;20px&#8220; header_3_font_size_last_edited=&#8220;on|phone&#8220; global_colors_info=&#8220;{}&#8220;]<\/p>\n<address class=\"tribe-events-address\" style=\"box-sizing: border-box; margin: 0px; padding: 0px; border: 0px; outline: 0px; font-size: 14px; text-size-adjust: 100%; vertical-align: baseline; background: transparent; font-style: normal; line-height: 26px;\"><\/address>\n<h3><strong>ACID SITTER <\/strong><\/h3>\n<h2><strong>&amp; Local support:<\/strong><\/h2>\n<h3><strong>LILII SYZYGY x MONOKINI<br \/><\/strong><\/h3>\n<h2 class=\"et_pb_module_header\"><\/h2>\n<p><span style=\"color: #f56ea0;\"><strong><\/strong><\/span><\/p>\n<p>&nbsp;<\/p>\n<p style=\"box-sizing: border-box; padding: 0px 0px 1em; border: 0px none; outline: currentcolor none 0px; font-size: var(--tec-font-size-4); vertical-align: baseline; background: #ffffff none repeat scroll 0% 0%; line-height: var(--tec-line-height-2); color: #141827; font-family: 'Helvetica Neue', Helvetica, -apple-system, BlinkMacSystemFont, Roboto, Arial, sans-serif; font-style: normal; font-variant-ligatures: normal; font-variant-caps: normal; font-weight: 500; letter-spacing: normal; text-align: start; text-indent: 0px; text-transform: none; white-space: normal; word-spacing: 0px; -webkit-text-stroke-width: 0px; margin: 0px 0px var(--tec-spacer-3) 0px;\">Es wird wieder Zeit f\u00fcr eine Portion psychedelischen Spirit bei der PolenAllergie: Die Band <strong>Acid Sitter<\/strong>, ein polnisch-japanisches Konglomerat musikalischer Psychonauten, taucht mit euch in tiefste Klangsph\u00e4ren ab. Treibende Songs mit Rock\u2019n\u2019Roll-Einschlag und Punk-Energie sind das Markenzeichen der Band. In Hall getauchte Gitarren treffen auf Synthesizer, kontrollierte klangliche Explosionen und eine analoge, live performte Liquid Light Show, die euch auch visuell in Stimmung bringt. Ein Konzert von Acid Sitter ist wie ein Trip in eine andere Dimension! Die Mitglieder der Band sind \u00fcbrigens in N\u00fcrnberg keine Unbekannten: Rafa\u0142 Klimczak und Tomek G\u0142uc kennt das PolenAllergie-Publikum bereits, denn sie spielen bei Neal Cassady, die uns im letzten Jahr beehrten. Und auch Filip Franczak stand mit der Band Fraktale bereits auf der B\u00fchne des Krakauer Hauses. Tetsuya Nara an der Gitarre wird zum ersten Mal in N\u00fcrnberg spielen.<\/p>\n<p style=\"box-sizing: border-box; padding: 0px 0px 1em; border: 0px none; outline: currentcolor none 0px; font-size: var(--tec-font-size-4); vertical-align: baseline; background: #ffffff none repeat scroll 0% 0%; line-height: var(--tec-line-height-2); color: #141827; font-family: 'Helvetica Neue', Helvetica, -apple-system, BlinkMacSystemFont, Roboto, Arial, sans-serif; font-style: normal; font-variant-ligatures: normal; font-variant-caps: normal; font-weight: 500; letter-spacing: normal; text-align: start; text-indent: 0px; text-transform: none; white-space: normal; word-spacing: 0px; -webkit-text-stroke-width: 0px; margin: 0px 0px var(--tec-spacer-3) 0px;\">Als Support spielen Lilii Syzygy (Kraut-Psyjam) aus N\u00fcrnberg und Monokini ( Surf Instrumental) aus Hilpoltstein.<\/p>\n<p><span style=\"color: #000000;\"><strong>Lilii Syzygy<\/strong> sind ein flexibles Kollektiv im mehrfachen Sinn: Das musikalische Kollektiv gibt es schon l\u00e4nger und unter verschiedenen Namen. Die Besetzung ist nicht fix: welche Leute in der Band spielen und auf welchen Instrumenten sie sich einbringen k\u00f6nnen,<\/span><br \/><span style=\"color: #000000;\">wird f\u00fcr jeden der mit Improvisationen gespickten Songs neu verhandelt. Musikalisch entsteht so eine neugierig-frische Mischung,<\/span><br \/><span style=\"color: #000000;\">bei der Krautrock auf Punk auf experimentelle elektronische Musik\u00a0 trifft. Der Gesang ist, der auch durch den Einsatz von Vocal Synths<\/span><br \/><span style=\"color: #000000;\">den ohnehin verspielt-sph\u00e4rischen Instrumentalsound auf die n\u00e4chste Stufe hebt, ist das I-T\u00fcpfelchen.<\/span><\/p>\n<p><span style=\"color: #000000;\"><strong><img loading=\"lazy\" src=\"https:\/\/www.polenallergie.de\/pa\/wp-content\/uploads\/2022\/09\/Foto-Lilii-Syzygy-300x200.jpg\" alt=\"\" class=\"wp-image-2326 alignnone size-medium\" width=\"300\" height=\"200\" srcset=\"https:\/\/www.polenallergie.de\/pa\/wp-content\/uploads\/2022\/09\/Foto-Lilii-Syzygy-300x200.jpg 300w, https:\/\/www.polenallergie.de\/pa\/wp-content\/uploads\/2022\/09\/Foto-Lilii-Syzygy-1024x683.jpg 1024w, https:\/\/www.polenallergie.de\/pa\/wp-content\/uploads\/2022\/09\/Foto-Lilii-Syzygy-768x512.jpg 768w, https:\/\/www.polenallergie.de\/pa\/wp-content\/uploads\/2022\/09\/Foto-Lilii-Syzygy-1536x1024.jpg 1536w, https:\/\/www.polenallergie.de\/pa\/wp-content\/uploads\/2022\/09\/Foto-Lilii-Syzygy-2048x1365.jpg 2048w, https:\/\/www.polenallergie.de\/pa\/wp-content\/uploads\/2022\/09\/Foto-Lilii-Syzygy-1080x720.jpg 1080w\" sizes=\"(max-width: 300px) 100vw, 300px\" \/><\/strong><\/span><\/p>\n<p><span style=\"color: #000000;\"><strong>Monokini<\/strong><\/span><br \/><span style=\"color: #000000;\">Seit \u00fcber 20 Jahren pr\u00e4gt der l\u00e4ssige Surf-Sound von Monokini die lokalen Musiklandschaft. Die Band pr\u00e4sentiert instrumentale Musik mit gro\u00dfen und kleinen Melodien. Monikini laden zum entspannten Fernweh ein, denn sie bringen die Atmosph\u00e4re einer Surfer-Party unter dem Sternenhimmel Hawaiis \u00fcberall hin. Ein bisschen Orgel, ein bisschen Twang, etwas Reverb und dazu eine Prise Western &#8211; und schon ist die Zauberformel von Monokini fertig.<\/span><\/p>\n<p><span style=\"color: #000000;\"> <img loading=\"lazy\" src=\"https:\/\/www.polenallergie.de\/pa\/wp-content\/uploads\/2022\/09\/Monokini_Photo-300x146.jpg\" alt=\"\" class=\"wp-image-2322 alignnone size-medium\" width=\"300\" height=\"146\" \/><\/span><\/p>\n<p>&nbsp;<\/p>\n<h3 style=\"text-align: left;\"><span style=\"color: #ff5566;\"><span style=\"color: #f56ea0;\">&lt;3 SOLI-KONZERT &lt;3<\/span><\/span><\/h3>\n<h3 style=\"box-sizing: border-box; padding: 0px 0px 1em; border: 0px none; outline: currentcolor none 0px; font-size: var(--tec-font-size-4); vertical-align: baseline; background: #ffffff none repeat scroll 0% 0%; line-height: var(--tec-line-height-2); color: #141827; font-family: 'Helvetica Neue', Helvetica, -apple-system, BlinkMacSystemFont, Roboto, Arial, sans-serif; font-style: normal; font-variant-ligatures: normal; font-variant-caps: normal; font-weight: 500; letter-spacing: normal; text-align: start; text-indent: 0px; text-transform: none; white-space: normal; word-spacing: 0px; -webkit-text-stroke-width: 0px; margin: 0px 0px var(--tec-spacer-3) 0px;\">Gewinn von dem Konzert geht an die <span style=\"font-size: large;\"><strong>Grupa Granica<\/strong><\/span>, eine zivilgesellschaftliche Initative, die sich gegen die Reaktion der Beh\u00f6rden auf die Ereignisse im polnisch-belarussischen Grenzgebiet wendet und die Gefl\u00fcchteten in diesem Gebiet auf verschiedenen Ebenen unterst\u00fctzt.<\/h3>\n<p><u><a href=\"https:\/\/www.facebook.com\/AcidSitter\">https:\/\/www.facebook.com\/AcidSitter<\/a><\/u><\/p>\n<p><u><a href=\"https:\/\/www.instagram.com\/acidsitter\">https:\/\/www.instagram.com\/acidsitter<\/a><\/u><\/p>\n<p><u>https:\/\/monokini.bandcamp.com\/<\/u><\/p>\n<p>&nbsp;<\/p>\n<p><strong>Veranstaltungsort:<\/strong><o:p><\/o:p><\/p>\n<p><strong>DESI, Br\u00fcckenstr. 23, 90419 N\u00dcRNBERG<\/strong><o:p><\/o:p><\/p>\n<p><strong>EINTRITT 13 EURO \/10 EURO erm\u00e4\u00dfigt<\/strong><br \/><strong> TICKETS im VVK bald online erh\u00e4ltlich.Es gibt Abendkasse vor Ort.<\/strong><o:p><\/o:p><\/p>\n<p><strong>Einlass: 19:00<\/strong><\/p>\n<p><strong>VERANSTALTER: KULTURZENTRUM IM KRAKAUER HAUS<\/strong><o:p><\/o:p><\/p>\n<p><strong>in Zusammenarbeit mit DESI Programmgruppe.<\/strong><o:p><\/o:p><\/p>\n<p><a href=\"http:\/\/www.krakauer-haus.de\/index.php\/2019\/06\/23\/40-jahre-staedtepartnerschaft-krakau-nuernberg\/\"><\/a><\/p>\n<p><strong><\/strong><\/p>\n<p>[\/et_pb_text][et_pb_button button_url=&#8220;https:\/\/open.spotify.com\/artist\/0qRWDSGqHvOEmzTfHMs8uL?si=062qiQLBTqC03-WFa5WEYA&#8220; url_new_window=&#8220;on&#8220; button_text=&#8220;listen on spotify&#8220; button_alignment=&#8220;left&#8220; button_alignment_tablet=&#8220;left&#8220; button_alignment_phone=&#8220;&#8220; button_alignment_last_edited=&#8220;on|desktop&#8220; _builder_version=&#8220;4.17.6&#8243; custom_button=&#8220;on&#8220; button_text_size=&#8220;14px&#8220; button_text_color=&#8220;#f56ea0&#8243; button_bg_color=&#8220;rgba(244,106,160,0.1)&#8220; button_bg_color_gradient_direction=&#8220;90deg&#8220; button_bg_color_gradient_stops=&#8220;#ffb397 0%|#f46aa0 100%&#8220; button_bg_color_gradient_start=&#8220;#ffb397&#8243; button_bg_color_gradient_end=&#8220;#f46aa0&#8243; button_border_width=&#8220;0px&#8220; button_border_radius=&#8220;0px&#8220; button_letter_spacing=&#8220;6px&#8220; button_font=&#8220;Open Sans|700||on|||||&#8220; button_icon=&#8220;&#xe069;||divi||400&#8243; button_on_hover=&#8220;off&#8220; custom_margin=&#8220;||40px|||&#8220; custom_padding=&#8220;20px|40px|20px|32px|true|false&#8220; locked=&#8220;off&#8220; global_colors_info=&#8220;{}&#8220;][\/et_pb_button][et_pb_video src=&#8220;https:\/\/www.youtube.com\/watch?v=nE3VJIV3QLE&#8220; _builder_version=&#8220;4.17.6&#8243; global_colors_info=&#8220;{}&#8220;][\/et_pb_video][et_pb_video src=&#8220;https:\/\/www.youtube.com\/watch?v=mYfa64j3Zc8&#8243; _builder_version=&#8220;4.17.6&#8243; _module_preset=&#8220;default&#8220; global_colors_info=&#8220;{}&#8220;][\/et_pb_video][\/et_pb_column][\/et_pb_row][et_pb_row column_structure=&#8220;1_5,1_5,1_5,1_5,1_5&#8243; _builder_version=&#8220;4.16&#8243; custom_padding=&#8220;27px|||||&#8220; locked=&#8220;off&#8220; global_colors_info=&#8220;{}&#8220;][et_pb_column type=&#8220;1_5&#8243; _builder_version=&#8220;4.16&#8243; global_colors_info=&#8220;{}&#8220;][et_pb_button button_url=&#8220;@ET-DC@eyJkeW5hbWljIjp0cnVlLCJjb250ZW50IjoicG9zdF9saW5rX3VybF9wYWdlIiwic2V0dGluZ3MiOnsicG9zdF9pZCI6IjIyNjMifX0=@&#8220; button_text=&#8220;ZUM VORHERIGEN KONZERT&#8220; button_alignment=&#8220;center&#8220; _builder_version=&#8220;4.17.6&#8243; _dynamic_attributes=&#8220;button_url&#8220; custom_button=&#8220;on&#8220; button_text_size=&#8220;12px&#8220; button_border_width=&#8220;0px&#8220; button_border_radius=&#8220;5px&#8220; button_letter_spacing=&#8220;1px&#8220; button_font=&#8220;|700|||||||&#8220; button_icon=&#8220;&#xe03c;||divi||400&#8243; button_on_hover=&#8220;off&#8220; custom_margin=&#8220;|-24px||-24px|false|true&#8220; custom_margin_tablet=&#8220;|10px||0px|false|false&#8220; custom_margin_phone=&#8220;|0px||0px|false|true&#8220; custom_margin_last_edited=&#8220;on|desktop&#8220; custom_padding=&#8220;5px|0px|5px|0px|true|true&#8220; global_colors_info=&#8220;{}&#8220;][\/et_pb_button][\/et_pb_column][et_pb_column type=&#8220;1_5&#8243; _builder_version=&#8220;4.16&#8243; global_colors_info=&#8220;{}&#8220;][\/et_pb_column][et_pb_column type=&#8220;1_5&#8243; _builder_version=&#8220;4.16&#8243; global_colors_info=&#8220;{}&#8220;][\/et_pb_column][et_pb_column type=&#8220;1_5&#8243; _builder_version=&#8220;4.16&#8243; global_colors_info=&#8220;{}&#8220;][\/et_pb_column][et_pb_column type=&#8220;1_5&#8243; _builder_version=&#8220;4.16&#8243; global_colors_info=&#8220;{}&#8220;][et_pb_button button_url=&#8220;@ET-DC@eyJkeW5hbWljIjp0cnVlLCJjb250ZW50IjoicG9zdF9saW5rX3VybF9wYWdlIiwic2V0dGluZ3MiOnsicG9zdF9pZCI6IjIzMDcifX0=@&#8220; button_text=&#8220;ZUM N\u00c4CHSTEN KONZERT&#8220; button_alignment=&#8220;center&#8220; _builder_version=&#8220;4.17.6&#8243; _dynamic_attributes=&#8220;button_url&#8220; custom_button=&#8220;on&#8220; button_text_size=&#8220;12px&#8220; button_border_width=&#8220;0px&#8220; button_border_radius=&#8220;5px&#8220; button_letter_spacing=&#8220;1px&#8220; button_font=&#8220;|700|||||||&#8220; button_icon=&#8220;&#xe03c;||divi||400&#8243; button_on_hover=&#8220;off&#8220; custom_margin=&#8220;|-24px||-24px|false|true&#8220; custom_margin_tablet=&#8220;|10px||0px|false|false&#8220; custom_margin_phone=&#8220;|0px||0px|false|true&#8220; custom_margin_last_edited=&#8220;on|desktop&#8220; custom_padding=&#8220;5px|0px|5px|0px|true|true&#8220; global_colors_info=&#8220;{}&#8220;][\/et_pb_button][\/et_pb_column][\/et_pb_row][\/et_pb_section]<\/p>\n","protected":false},"excerpt":{"rendered":"<p>\u00a0Foto: Dua WdtOkt 02\u00a0 19:30 UHR \u00a0 ACID SITTER &amp; Local support: LILII SYZYGY x MONOKINI &nbsp; Es wird wieder Zeit f\u00fcr eine Portion psychedelischen Spirit bei der PolenAllergie: Die Band Acid Sitter, ein polnisch-japanisches Konglomerat musikalischer Psychonauten, taucht mit euch in tiefste Klangsph\u00e4ren ab. Treibende Songs mit Rock\u2019n\u2019Roll-Einschlag und Punk-Energie sind das Markenzeichen der [&hellip;]<\/p>\n","protected":false},"author":2,"featured_media":0,"parent":54,"menu_order":0,"comment_status":"closed","ping_status":"closed","template":"","meta":{"_et_pb_use_builder":"on","_et_pb_old_content":"","_et_gb_content_width":""},"_links":{"self":[{"href":"https:\/\/www.polenallergie.de\/index.php\/wp-json\/wp\/v2\/pages\/2280"}],"collection":[{"href":"https:\/\/www.polenallergie.de\/index.php\/wp-json\/wp\/v2\/pages"}],"about":[{"href":"https:\/\/www.polenallergie.de\/index.php\/wp-json\/wp\/v2\/types\/page"}],"author":[{"embeddable":true,"href":"https:\/\/www.polenallergie.de\/index.php\/wp-json\/wp\/v2\/users\/2"}],"replies":[{"embeddable":true,"href":"https:\/\/www.polenallergie.de\/index.php\/wp-json\/wp\/v2\/comments?post=2280"}],"version-history":[{"count":18,"href":"https:\/\/www.polenallergie.de\/index.php\/wp-json\/wp\/v2\/pages\/2280\/revisions"}],"predecessor-version":[{"id":2349,"href":"https:\/\/www.polenallergie.de\/index.php\/wp-json\/wp\/v2\/pages\/2280\/revisions\/2349"}],"up":[{"embeddable":true,"href":"https:\/\/www.polenallergie.de\/index.php\/wp-json\/wp\/v2\/pages\/54"}],"wp:attachment":[{"href":"https:\/\/www.polenallergie.de\/index.php\/wp-json\/wp\/v2\/media?parent=2280"}],"curies":[{"name":"wp","href":"https:\/\/api.w.org\/{rel}","templated":true}]}}