{"id":2363,"date":"2023-08-15T16:18:33","date_gmt":"2023-08-15T14:18:33","guid":{"rendered":"https:\/\/www.polenallergie.de\/?page_id=2363"},"modified":"2023-08-26T10:57:39","modified_gmt":"2023-08-26T08:57:39","slug":"2023-09-12-neal-2023","status":"publish","type":"page","link":"https:\/\/www.polenallergie.de\/index.php\/archiv\/2023-09-12-neal-2023\/","title":{"rendered":"2023-09-12 NEAL 2023"},"content":{"rendered":"<p>[et_pb_section fb_built=&#8220;1&#8243; admin_label=&#8220;Gallery&#8220; _builder_version=&#8220;4.16&#8243; use_background_color_gradient=&#8220;on&#8220; background_color_gradient_stops=&#8220;rgba(239,86,86,0.82) 0%|rgba(68,45,133,0.79) 100%&#8220; background_color_gradient_start=&#8220;rgba(239,86,86,0.82)&#8220; background_color_gradient_end=&#8220;rgba(68,45,133,0.79)&#8220; custom_margin=&#8220;||||false|false&#8220; custom_padding=&#8220;||102px||false|false&#8220; locked=&#8220;off&#8220; global_colors_info=&#8220;{}&#8220;][et_pb_row column_structure=&#8220;1_2,1_2&#8243; use_custom_gutter=&#8220;on&#8220; gutter_width=&#8220;1&#8243; _builder_version=&#8220;4.16&#8243; transform_scale_tablet=&#8220;&#8220; transform_scale_phone=&#8220;&#8220; transform_scale_last_edited=&#8220;on|desktop&#8220; transform_translate=&#8220;2vw|0px&#8220; transform_translate_tablet=&#8220;0px|0px&#8220; transform_translate_phone=&#8220;&#8220; transform_translate_last_edited=&#8220;on|desktop&#8220; transform_translate_linked=&#8220;off&#8220; transform_rotate_tablet=&#8220;&#8220; transform_rotate_phone=&#8220;&#8220; transform_rotate_last_edited=&#8220;on|desktop&#8220; transform_skew_tablet=&#8220;&#8220; transform_skew_phone=&#8220;&#8220; transform_skew_last_edited=&#8220;on|desktop&#8220; transform_origin_tablet=&#8220;&#8220; transform_origin_phone=&#8220;&#8220; transform_origin_last_edited=&#8220;on|desktop&#8220; transform_styles_last_edited=&#8220;on|desktop&#8220; custom_padding=&#8220;26px||2px||false|false&#8220; transform_styles_tablet=&#8220;&#8220; transform_styles_phone=&#8220;&#8220; global_colors_info=&#8220;{}&#8220;][et_pb_column type=&#8220;1_2&#8243; _builder_version=&#8220;4.16&#8243; global_colors_info=&#8220;{}&#8220; custom_padding__hover=&#8220;|||&#8220;][\/et_pb_column][et_pb_column type=&#8220;1_2&#8243; _builder_version=&#8220;4.16&#8243; global_colors_info=&#8220;{}&#8220; custom_padding__hover=&#8220;|||&#8220;][et_pb_image src=&#8220;https:\/\/www.polenallergie.de\/pa\/wp-content\/uploads\/2023\/08\/NEAL-fot.-Panda.jpg&#8220; title_text=&#8220;NEAL, fot. Panda&#8220; align_tablet=&#8220;&#8220; align_phone=&#8220;&#8220; align_last_edited=&#8220;on|desktop&#8220; _builder_version=&#8220;4.17.6&#8243; custom_margin=&#8220;|-8vw|0px||false|false&#8220; custom_margin_tablet=&#8220;0px|0vw|-2px||false|false&#8220; custom_margin_phone=&#8220;&#8220; custom_margin_last_edited=&#8220;on|phone&#8220; custom_padding=&#8220;3px||0px||false|false&#8220; box_shadow_style=&#8220;preset3&#8243; box_shadow_vertical=&#8220;40px&#8220; box_shadow_blur=&#8220;80px&#8220; box_shadow_color=&#8220;rgba(131,146,167,0.15)&#8220; global_colors_info=&#8220;{}&#8220;][\/et_pb_image][\/et_pb_column][\/et_pb_row][et_pb_row column_structure=&#8220;1_2,1_2&#8243; use_custom_gutter=&#8220;on&#8220; gutter_width=&#8220;1&#8243; _builder_version=&#8220;4.16&#8243; transform_scale_tablet=&#8220;&#8220; transform_scale_phone=&#8220;&#8220; transform_scale_last_edited=&#8220;on|desktop&#8220; transform_translate=&#8220;2vw|0px&#8220; transform_translate_tablet=&#8220;0px|0px&#8220; transform_translate_phone=&#8220;&#8220; transform_translate_last_edited=&#8220;on|desktop&#8220; transform_translate_linked=&#8220;off&#8220; transform_rotate_tablet=&#8220;&#8220; transform_rotate_phone=&#8220;&#8220; transform_rotate_last_edited=&#8220;on|desktop&#8220; transform_skew_tablet=&#8220;&#8220; transform_skew_phone=&#8220;&#8220; transform_skew_last_edited=&#8220;on|desktop&#8220; transform_origin_tablet=&#8220;&#8220; transform_origin_phone=&#8220;&#8220; transform_origin_last_edited=&#8220;on|desktop&#8220; transform_styles_last_edited=&#8220;on|desktop&#8220; custom_padding=&#8220;0px||0px||true|&#8220; transform_styles_tablet=&#8220;&#8220; transform_styles_phone=&#8220;&#8220; global_colors_info=&#8220;{}&#8220;][et_pb_column type=&#8220;1_2&#8243; _builder_version=&#8220;4.16&#8243; global_colors_info=&#8220;{}&#8220; custom_padding__hover=&#8220;|||&#8220;][et_pb_button button_url=&#8220;#&#8220; button_text=&#8220;NEAL| singer songwriter, indie, alternative&#8220; button_alignment=&#8220;right&#8220; button_alignment_tablet=&#8220;left&#8220; button_alignment_phone=&#8220;left&#8220; button_alignment_last_edited=&#8220;on|desktop&#8220; _builder_version=&#8220;4.17.6&#8243; custom_button=&#8220;on&#8220; button_text_size=&#8220;14px&#8220; button_text_color=&#8220;#ffffff&#8220; button_bg_color=&#8220;#f46aa0&#8243; button_bg_use_color_gradient=&#8220;on&#8220; button_bg_color_gradient_direction=&#8220;90deg&#8220; button_bg_color_gradient_stops=&#8220;#ffb397 0%|#f46aa0 100%&#8220; button_bg_color_gradient_start=&#8220;#ffb397&#8243; button_bg_color_gradient_end=&#8220;#f46aa0&#8243; button_border_width=&#8220;0px&#8220; button_border_color=&#8220;rgba(0,0,0,0)&#8220; button_border_radius=&#8220;0px&#8220; button_letter_spacing=&#8220;5px&#8220; button_font=&#8220;Open Sans|700||on|||||&#8220; button_use_icon=&#8220;off&#8220; transform_scale_tablet=&#8220;&#8220; transform_scale_phone=&#8220;&#8220; transform_scale_last_edited=&#8220;on|desktop&#8220; transform_translate=&#8220;0%|0%&#8220; transform_translate_tablet=&#8220;0%|0%&#8220; transform_translate_phone=&#8220;&#8220; transform_translate_last_edited=&#8220;on|desktop&#8220; transform_translate_linked=&#8220;off&#8220; transform_rotate_tablet=&#8220;&#8220; transform_rotate_phone=&#8220;&#8220; transform_rotate_last_edited=&#8220;on|desktop&#8220; transform_skew_tablet=&#8220;&#8220; transform_skew_phone=&#8220;&#8220; transform_skew_last_edited=&#8220;on|desktop&#8220; transform_origin_tablet=&#8220;&#8220; transform_origin_phone=&#8220;&#8220; transform_origin_last_edited=&#8220;on|desktop&#8220; transform_styles_last_edited=&#8220;on|desktop&#8220; z_index=&#8220;1&#8243; background_layout=&#8220;dark&#8220; custom_margin=&#8220;||0px&#8220; custom_margin_tablet=&#8220;|||60px&#8220; custom_margin_phone=&#8220;|||-55px&#8220; custom_margin_last_edited=&#8220;off|desktop&#8220; custom_padding=&#8220;30px|40px|30px|40px|true|true&#8220; hover_transition_duration=&#8220;0ms&#8220; hover_transition_speed_curve=&#8220;linear&#8220; transform_styles_tablet=&#8220;&#8220; transform_styles_phone=&#8220;&#8220; box_shadow_style=&#8220;preset3&#8243; box_shadow_vertical=&#8220;14px&#8220; box_shadow_blur=&#8220;80px&#8220; box_shadow_color=&#8220;#680013&#8243; box_shadow_color_tablet=&#8220;#6d0014&#8243; box_shadow_color_last_edited=&#8220;off|tablet&#8220; locked=&#8220;off&#8220; global_colors_info=&#8220;{}&#8220; transform_styles__hover_enabled=&#8220;off|desktop&#8220; transform_scale__hover_enabled=&#8220;off|desktop&#8220; transform_translate__hover_enabled=&#8220;off|desktop&#8220; transform_rotate__hover_enabled=&#8220;off|desktop&#8220; transform_skew__hover_enabled=&#8220;off|desktop&#8220; transform_origin__hover_enabled=&#8220;off|desktop&#8220;][\/et_pb_button][\/et_pb_column][et_pb_column type=&#8220;1_2&#8243; _builder_version=&#8220;4.16&#8243; global_colors_info=&#8220;{}&#8220; custom_padding__hover=&#8220;|||&#8220;][et_pb_text _builder_version=&#8220;4.17.6&#8243; custom_margin=&#8220;|||-11px|false|false&#8220; custom_margin_tablet=&#8220;|||0px|false|false&#8220; custom_margin_phone=&#8220;&#8220; custom_margin_last_edited=&#8220;on|desktop&#8220; custom_padding=&#8220;|||19px||&#8220; global_colors_info=&#8220;{}&#8220;]<\/p>\n<p><span style=\"color: #ff99cc;\">\u00a0Foto: Panda<br \/><\/span><\/p>\n<p>[\/et_pb_text][\/et_pb_column][\/et_pb_row][\/et_pb_section][et_pb_section fb_built=&#8220;1&#8243; admin_label=&#8220;Services&#8220; _builder_version=&#8220;4.16&#8243; background_color=&#8220;rgba(0,0,0,0)&#8220; z_index=&#8220;1&#8243; custom_padding=&#8220;0px|||||&#8220; locked=&#8220;off&#8220; global_colors_info=&#8220;{}&#8220;][et_pb_row custom_padding_last_edited=&#8220;on|phone&#8220; _builder_version=&#8220;4.16&#8243; background_color=&#8220;#ffffff&#8220; max_width=&#8220;660px&#8220; custom_margin=&#8220;-3vw|auto||auto|false|&#8220; custom_margin_tablet=&#8220;&#8220; custom_margin_phone=&#8220;&#8220; custom_margin_last_edited=&#8220;on|phone&#8220; custom_padding=&#8220;96px|60px|96px|60px|true|true&#8220; custom_padding_tablet=&#8220;60px||60px|40px|true&#8220; custom_padding_phone=&#8220;|20px||20px||true&#8220; box_shadow_style=&#8220;preset3&#8243; box_shadow_vertical=&#8220;40px&#8220; box_shadow_blur=&#8220;80px&#8220; box_shadow_color=&#8220;rgba(131,146,167,0.15)&#8220; global_colors_info=&#8220;{}&#8220;][et_pb_column type=&#8220;4_4&#8243; _builder_version=&#8220;4.16&#8243; global_colors_info=&#8220;{}&#8220;][et_pb_text _builder_version=&#8220;4.17.6&#8243; header_font=&#8220;||||||||&#8220; header_2_font=&#8220;Fjalla One||||||||&#8220; header_2_font_size=&#8220;33px&#8220; header_2_line_height=&#8220;1.2em&#8220; min_height=&#8220;79px&#8220; custom_margin=&#8220;-33px|||||&#8220; custom_padding=&#8220;0px||0px||false|false&#8220; header_2_font_size_tablet=&#8220;50px&#8220; header_2_font_size_phone=&#8220;30px&#8220; header_2_font_size_last_edited=&#8220;on|phone&#8220; locked=&#8220;off&#8220; global_colors_info=&#8220;{}&#8220;]<\/p>\n<h2 style=\"text-align: left;\">Sept 12\u00a0 <span style=\"color: #ff5566;\"><span style=\"color: #f56ea0;\">20:00 <\/span><\/span><span style=\"color: #ff5566;\"><span style=\"color: #f56ea0;\"> UHR <\/span><br \/><\/span><\/h2>\n<h2><span style=\"color: #f56ea0;\"><em>\u00a0<\/em><\/span><\/h2>\n<p>[\/et_pb_text][et_pb_text _builder_version=&#8220;4.17.6&#8243; text_font=&#8220;||||||||&#8220; text_font_size=&#8220;16px&#8220; text_line_height=&#8220;1.8em&#8220; link_font=&#8220;|700||on|||||&#8220; link_text_align=&#8220;right&#8220; link_text_color=&#8220;#ff9c7a&#8220; link_font_size=&#8220;12px&#8220; link_letter_spacing=&#8220;4px&#8220; header_font=&#8220;||||||||&#8220; header_3_font=&#8220;Fjalla One|||on|||||&#8220; header_3_font_size=&#8220;30px&#8220; header_3_letter_spacing=&#8220;10px&#8220; header_3_line_height=&#8220;1.2em&#8220; width_phone=&#8220;100%&#8220; width_last_edited=&#8220;off|phone&#8220; min_height=&#8220;673px&#8220; custom_margin=&#8220;||10px&#8220; custom_padding=&#8220;||0px|||&#8220; header_3_font_size_tablet=&#8220;25px&#8220; header_3_font_size_phone=&#8220;20px&#8220; header_3_font_size_last_edited=&#8220;on|phone&#8220; global_colors_info=&#8220;{}&#8220;]<\/p>\n<address class=\"tribe-events-address\" style=\"box-sizing: border-box; margin: 0px; padding: 0px; border: 0px; outline: 0px; font-size: 14px; text-size-adjust: 100%; vertical-align: baseline; background: transparent; font-style: normal; line-height: 26px;\"><\/address>\n<h3><strong>NEAL<\/strong><\/h3>\n<p><strong><\/strong><\/p>\n<p>Hinter<strong> NEAL<\/strong> steckt Rafa\u0142 Klimczak, der dem N\u00fcrnberger Publikum als S\u00e4nger der Psychedelic-Rock-Bands Neal Cassidy und der Psychedelic-Band Acid Sitter bekannt ist. Nun kommt der umtriebige Musiker mit seinem aktuellen Ein-Mann-Projekt NEAL und dazugeh\u00f6rigem Album <strong>\u201eSex Tapes\u201c<\/strong> nach N\u00fcrnberg zur\u00fcck und schl\u00e4gt dieses Mal leisere T\u00f6ne an: Grungig, melancholisch und akustisch \u2013 aber trotzdem kraftvoll mit rockiger Aura \u2013 So k\u00f6nnte man die Musik von Neal beschreiben. Das reduzierte Set aus Stimme und Gitarre l\u00e4sst Raum f\u00fcr die T\u00f6ne zwischen den T\u00f6nen, f\u00fcr eine intime Begegnung mit dem Musiker. Im Zentrum stehen die Texte, die Stimme, die Stimmung. Der Spirit der 90er schwingt in den Songs von Neal mit, ein bisschen Jeff Buckley, ein bisschen Pearl Jam, ein Hauch Elliott Smith und Phoebe Bridges. Fans von Alternative-Rock- und Grunge-Balladen werden bei diesem Konzert ins Schw\u00e4rmen geraten!<\/p>\n<p>&nbsp;<\/p>\n<p><strong>Veranstaltungsort:<\/strong><o:p><\/o:p><\/p>\n<p><strong>Ludwigs Bar, Innere Laufer Gasse 35, 90403 N\u00dcRNBERG<\/strong><o:p><\/o:p><\/p>\n<p><strong>EINTRITT frei<\/strong><strong><\/strong><strong><\/strong><\/p>\n<p><strong>VERANSTALTER: KULTURZENTRUM IM KRAKAUER HAUS<\/strong><o:p><\/o:p><\/p>\n<p><strong>in Zusammenarbeit mit Ludwigs Bar.<\/strong><o:p><\/o:p><\/p>\n<p><a href=\"http:\/\/www.krakauer-haus.de\/index.php\/2019\/06\/23\/40-jahre-staedtepartnerschaft-krakau-nuernberg\/\"><\/a><\/p>\n<p><strong><\/strong><\/p>\n<p>[\/et_pb_text][et_pb_button button_url=&#8220;https:\/\/open.spotify.com\/intl-de\/artist\/2H7CTkcqMGNLW1i9bk6CHZ?si=__fP9jf7RReU_Wt8Pvj5Mw&#8220; url_new_window=&#8220;on&#8220; button_text=&#8220;listen on spotify&#8220; button_alignment=&#8220;left&#8220; button_alignment_tablet=&#8220;left&#8220; button_alignment_phone=&#8220;&#8220; button_alignment_last_edited=&#8220;on|desktop&#8220; _builder_version=&#8220;4.17.6&#8243; custom_button=&#8220;on&#8220; button_text_size=&#8220;14px&#8220; button_text_color=&#8220;#f56ea0&#8243; button_bg_color=&#8220;rgba(244,106,160,0.1)&#8220; button_bg_color_gradient_direction=&#8220;90deg&#8220; button_bg_color_gradient_stops=&#8220;#ffb397 0%|#f46aa0 100%&#8220; button_bg_color_gradient_start=&#8220;#ffb397&#8243; button_bg_color_gradient_end=&#8220;#f46aa0&#8243; button_border_width=&#8220;0px&#8220; button_border_radius=&#8220;0px&#8220; button_letter_spacing=&#8220;6px&#8220; button_font=&#8220;Open Sans|700||on|||||&#8220; button_icon=&#8220;&#xe069;||divi||400&#8243; button_on_hover=&#8220;off&#8220; custom_margin=&#8220;||40px|||&#8220; custom_padding=&#8220;20px|40px|20px|32px|true|false&#8220; locked=&#8220;off&#8220; global_colors_info=&#8220;{}&#8220;][\/et_pb_button][et_pb_video src=&#8220;https:\/\/youtu.be\/KoRpWtdHIsU&#8220; src_webm=&#8220;https:\/\/youtu.be\/M2NJVVjWYyg&#8220; _builder_version=&#8220;4.17.6&#8243; global_colors_info=&#8220;{}&#8220;][\/et_pb_video][et_pb_video src=&#8220;https:\/\/youtu.be\/M2NJVVjWYyg&#8220; _builder_version=&#8220;4.17.6&#8243; _module_preset=&#8220;default&#8220; global_colors_info=&#8220;{}&#8220;][\/et_pb_video][\/et_pb_column][\/et_pb_row][et_pb_row _builder_version=&#8220;4.17.6&#8243; _module_preset=&#8220;default&#8220;][et_pb_column _builder_version=&#8220;4.17.6&#8243; _module_preset=&#8220;default&#8220; type=&#8220;4_4&#8243;][et_pb_image src=&#8220;https:\/\/www.polenallergie.de\/pa\/wp-content\/uploads\/2023\/08\/NEAL-Plakat.png&#8220; _builder_version=&#8220;4.17.6&#8243; _module_preset=&#8220;default&#8220; title_text=&#8220;NEAL Plakat&#8220; hover_enabled=&#8220;0&#8243; sticky_enabled=&#8220;0&#8243;][\/et_pb_image][\/et_pb_column][\/et_pb_row][et_pb_row column_structure=&#8220;1_5,1_5,1_5,1_5,1_5&#8243; _builder_version=&#8220;4.16&#8243; custom_padding=&#8220;27px|||||&#8220; locked=&#8220;off&#8220; global_colors_info=&#8220;{}&#8220;][et_pb_column type=&#8220;1_5&#8243; _builder_version=&#8220;4.16&#8243; global_colors_info=&#8220;{}&#8220;][\/et_pb_column][et_pb_column type=&#8220;1_5&#8243; _builder_version=&#8220;4.16&#8243; global_colors_info=&#8220;{}&#8220;][\/et_pb_column][et_pb_column type=&#8220;1_5&#8243; _builder_version=&#8220;4.16&#8243; global_colors_info=&#8220;{}&#8220;][\/et_pb_column][et_pb_column type=&#8220;1_5&#8243; _builder_version=&#8220;4.16&#8243; global_colors_info=&#8220;{}&#8220;][\/et_pb_column][et_pb_column type=&#8220;1_5&#8243; _builder_version=&#8220;4.16&#8243; global_colors_info=&#8220;{}&#8220;][et_pb_button button_url=&#8220;@ET-DC@eyJkeW5hbWljIjp0cnVlLCJjb250ZW50IjoicG9zdF9saW5rX3VybF9wYWdlIiwic2V0dGluZ3MiOnsicG9zdF9pZCI6IjIzNzMifX0=@&#8220; button_text=&#8220;ZUM N\u00c4CHSTEN KONZERT&#8220; button_alignment=&#8220;center&#8220; _builder_version=&#8220;4.17.6&#8243; _dynamic_attributes=&#8220;button_url&#8220; custom_button=&#8220;on&#8220; button_text_size=&#8220;12px&#8220; button_border_width=&#8220;0px&#8220; button_border_radius=&#8220;5px&#8220; button_letter_spacing=&#8220;1px&#8220; button_font=&#8220;|700|||||||&#8220; button_icon=&#8220;&#xe03c;||divi||400&#8243; button_on_hover=&#8220;off&#8220; custom_margin=&#8220;|-24px||-24px|false|true&#8220; custom_margin_tablet=&#8220;|10px||0px|false|false&#8220; custom_margin_phone=&#8220;|0px||0px|false|true&#8220; custom_margin_last_edited=&#8220;on|desktop&#8220; custom_padding=&#8220;5px|0px|5px|0px|true|true&#8220; global_colors_info=&#8220;{}&#8220;][\/et_pb_button][\/et_pb_column][\/et_pb_row][\/et_pb_section]<\/p>\n","protected":false},"excerpt":{"rendered":"<p>\u00a0Foto: PandaSept 12\u00a0 20:00 UHR \u00a0 NEAL Hinter NEAL steckt Rafa\u0142 Klimczak, der dem N\u00fcrnberger Publikum als S\u00e4nger der Psychedelic-Rock-Bands Neal Cassidy und der Psychedelic-Band Acid Sitter bekannt ist. Nun kommt der umtriebige Musiker mit seinem aktuellen Ein-Mann-Projekt NEAL und dazugeh\u00f6rigem Album \u201eSex Tapes\u201c nach N\u00fcrnberg zur\u00fcck und schl\u00e4gt dieses Mal leisere T\u00f6ne an: Grungig, [&hellip;]<\/p>\n","protected":false},"author":2,"featured_media":0,"parent":54,"menu_order":0,"comment_status":"closed","ping_status":"closed","template":"","meta":{"_et_pb_use_builder":"on","_et_pb_old_content":"","_et_gb_content_width":""},"_links":{"self":[{"href":"https:\/\/www.polenallergie.de\/index.php\/wp-json\/wp\/v2\/pages\/2363"}],"collection":[{"href":"https:\/\/www.polenallergie.de\/index.php\/wp-json\/wp\/v2\/pages"}],"about":[{"href":"https:\/\/www.polenallergie.de\/index.php\/wp-json\/wp\/v2\/types\/page"}],"author":[{"embeddable":true,"href":"https:\/\/www.polenallergie.de\/index.php\/wp-json\/wp\/v2\/users\/2"}],"replies":[{"embeddable":true,"href":"https:\/\/www.polenallergie.de\/index.php\/wp-json\/wp\/v2\/comments?post=2363"}],"version-history":[{"count":6,"href":"https:\/\/www.polenallergie.de\/index.php\/wp-json\/wp\/v2\/pages\/2363\/revisions"}],"predecessor-version":[{"id":2433,"href":"https:\/\/www.polenallergie.de\/index.php\/wp-json\/wp\/v2\/pages\/2363\/revisions\/2433"}],"up":[{"embeddable":true,"href":"https:\/\/www.polenallergie.de\/index.php\/wp-json\/wp\/v2\/pages\/54"}],"wp:attachment":[{"href":"https:\/\/www.polenallergie.de\/index.php\/wp-json\/wp\/v2\/media?parent=2363"}],"curies":[{"name":"wp","href":"https:\/\/api.w.org\/{rel}","templated":true}]}}