{"id":972,"date":"2019-09-09T10:57:56","date_gmt":"2019-09-09T08:57:56","guid":{"rendered":"http:\/\/www.polenallergie.de\/?page_id=972"},"modified":"2019-09-12T12:42:55","modified_gmt":"2019-09-12T10:42:55","slug":"jazzpospolita-2016","status":"publish","type":"page","link":"https:\/\/www.polenallergie.de\/index.php\/jazzpospolita-2016\/","title":{"rendered":"Jazzpospolita 2016"},"content":{"rendered":"<p>[et_pb_section fb_built=&#8220;1&#8243; admin_label=&#8220;Gallery&#8220; _builder_version=&#8220;3.27.2&#8243; use_background_color_gradient=&#8220;on&#8220; background_color_gradient_start=&#8220;rgba(239,86,86,0.82)&#8220; background_color_gradient_end=&#8220;rgba(68,45,133,0.79)&#8220; custom_margin=&#8220;||||false|false&#8220; custom_padding=&#8220;||100px|||&#8220; locked=&#8220;off&#8220; fb_built=&#8220;1&#8243; _i=&#8220;0&#8243; _address=&#8220;0&#8243;][et_pb_row column_structure=&#8220;1_2,1_2&#8243; use_custom_gutter=&#8220;on&#8220; gutter_width=&#8220;1&#8243; _builder_version=&#8220;3.25.3&#8243; transform_scale_last_edited=&#8220;on|desktop&#8220; transform_translate=&#8220;2vw|0px&#8220; transform_translate_tablet=&#8220;0px|0px&#8220; transform_translate_last_edited=&#8220;on|desktop&#8220; transform_translate_linked=&#8220;off&#8220; transform_rotate_last_edited=&#8220;on|desktop&#8220; transform_skew_last_edited=&#8220;on|desktop&#8220; transform_origin_last_edited=&#8220;on|desktop&#8220; transform_styles_last_edited=&#8220;on|desktop&#8220; custom_padding=&#8220;0px||0px||true|&#8220; _i=&#8220;0&#8243; _address=&#8220;0.0&#8243;][et_pb_column type=&#8220;1_2&#8243; _builder_version=&#8220;3.25.3&#8243; custom_padding__hover=&#8220;|||&#8220; _i=&#8220;0&#8243; _address=&#8220;0.0.0&#8243;][\/et_pb_column][et_pb_column type=&#8220;1_2&#8243; _builder_version=&#8220;3.25.3&#8243; custom_padding__hover=&#8220;|||&#8220; _i=&#8220;1&#8243; _address=&#8220;0.0.1&#8243;][et_pb_image src=&#8220;https:\/\/www.polenallergie.de\/pa\/wp-content\/uploads\/2019\/09\/jazzpo1.jpg&#8220; align_last_edited=&#8220;on|desktop&#8220; _builder_version=&#8220;3.27.2&#8243; box_shadow_style=&#8220;preset3&#8243; box_shadow_vertical=&#8220;40px&#8220; box_shadow_blur=&#8220;80px&#8220; box_shadow_color=&#8220;rgba(131,146,167,0.15)&#8220; custom_margin=&#8220;||||false|false&#8220; custom_margin_tablet=&#8220;0px|0vw||&#8220; custom_margin_last_edited=&#8220;on|desktop&#8220; custom_padding=&#8220;||0px|||&#8220; _i=&#8220;0&#8243; _address=&#8220;0.0.1.0&#8243;][\/et_pb_image][\/et_pb_column][\/et_pb_row][et_pb_row column_structure=&#8220;1_2,1_2&#8243; use_custom_gutter=&#8220;on&#8220; gutter_width=&#8220;1&#8243; _builder_version=&#8220;3.25.3&#8243; transform_scale_last_edited=&#8220;on|desktop&#8220; transform_translate=&#8220;2vw|0px&#8220; transform_translate_tablet=&#8220;0px|0px&#8220; transform_translate_last_edited=&#8220;on|desktop&#8220; transform_translate_linked=&#8220;off&#8220; transform_rotate_last_edited=&#8220;on|desktop&#8220; transform_skew_last_edited=&#8220;on|desktop&#8220; transform_origin_last_edited=&#8220;on|desktop&#8220; transform_styles_last_edited=&#8220;on|desktop&#8220; custom_padding=&#8220;0px||0px||true|&#8220; locked=&#8220;off&#8220; _i=&#8220;1&#8243; _address=&#8220;0.1&#8243;][et_pb_column type=&#8220;1_2&#8243; _builder_version=&#8220;3.25.3&#8243; custom_padding__hover=&#8220;|||&#8220; _i=&#8220;0&#8243; _address=&#8220;0.1.0&#8243;][et_pb_button button_url=&#8220;#&#8220; button_text=&#8220; Jazzpospolita | Alternative jazz&#8220; button_alignment=&#8220;right&#8220; button_text_last_edited=&#8220;on|tablet&#8220; button_alignment_tablet=&#8220;left&#8220; button_alignment_phone=&#8220;left&#8220; button_alignment_last_edited=&#8220;on|desktop&#8220; _builder_version=&#8220;3.27.2&#8243; custom_button=&#8220;on&#8220; button_text_size=&#8220;14px&#8220; button_text_color=&#8220;#ffffff&#8220; button_bg_color=&#8220;#f46aa0&#8243; button_bg_use_color_gradient=&#8220;on&#8220; button_bg_color_gradient_start=&#8220;#ffb397&#8243; button_bg_color_gradient_end=&#8220;#f46aa0&#8243; button_bg_color_gradient_direction=&#8220;90deg&#8220; button_border_width=&#8220;0px&#8220; button_border_radius=&#8220;0px&#8220; button_letter_spacing=&#8220;5px&#8220; button_font=&#8220;Open Sans|700||on|||||&#8220; button_use_icon=&#8220;off&#8220; box_shadow_style=&#8220;preset3&#8243; box_shadow_vertical=&#8220;14px&#8220; box_shadow_blur=&#8220;80px&#8220; box_shadow_color=&#8220;#680013&#8243; transform_scale_last_edited=&#8220;on|desktop&#8220; transform_translate=&#8220;0%|0%&#8220; transform_translate_tablet=&#8220;0%|0%&#8220; transform_translate_last_edited=&#8220;on|desktop&#8220; transform_translate_linked=&#8220;off&#8220; transform_rotate_last_edited=&#8220;on|desktop&#8220; transform_skew_last_edited=&#8220;on|desktop&#8220; transform_origin_last_edited=&#8220;on|desktop&#8220; transform_styles_last_edited=&#8220;on|desktop&#8220; custom_margin=&#8220;||0px&#8220; custom_margin_tablet=&#8220;||||false|false&#8220; custom_margin_phone=&#8220;|||0px|false|false&#8220; custom_margin_last_edited=&#8220;on|desktop&#8220; custom_padding=&#8220;30px|40px|30px|40px|true|true&#8220; z_index=&#8220;1&#8243; hover_enabled=&#8220;0&#8243; box_shadow_color_tablet=&#8220;#6d0014&#8243; box_shadow_color_last_edited=&#8220;off|tablet&#8220; locked=&#8220;off&#8220; transform_styles__hover_enabled=&#8220;on|hover&#8220; transform_scale__hover_enabled=&#8220;on&#8220; transform_translate__hover_enabled=&#8220;on|hover&#8220; transform_rotate__hover_enabled=&#8220;on&#8220; transform_skew__hover_enabled=&#8220;on&#8220; transform_origin__hover_enabled=&#8220;on&#8220; _i=&#8220;0&#8243; _address=&#8220;0.1.0.0&#8243; background_layout=&#8220;dark&#8220;][\/et_pb_button][\/et_pb_column][et_pb_column type=&#8220;1_2&#8243; _builder_version=&#8220;3.25.3&#8243; custom_padding__hover=&#8220;|||&#8220; _i=&#8220;1&#8243; _address=&#8220;0.1.1&#8243;][\/et_pb_column][\/et_pb_row][\/et_pb_section][et_pb_section fb_built=&#8220;1&#8243; admin_label=&#8220;Services&#8220; _builder_version=&#8220;3.25.3&#8243; background_color=&#8220;rgba(0,0,0,0)&#8220; custom_margin=&#8220;||27px|||&#8220; custom_padding=&#8220;43px||0px|||&#8220; z_index=&#8220;1&#8243; fb_built=&#8220;1&#8243; _i=&#8220;1&#8243; _address=&#8220;1&#8243;][et_pb_row custom_padding_last_edited=&#8220;on|phone&#8220; _builder_version=&#8220;3.25.3&#8243; background_color=&#8220;#ffffff&#8220; box_shadow_style=&#8220;preset3&#8243; box_shadow_vertical=&#8220;40px&#8220; box_shadow_blur=&#8220;80px&#8220; box_shadow_color=&#8220;rgba(131,146,167,0.15)&#8220; max_width=&#8220;660px&#8220; min_height=&#8220;1196px&#8220; custom_margin=&#8220;-5vw|auto|6px|auto|false|&#8220; custom_padding=&#8220;73px|60px|73px|60px|true|true&#8220; custom_padding_tablet=&#8220;60px||60px|40px|true&#8220; custom_padding_phone=&#8220;|20px||20px||true&#8220; _i=&#8220;0&#8243; _address=&#8220;1.0&#8243;][et_pb_column type=&#8220;4_4&#8243; _builder_version=&#8220;3.25.3&#8243; _i=&#8220;0&#8243; _address=&#8220;1.0.0&#8243;][et_pb_text _builder_version=&#8220;3.27.2&#8243; header_font=&#8220;||||||||&#8220; header_2_font=&#8220;Fjalla One||||||||&#8220; header_2_font_size=&#8220;33px&#8220; header_2_line_height=&#8220;1.2em&#8220; min_height=&#8220;79px&#8220; custom_margin=&#8220;-2px|||||&#8220; custom_padding=&#8220;||0px||false|false&#8220; header_2_font_size_tablet=&#8220;50px&#8220; header_2_font_size_phone=&#8220;30px&#8220; header_2_font_size_last_edited=&#8220;on|phone&#8220; locked=&#8220;off&#8220; _i=&#8220;0&#8243; _address=&#8220;1.0.0.0&#8243;]<\/p>\n<h2 style=\"text-align: left;\">Okt 29\u00a0 <span style=\"color: #ff5566;\"><span style=\"color: #f56ea0;\">20 UHR<\/span><br \/> <\/span><\/h2>\n<p>[\/et_pb_text][et_pb_text _builder_version=&#8220;3.27.2&#8243; text_font=&#8220;||||||||&#8220; text_font_size=&#8220;16px&#8220; text_line_height=&#8220;1.8em&#8220; link_font=&#8220;|700||on|||||&#8220; link_text_align=&#8220;right&#8220; link_text_color=&#8220;#ff9c7a&#8220; link_font_size=&#8220;12px&#8220; link_letter_spacing=&#8220;4px&#8220; header_font=&#8220;||||||||&#8220; header_3_font=&#8220;Fjalla One|||on|||||&#8220; header_3_font_size=&#8220;30px&#8220; header_3_letter_spacing=&#8220;10px&#8220; header_3_line_height=&#8220;1.2em&#8220; width_phone=&#8220;100%&#8220; width_last_edited=&#8220;off|phone&#8220; custom_margin=&#8220;||10px&#8220; header_3_font_size_tablet=&#8220;25px&#8220; header_3_font_size_phone=&#8220;20px&#8220; header_3_font_size_last_edited=&#8220;on|phone&#8220; _i=&#8220;1&#8243; _address=&#8220;1.0.0.1&#8243;]<\/p>\n<h3><span class=\"zielonybig\"><strong><\/strong><span class=\"weissBIG\">Jazzpospolita<br \/> <\/span><span class=\"weissBIG\"><br \/> <\/span><\/span><\/h3>\n<h2 class=\"et_pb_module_header\"><\/h2>\n<p><span style=\"color: #f56ea0;\"><strong><span class=\"_4n-j fsl\"><span class=\"text_exposed_show\">Stefan Nowakowski: bass \/ Wojtek Oleksiak: drums \/ Micha\u0142 Przerwa-Tetmajer: guitar \/ Micha\u0142 Za\u0142\u0119ski \u2013 grandpiano, keyboards <\/span><\/span><\/strong><\/span><\/p>\n<p>Nach sechs Jahren ihres Bestehens steht fest: Jazzpospolita sind eines der interessantesten Ph\u00e4nomene in Sachen Alternative Jazz. Ihr letztes Album \u201eJazzpo!\u201c (\u00fcbrigens komplett uneditiert aufgenommen!) hat die polnische Szene im Sturm erobert und sorgt auch \u00fcberall sonst f\u00fcr ordentlich Furore. 200 absolvierte Livegigs sprechen zudem eine deutliche Sprache. Trotz Ver\u00e4nderungen im Lineup hat die Band einen unvergleichlichen eigenen Stil entwickelt, der sich einzigartigen Kompositionen zwischen Jazz, Post-Rock und elektronischer Musik spiegelt. Und diese doch unterschiedlichen Genres sorgen nat\u00fcrlich auch f\u00fcr ein dementsprechend gro\u00dfes und buntes Zielpublikum, dem Auftritt im Jazzclub folgt also auch gern mal einer auf einem gr\u00f6\u00dferen Rockfestival. Obwohl die Jazzpo! &#8211; Tour schon 50 Auftritte in Europa umfasste, N\u00fcrnberg wird als Spielort noch dazukommen, was uns sehr freut!<\/p>\n<p> \u201eEine der besten und strahlendsten Bands, die auf der Tallinn Music Week spielen werden. Diese neue Mixtur von Melodien stammt von Jazzpospolita aus Polen, die, wie der Name schon impliziert, eine Prise Jazz \u00fcber ihre delizi \u00f6 sen Post-Rock-Tunes streuen.\u201c (Under the Radar)<\/p>\n<p>Fot.<br \/> Photography of Moments<br \/> <a href=\"http:\/\/www.anjaduda.com\" target=\"_blank\" rel=\"noopener noreferrer\">w w w . a n j a d u d a . c o m<\/a><\/p>\n<p>&nbsp;<\/p>\n<p>&nbsp;<\/p>\n<p><strong><\/strong><strong>Veranstaltungsort:<br \/> <span class=\"zielony\">Krakauer Haus<\/span>, Hintere Insel Sch\u00fctt 34, 90403 N\u00fcrnberg <\/strong><\/p>\n<p><strong>Veranstalter: Kulturzentrum im Krakauer Haus <br \/><\/strong><\/p>\n<p><strong><a href=\"http:\/\/www.anjaduda.com\" target=\"_blank\" rel=\"noopener noreferrer\"><\/a><\/strong><\/p>\n<p>[\/et_pb_text][\/et_pb_column][\/et_pb_row][\/et_pb_section]<\/p>\n","protected":false},"excerpt":{"rendered":"<p>Okt 29\u00a0 20 UHR Jazzpospolita Stefan Nowakowski: bass \/ Wojtek Oleksiak: drums \/ Micha\u0142 Przerwa-Tetmajer: guitar \/ Micha\u0142 Za\u0142\u0119ski \u2013 grandpiano, keyboards Nach sechs Jahren ihres Bestehens steht fest: Jazzpospolita sind eines der interessantesten Ph\u00e4nomene in Sachen Alternative Jazz. Ihr letztes Album \u201eJazzpo!\u201c (\u00fcbrigens komplett uneditiert aufgenommen!) hat die polnische Szene im Sturm erobert und [&hellip;]<\/p>\n","protected":false},"author":1,"featured_media":0,"parent":0,"menu_order":0,"comment_status":"closed","ping_status":"closed","template":"","meta":{"_et_pb_use_builder":"on","_et_pb_old_content":"","_et_gb_content_width":""},"_links":{"self":[{"href":"https:\/\/www.polenallergie.de\/index.php\/wp-json\/wp\/v2\/pages\/972"}],"collection":[{"href":"https:\/\/www.polenallergie.de\/index.php\/wp-json\/wp\/v2\/pages"}],"about":[{"href":"https:\/\/www.polenallergie.de\/index.php\/wp-json\/wp\/v2\/types\/page"}],"author":[{"embeddable":true,"href":"https:\/\/www.polenallergie.de\/index.php\/wp-json\/wp\/v2\/users\/1"}],"replies":[{"embeddable":true,"href":"https:\/\/www.polenallergie.de\/index.php\/wp-json\/wp\/v2\/comments?post=972"}],"version-history":[{"count":3,"href":"https:\/\/www.polenallergie.de\/index.php\/wp-json\/wp\/v2\/pages\/972\/revisions"}],"predecessor-version":[{"id":1323,"href":"https:\/\/www.polenallergie.de\/index.php\/wp-json\/wp\/v2\/pages\/972\/revisions\/1323"}],"wp:attachment":[{"href":"https:\/\/www.polenallergie.de\/index.php\/wp-json\/wp\/v2\/media?parent=972"}],"curies":[{"name":"wp","href":"https:\/\/api.w.org\/{rel}","templated":true}]}}