{"id":986,"date":"2019-09-09T11:15:28","date_gmt":"2019-09-09T09:15:28","guid":{"rendered":"http:\/\/www.polenallergie.de\/?page_id=986"},"modified":"2019-09-09T11:21:35","modified_gmt":"2019-09-09T09:21:35","slug":"marcin-wasilewski-trio-mit-joakim-milder-2015","status":"publish","type":"page","link":"https:\/\/www.polenallergie.de\/index.php\/marcin-wasilewski-trio-mit-joakim-milder-2015\/","title":{"rendered":"Marcin Wasilewski Trio mit Joakim Milder 2015"},"content":{"rendered":"<p>[et_pb_section fb_built=&#8220;1&#8243; admin_label=&#8220;Gallery&#8220; _builder_version=&#8220;3.27.2&#8243; use_background_color_gradient=&#8220;on&#8220; background_color_gradient_start=&#8220;rgba(239,86,86,0.82)&#8220; background_color_gradient_end=&#8220;rgba(68,45,133,0.79)&#8220; custom_margin=&#8220;||||false|false&#8220; custom_padding=&#8220;||100px|||&#8220; locked=&#8220;off&#8220; fb_built=&#8220;1&#8243; _i=&#8220;0&#8243; _address=&#8220;0&#8243;][et_pb_row column_structure=&#8220;1_2,1_2&#8243; use_custom_gutter=&#8220;on&#8220; gutter_width=&#8220;1&#8243; _builder_version=&#8220;3.25.3&#8243; transform_scale_last_edited=&#8220;on|desktop&#8220; transform_translate=&#8220;2vw|0px&#8220; transform_translate_tablet=&#8220;0px|0px&#8220; transform_translate_last_edited=&#8220;on|desktop&#8220; transform_translate_linked=&#8220;off&#8220; transform_rotate_last_edited=&#8220;on|desktop&#8220; transform_skew_last_edited=&#8220;on|desktop&#8220; transform_origin_last_edited=&#8220;on|desktop&#8220; transform_styles_last_edited=&#8220;on|desktop&#8220; custom_padding=&#8220;0px||0px||true|&#8220; _i=&#8220;0&#8243; _address=&#8220;0.0&#8243;][et_pb_column type=&#8220;1_2&#8243; _builder_version=&#8220;3.25.3&#8243; custom_padding__hover=&#8220;|||&#8220; _i=&#8220;0&#8243; _address=&#8220;0.0.0&#8243;][\/et_pb_column][et_pb_column type=&#8220;1_2&#8243; _builder_version=&#8220;3.25.3&#8243; custom_padding__hover=&#8220;|||&#8220; _i=&#8220;1&#8243; _address=&#8220;0.0.1&#8243;][et_pb_image src=&#8220;https:\/\/www.polenallergie.de\/pa\/wp-content\/uploads\/2019\/09\/wasilewski.jpg&#8220; align_last_edited=&#8220;on|desktop&#8220; _builder_version=&#8220;3.27.2&#8243; box_shadow_style=&#8220;preset3&#8243; box_shadow_vertical=&#8220;40px&#8220; box_shadow_blur=&#8220;80px&#8220; box_shadow_color=&#8220;rgba(131,146,167,0.15)&#8220; custom_margin=&#8220;||||false|false&#8220; custom_margin_tablet=&#8220;0px|0vw||&#8220; custom_margin_last_edited=&#8220;on|desktop&#8220; custom_padding=&#8220;||0px|||&#8220; _i=&#8220;0&#8243; _address=&#8220;0.0.1.0&#8243;][\/et_pb_image][\/et_pb_column][\/et_pb_row][et_pb_row column_structure=&#8220;1_2,1_2&#8243; use_custom_gutter=&#8220;on&#8220; gutter_width=&#8220;1&#8243; _builder_version=&#8220;3.25.3&#8243; transform_scale_last_edited=&#8220;on|desktop&#8220; transform_translate=&#8220;2vw|0px&#8220; transform_translate_tablet=&#8220;0px|0px&#8220; transform_translate_last_edited=&#8220;on|desktop&#8220; transform_translate_linked=&#8220;off&#8220; transform_rotate_last_edited=&#8220;on|desktop&#8220; transform_skew_last_edited=&#8220;on|desktop&#8220; transform_origin_last_edited=&#8220;on|desktop&#8220; transform_styles_last_edited=&#8220;on|desktop&#8220; custom_padding=&#8220;0px||0px||true|&#8220; locked=&#8220;off&#8220; _i=&#8220;1&#8243; _address=&#8220;0.1&#8243;][et_pb_column type=&#8220;1_2&#8243; _builder_version=&#8220;3.25.3&#8243; custom_padding__hover=&#8220;|||&#8220; _i=&#8220;0&#8243; _address=&#8220;0.1.0&#8243;][et_pb_button button_url=&#8220;#&#8220; button_text=&#8220; Marcin Wasilewski Trio mit Joakim Milder | jazz&#8220; button_alignment=&#8220;right&#8220; button_text_last_edited=&#8220;on|tablet&#8220; button_alignment_tablet=&#8220;left&#8220; button_alignment_phone=&#8220;left&#8220; button_alignment_last_edited=&#8220;on|desktop&#8220; _builder_version=&#8220;3.27.2&#8243; custom_button=&#8220;on&#8220; button_text_size=&#8220;14px&#8220; button_text_color=&#8220;#ffffff&#8220; button_bg_color=&#8220;#f46aa0&#8243; button_bg_use_color_gradient=&#8220;on&#8220; button_bg_color_gradient_start=&#8220;#ffb397&#8243; button_bg_color_gradient_end=&#8220;#f46aa0&#8243; button_bg_color_gradient_direction=&#8220;90deg&#8220; button_border_width=&#8220;0px&#8220; button_border_radius=&#8220;0px&#8220; button_letter_spacing=&#8220;5px&#8220; button_font=&#8220;Open Sans|700||on|||||&#8220; button_use_icon=&#8220;off&#8220; box_shadow_style=&#8220;preset3&#8243; box_shadow_vertical=&#8220;14px&#8220; box_shadow_blur=&#8220;80px&#8220; box_shadow_color=&#8220;#680013&#8243; transform_scale_last_edited=&#8220;on|desktop&#8220; transform_translate=&#8220;0%|0%&#8220; transform_translate_tablet=&#8220;0%|0%&#8220; transform_translate_last_edited=&#8220;on|desktop&#8220; transform_translate_linked=&#8220;off&#8220; transform_rotate_last_edited=&#8220;on|desktop&#8220; transform_skew_last_edited=&#8220;on|desktop&#8220; transform_origin_last_edited=&#8220;on|desktop&#8220; transform_styles_last_edited=&#8220;on|desktop&#8220; custom_margin=&#8220;||0px&#8220; custom_margin_tablet=&#8220;||||false|false&#8220; custom_margin_phone=&#8220;|||0px|false|false&#8220; custom_margin_last_edited=&#8220;on|desktop&#8220; custom_padding=&#8220;30px|40px|30px|40px|true|true&#8220; z_index=&#8220;1&#8243; hover_enabled=&#8220;0&#8243; box_shadow_color_tablet=&#8220;#6d0014&#8243; box_shadow_color_last_edited=&#8220;off|tablet&#8220; locked=&#8220;off&#8220; transform_styles__hover_enabled=&#8220;on|hover&#8220; transform_scale__hover_enabled=&#8220;on&#8220; transform_translate__hover_enabled=&#8220;on|hover&#8220; transform_rotate__hover_enabled=&#8220;on&#8220; transform_skew__hover_enabled=&#8220;on&#8220; transform_origin__hover_enabled=&#8220;on&#8220; _i=&#8220;0&#8243; _address=&#8220;0.1.0.0&#8243; button_border_color=&#8220;rgba(0,0,0,0)&#8220; background_layout=&#8220;dark&#8220;][\/et_pb_button][\/et_pb_column][et_pb_column type=&#8220;1_2&#8243; _builder_version=&#8220;3.25.3&#8243; custom_padding__hover=&#8220;|||&#8220; _i=&#8220;1&#8243; _address=&#8220;0.1.1&#8243;][\/et_pb_column][\/et_pb_row][\/et_pb_section][et_pb_section fb_built=&#8220;1&#8243; admin_label=&#8220;Services&#8220; _builder_version=&#8220;3.25.3&#8243; background_color=&#8220;rgba(0,0,0,0)&#8220; custom_margin=&#8220;||27px|||&#8220; custom_padding=&#8220;43px||0px|||&#8220; z_index=&#8220;1&#8243; fb_built=&#8220;1&#8243; _i=&#8220;1&#8243; _address=&#8220;1&#8243;][et_pb_row custom_padding_last_edited=&#8220;on|phone&#8220; _builder_version=&#8220;3.27.2&#8243; background_color=&#8220;#ffffff&#8220; box_shadow_style=&#8220;preset3&#8243; box_shadow_vertical=&#8220;40px&#8220; box_shadow_blur=&#8220;80px&#8220; box_shadow_color=&#8220;rgba(131,146,167,0.15)&#8220; max_width=&#8220;660px&#8220; min_height=&#8220;950px&#8220; custom_margin=&#8220;-5vw|auto|32px|auto|false|false&#8220; custom_padding=&#8220;82px|60px|82px|60px|true|true&#8220; custom_padding_tablet=&#8220;60px||60px|40px|true&#8220; custom_padding_phone=&#8220;|20px||20px||true&#8220; _i=&#8220;0&#8243; _address=&#8220;1.0&#8243;][et_pb_column type=&#8220;4_4&#8243; _builder_version=&#8220;3.25.3&#8243; _i=&#8220;0&#8243; _address=&#8220;1.0.0&#8243;][et_pb_text _builder_version=&#8220;3.27.2&#8243; header_font=&#8220;||||||||&#8220; header_2_font=&#8220;Fjalla One||||||||&#8220; header_2_font_size=&#8220;33px&#8220; header_2_line_height=&#8220;1.2em&#8220; min_height=&#8220;79px&#8220; custom_margin=&#8220;-2px|||||&#8220; custom_padding=&#8220;||0px||false|false&#8220; header_2_font_size_tablet=&#8220;50px&#8220; header_2_font_size_phone=&#8220;30px&#8220; header_2_font_size_last_edited=&#8220;on|phone&#8220; locked=&#8220;off&#8220; _i=&#8220;0&#8243; _address=&#8220;1.0.0.0&#8243;]<\/p>\n<h2 style=\"text-align: left;\">Nov 17\u00a0 <span style=\"color: #ff5566;\"><span style=\"color: #f56ea0;\">20 UHR<\/span><br \/> <\/span><\/h2>\n<p>[\/et_pb_text][et_pb_text _builder_version=&#8220;3.27.2&#8243; text_font=&#8220;||||||||&#8220; text_font_size=&#8220;16px&#8220; text_line_height=&#8220;1.8em&#8220; link_font=&#8220;|700||on|||||&#8220; link_text_align=&#8220;right&#8220; link_text_color=&#8220;#ff9c7a&#8220; link_font_size=&#8220;12px&#8220; link_letter_spacing=&#8220;4px&#8220; header_font=&#8220;||||||||&#8220; header_3_font=&#8220;Fjalla One|||on|||||&#8220; header_3_font_size=&#8220;30px&#8220; header_3_letter_spacing=&#8220;10px&#8220; header_3_line_height=&#8220;1.2em&#8220; width_phone=&#8220;100%&#8220; width_last_edited=&#8220;off|phone&#8220; custom_margin=&#8220;||-1px|||&#8220; custom_padding=&#8220;||2px|||&#8220; header_3_font_size_tablet=&#8220;25px&#8220; header_3_font_size_phone=&#8220;20px&#8220; header_3_font_size_last_edited=&#8220;on|phone&#8220; _i=&#8220;1&#8243; _address=&#8220;1.0.0.1&#8243;]<\/p>\n<h3><span class=\"zielonybig\"><strong><\/strong><span class=\"weissBIG\"><strong> Marcin Wasilewski Trio mit Joakim Milde<\/strong> <\/span><span class=\"weissBIG\"> <\/span><\/span><\/h3>\n<p><span class=\"zielonybig\"><span class=\"weissBIG\"><strong><\/strong><\/span><\/span><\/p>\n<p><span class=\"zielonybig\"><span class=\"weissBIG\"><strong><\/strong><\/span><\/span><\/p>\n<p><span class=\"zielonybig\"><span class=\"weissBIG\"><strong><\/strong><\/span><\/span><\/p>\n<p><span style=\"color: #f56ea0;\"><strong><span class=\"_4n-j fsl\"><span class=\"text_exposed_show\"><span class=\"fsl\">Marcin Wasilewski \u2013 piano \/ Salwomir Kurkiewicz \u2013 double bass \/ Michael Miskiewicz \u2013 drums \/ Joakim Milder \u2013 saxophone<\/span><\/span><\/span><\/strong><\/span><\/p>\n<p>Gemeinsam mit dem schwedischen Saxophonisten Joakim Milder pr\u00e4sentiert das Marcin Wasilewski Trio sein aktuelles Album \u201eSpark of Life\u201c. In seiner Heimat Polen ist der Jazzpianist unumstritten der strahlendste Stern am Jazzfirmament, durch gemeinsame Projekte mit Manu Katch\u00e9 (ECM \u2013 Neighbourhood, Playground) und Tomasz Stanko (ECM \u2013 Soul of Things, Suspended Night, Lontano) ist Wasilewski inzwischen weit \u00fcber die Landesgrenzen hinaus bekannt. Mit Slawomir Kurkiewicz am Kontrabass und Michael Miskiewicz am Schlagzeug bildet Marcin Wasilewski eines der herausragenden zeitgen\u00f6ssischen Jazz-Ensembles. Auf eine au\u00dfergew\u00f6hnliche Weise verbindet es die gro\u00dfe Tradition seines Genres mit einem v\u00f6llig eigenst\u00e4ndigen Ton.<\/p>\n<p>Youtube: <a href=\"https:\/\/www.youtube.com\/watch?v=am0GP6CZgLo\" target=\"_blank\" rel=\"noopener noreferrer\">https:\/\/www.youtube.com\/watch?v=am0GP6CZgLo<\/a><\/p>\n<p> <strong>Tickets<a href=\"https:\/\/online-service2.nuernberg.de\/caruso\/bz-nuern\/anmeldungen.jsp\" target=\"_blank\" rel=\"noopener noreferrer\"><\/a><br \/> <span style=\"font-style: italic;\">Vorverkauf ab 20,80 Euro, Abendkasse \u00a0 22,00 Euro<\/span><\/strong><br \/> <a href=\"http:\/\/shop.reservix.de\/tickets-marcin-wasilewski-trio-with-joakim-milder-polenallergie-festival-2015-in-erlangen-e-werk-saal-am-17-11-2015\/e679114\" target=\"_blank\" rel=\"noopener noreferrer\"> online <\/a> oder an der Abendkasse<\/p>\n<p><strong><\/strong><strong>Veranstaltungsort:<br \/>Kulturzentrum<span class=\"zielony\"> E-Werk,<\/span> Fuchsenwiese 1, Erlangen<br \/><\/strong><\/p>\n<p><strong>Eine Kooperation mit dem Kulturzentrum im E-Werk<br \/> <\/strong><\/p>\n<p>[\/et_pb_text][\/et_pb_column][\/et_pb_row][\/et_pb_section]<\/p>\n","protected":false},"excerpt":{"rendered":"<p>Nov 17\u00a0 20 UHR Marcin Wasilewski Trio mit Joakim Milde Marcin Wasilewski \u2013 piano \/ Salwomir Kurkiewicz \u2013 double bass \/ Michael Miskiewicz \u2013 drums \/ Joakim Milder \u2013 saxophone Gemeinsam mit dem schwedischen Saxophonisten Joakim Milder pr\u00e4sentiert das Marcin Wasilewski Trio sein aktuelles Album \u201eSpark of Life\u201c. In seiner Heimat Polen ist der Jazzpianist [&hellip;]<\/p>\n","protected":false},"author":1,"featured_media":0,"parent":0,"menu_order":0,"comment_status":"closed","ping_status":"closed","template":"","meta":{"_et_pb_use_builder":"on","_et_pb_old_content":"","_et_gb_content_width":""},"_links":{"self":[{"href":"https:\/\/www.polenallergie.de\/index.php\/wp-json\/wp\/v2\/pages\/986"}],"collection":[{"href":"https:\/\/www.polenallergie.de\/index.php\/wp-json\/wp\/v2\/pages"}],"about":[{"href":"https:\/\/www.polenallergie.de\/index.php\/wp-json\/wp\/v2\/types\/page"}],"author":[{"embeddable":true,"href":"https:\/\/www.polenallergie.de\/index.php\/wp-json\/wp\/v2\/users\/1"}],"replies":[{"embeddable":true,"href":"https:\/\/www.polenallergie.de\/index.php\/wp-json\/wp\/v2\/comments?post=986"}],"version-history":[{"count":3,"href":"https:\/\/www.polenallergie.de\/index.php\/wp-json\/wp\/v2\/pages\/986\/revisions"}],"predecessor-version":[{"id":992,"href":"https:\/\/www.polenallergie.de\/index.php\/wp-json\/wp\/v2\/pages\/986\/revisions\/992"}],"wp:attachment":[{"href":"https:\/\/www.polenallergie.de\/index.php\/wp-json\/wp\/v2\/media?parent=986"}],"curies":[{"name":"wp","href":"https:\/\/api.w.org\/{rel}","templated":true}]}}